{"id":37530,"date":"2025-09-08T19:33:18","date_gmt":"2025-09-08T17:33:18","guid":{"rendered":"https:\/\/www.curling.cz\/?page_id=37530"},"modified":"2026-04-01T17:45:18","modified_gmt":"2026-04-01T15:45:18","slug":"praguecircles2026","status":"publish","type":"page","link":"https:\/\/www.curling.cz\/en\/praguecircles2026\/","title":{"rendered":"Prague Circles 2026"},"content":{"rendered":"<p style=\"text-align: center;\"><strong><a href=\"https:\/\/www.curling.cz\/en\/csc-competitions\/cjct\/\">Central Junior Curling Tour<\/a> Event<\/strong><br \/>\nPrague, <a href=\"https:\/\/www.curling.cz\/hala-roztyly\/\">Roztyly<\/a><\/p>\n<p style=\"text-align: center;\"><strong>March 20th\u201422nd, 2026<\/strong><\/p>\n<h3 style=\"text-align: center;\"><a href=\"https:\/\/www.curling.cz\/en\/praguecircles2026\/\"><strong>\u2192<\/strong> \u010desky<\/a><\/h3>\n<p style=\"text-align: center;\">\ud83d\udcfaThe live stream will be available at youtube channel <a href=\"https:\/\/www.youtube.com\/@CeskyCurling\" target=\"_blank\" rel=\"noopener\">@CeskyCurling<\/a>. All games can be found in this <a href=\"https:\/\/www.youtube.com\/playlist?list=PLVSUByQoevVqQnQatOy-MTEmfwt_o9GDc\" target=\"_blank\" rel=\"noopener\">playlist<\/a>.<\/p>\n<h3 style=\"text-align: center;\">Final standings of Prague Circles 2026<\/h3>\n<p style=\"text-align: center;\">\ud83e\udd47Team S\u00fcdtirol<br \/>\n\ud83e\udd48Kolibris NEO<br \/>\n\ud83e\udd49Ledost\u0159elci<br \/>\n4. Team Fuss<br \/>\n5. Team Ko\u010devar<br \/>\n6. Ledost\u0159elky<br \/>\n7. Team Aufdenblatten<br \/>\n8. Team Lang<br \/>\n9. Kiwibrizz<br \/>\n10. PLC 2<br \/>\n11. Team Krapez<br \/>\n12. PLC 1<br \/>\n13. Team 1. SCV Geising<\/p>\n<p>&nbsp;<\/p>\n<p style=\"text-align: center;\">CJCT final standings can be found <a href=\"https:\/\/www.curling.cz\/en\/cjct2026\/\">here<\/a>.<\/p>\n<p>&nbsp;<\/p>\n<hr \/>\n<h3 style=\"text-align: center;\">Schedule<\/h3>\n<h4 style=\"text-align: center;\">Playoff<\/h4>\n<p style=\"text-align: center;\"><a href=\"https:\/\/www.youtube.com\/live\/FOCBUiWNHfM?si=f2m2zn_ptaxzhfk-\" target=\"_blank\" rel=\"noopener\"><strong>final game &amp; bronze game \u2013 sunday 12.30<\/strong><\/a><\/p>\n<p style=\"text-align: center;\"><a href=\"https:\/\/www.youtube.com\/live\/PMATrCqtRkQ?si=4box8kYDz-1R31Mm\" target=\"_blank\" rel=\"noopener\"><strong>semifinals \u2013 sunday 9.15<\/strong><\/a><\/p>\n<p style=\"text-align: center;\"><a href=\"https:\/\/www.youtube.com\/live\/qzEwr-sVUrw?si=C5rxu45_1HI-k3Ip\" target=\"_blank\" rel=\"noopener\"><strong>quarterfinals \u2013 saturday 19.45<\/strong><\/a><\/p>\n<h4 style=\"text-align: center;\">Round robin<\/h4>\n<p style=\"text-align: center;\"><a href=\"https:\/\/www.youtube.com\/live\/i9VJoTpNAyU?si=5-0FTG0kGwHvEtH3\" target=\"_blank\" rel=\"noopener\"><strong>round 9 \u2013 saturday 17.00<br \/>\n<\/strong><\/a>Kiwibrizz \u2014 Ledost\u0159elky<br \/>\nTeam Ko\u010devar \u2014 Team 1. SCV Geising<\/p>\n<p style=\"text-align: center;\"><a href=\"https:\/\/www.youtube.com\/live\/2kLzh99_sqA?si=KwjVTX_Up9DGRVae\" target=\"_blank\" rel=\"noopener\"><strong>round 8 \u2013 saturday 14.15<br \/>\n<\/strong><\/a>PLC 1 \u2014 Ledost\u0159elci<br \/>\nTeam Aufdenblatten \u2014 Team Lang<br \/>\nTeam Fuss \u2014 Team Krapez<\/p>\n<p style=\"text-align: center;\"><a href=\"https:\/\/www.youtube.com\/live\/kX1nTqelo58?si=b3CedITjslU5XTcQ\" target=\"_blank\" rel=\"noopener\"><strong>round 7 \u2013 saturday 11.00<br \/>\n<\/strong><\/a>Team 1. SCV Geising \u2014 Kiwibrizz<br \/>\nLedost\u0159elky \u2014 Team S\u00fcdtirol<\/p>\n<p style=\"text-align: center;\"><a href=\"https:\/\/www.youtube.com\/live\/XxjfmLDV5hs?si=wjtDhaYIK-DcJAlA\" target=\"_blank\" rel=\"noopener\"><strong>round 6 \u2013 saturday 8.15<br \/>\n<\/strong><\/a>Kolibris NEO \u2014 PLC 2<br \/>\nLedost\u0159elci \u2014 Team Krapez<\/p>\n<p style=\"text-align: center;\"><a href=\"https:\/\/youtube.com\/live\/n5KyzSapNEQ?feature=share\" target=\"_blank\" rel=\"noopener\"><strong>round 5 \u2013 friday 19.45<br \/>\n<\/strong><\/a>Team S\u00fcdtirol \u2014 Team Ko\u010devar<br \/>\nLedost\u0159elky \u2014 Team 1. SCV Geising<br \/>\nPLC 1 \u2014 Team Fuss<\/p>\n<p style=\"text-align: center;\"><a href=\"https:\/\/youtube.com\/live\/QpJxAKlSGIs?feature=share\" target=\"_blank\" rel=\"noopener\"><strong>round 4 \u2013 friday 17.00<br \/>\n<\/strong><\/a>Kolibris NEO \u2014 Team Aufdenblatten<br \/>\nPLC 2 \u2014 Team Lang<\/p>\n<p style=\"text-align: center;\"><a href=\"https:\/\/youtube.com\/live\/FUXEZusO_Jg?feature=share\" target=\"_blank\" rel=\"noopener\"><strong>round 3 \u2013 friday 14.15<br \/>\n<\/strong><\/a>Kiwibrizz \u2014 Team S\u00fcdtirol<br \/>\nTeam Fuss \u2014 Ledost\u0159elci<br \/>\nTeam Ko\u010devar \u2014 Ledost\u0159elky<\/p>\n<p style=\"text-align: center;\"><a href=\"https:\/\/youtube.com\/live\/iQqStnJeYlg?feature=share\" target=\"_blank\" rel=\"noopener\"><strong>round 2 \u2013 friday 11.00<br \/>\n<\/strong><\/a>PLC 2 \u2014 Team Aufdenblatten<br \/>\nTeam Lang \u2014 Kolibris NEO<\/p>\n<p style=\"text-align: center;\"><a href=\"https:\/\/youtube.com\/live\/ryke07LHZfw?feature=share\" target=\"_blank\" rel=\"noopener\"><strong>round 1 \u2013 friday 8.15<\/strong><\/a><br \/>\nTeam Krapez \u2014 PLC 1<br \/>\nTeam Ko\u010devar \u2014 Kiwibrizz<br \/>\nTeam S\u00fcdtirol \u2014 Team 1. SCV Geising<\/p>\n<p>&nbsp;<\/p>\n<h3 style=\"text-align: center;\">Teams<\/h3>\n<p style=\"text-align: center;\"><strong>group A<\/strong><br \/>\nTeam Fuss<sup> GER<\/sup><br \/>\nLedost\u0159elci<sup> CZE<\/sup><br \/>\nTeam Krapez<sup> SLO<\/sup><br \/>\nPLC 1<sup> CZE<\/sup><\/p>\n<p style=\"text-align: center;\"><strong>group B<\/strong><br \/>\nTeam Lang<sup> GER<\/sup><br \/>\nKolibris NEO<sup> CZE<\/sup><br \/>\nPLC 2<sup> CZE<\/sup><br \/>\nTeam Aufdenblatten<sup> SUI<\/sup><\/p>\n<p style=\"text-align: center;\"><strong>group C<\/strong><br \/>\nTeam Ko\u010devar SLO<br \/>\nKiwibrizz<sup> CZE<\/sup><br \/>\nTeam S\u00fcdtirol<sup> ITA<\/sup><br \/>\nTeam 1. SCV Geising<sup> GER<\/sup><br \/>\nLedost\u0159elky<sup> CZE<\/sup><\/p>\n<p>&nbsp;<\/p>\n<h3 style=\"text-align: center;\">Prize money<\/h3>\n<p style=\"text-align: center;\">To be awarded for each tournament as well as for overall ranking (2000 \u20ac in total + HARDLINE partnership)<\/p>\n<p>&nbsp;<\/p>\n<h3 style=\"text-align: center;\">Contact<\/h3>\n<p style=\"text-align: center;\">Lenka Hronov\u00e1<br \/>\ntournaments@curling.cz<br \/>\nijcl.prague@gmail.com<br \/>\n+420774110329<\/p>\n<h3 style=\"text-align: center;\">Partners<\/h3>\n<p style=\"text-align: center;\"><img decoding=\"async\" class=\"aligncenter wp-image-37546 size-full\" src=\"https:\/\/www.curling.cz\/wp-content\/uploads\/2025\/09\/hardline-curling-logo.png\" alt=\"\" width=\"248\" height=\"100\"><\/p>\n","protected":false},"excerpt":{"rendered":"<p>Central Junior Curling Tour Event Prague, Roztyly March 20th\u201422nd, 2026 \u2192 \u010desky \ud83d\udcfaThe live stream will be available at youtube channel @CeskyCurling. All games can be found in this playlist. Final standings of Prague Circles 2026 \ud83e\udd47Team S\u00fcdtirol \ud83e\udd48Kolibris NEO \ud83e\udd49Ledost\u0159elci 4. Team Fuss 5. Team Ko\u010devar 6. Ledost\u0159elky 7. Team Aufdenblatten 8. Team Lang [&hellip;]<\/p>\n","protected":false},"author":3,"featured_media":0,"parent":0,"menu_order":0,"comment_status":"closed","ping_status":"closed","template":"","meta":{"_acf_changed":false,"footnotes":""},"class_list":["post-37530","page","type-page","status-publish","hentry"],"acf":[],"_links":{"self":[{"href":"https:\/\/www.curling.cz\/en\/wp-json\/wp\/v2\/pages\/37530","targetHints":{"allow":["GET"]}}],"collection":[{"href":"https:\/\/www.curling.cz\/en\/wp-json\/wp\/v2\/pages"}],"about":[{"href":"https:\/\/www.curling.cz\/en\/wp-json\/wp\/v2\/types\/page"}],"author":[{"embeddable":true,"href":"https:\/\/www.curling.cz\/en\/wp-json\/wp\/v2\/users\/3"}],"replies":[{"embeddable":true,"href":"https:\/\/www.curling.cz\/en\/wp-json\/wp\/v2\/comments?post=37530"}],"version-history":[{"count":17,"href":"https:\/\/www.curling.cz\/en\/wp-json\/wp\/v2\/pages\/37530\/revisions"}],"predecessor-version":[{"id":37532,"href":"https:\/\/www.curling.cz\/en\/wp-json\/wp\/v2\/pages\/37530\/revisions\/37532"}],"wp:attachment":[{"href":"https:\/\/www.curling.cz\/en\/wp-json\/wp\/v2\/media?parent=37530"}],"curies":[{"name":"wp","href":"https:\/\/api.w.org\/{rel}","templated":true}]}}