{"id":37003,"date":"2025-06-19T13:58:18","date_gmt":"2025-06-19T11:58:18","guid":{"rendered":"https:\/\/www.curling.cz\/?page_id=37003"},"modified":"2026-04-15T14:06:53","modified_gmt":"2026-04-15T12:06:53","slug":"mdtrophy2026","status":"publish","type":"page","link":"https:\/\/www.curling.cz\/en\/mdtrophy2026\/","title":{"rendered":"WCT Mixed Doubles Prague Trophy 2026"},"content":{"rendered":"<p style=\"text-align: center;\">5th edition of World Curling Tour WCT 200 Event<br \/>\nPrague, <a href=\"https:\/\/www.curling.cz\/hala-roztyly\/\">Roztyly<\/a><\/p>\n<p style=\"text-align: center;\"><strong>April 9th\u201412th, 2026<\/strong><\/p>\n<h3 style=\"text-align: center;\"><a href=\"\/mdtrophy2026\"><strong>\u2192<\/strong> \u010desky<\/a><\/h3>\n<p style=\"text-align: center;\">Tournament features 20 teams. Four groups of six teams each, playing in a round-robin format. The top two teams from each group will advance to the quarterfinals.<\/p>\n<p style=\"text-align: center;\">\ud83d\udcfawatch stream following all games at <a href=\"https:\/\/www.youtube.com\/@CeskyCurling\" target=\"_blank\" rel=\"noopener\">Czech Curling youtube account<\/a> (@CeskyCurling). Whole event will be made available in this <a href=\"https:\/\/youtube.com\/playlist?list=PLVSUByQoevVqEuHqpMfWx4AHMw8t37Pm-&amp;si=SzXGcreOP1PFyC93\" target=\"_blank\" rel=\"noopener\">playlist<\/a>.<\/p>\n<h3 style=\"text-align: center;\">Final standings<\/h3>\n<p style=\"text-align: center;\">\ud83e\udd47Zelingrov\u00e1 \/ Chabi\u010dovsk\u00fd CZE<br \/>\n\ud83e\udd48Farkov\u00e1 \/ Jakl CZE<br \/>\n\ud83e\udd49Udvardi-Palancsa \/ Tat\u00e1r HUN<br \/>\n4. Cihl\u00e1\u0159ov\u00e1 \/ Macek CZE<br \/>\n5. Kaldvee \/ Lill EST<br \/>\n6. Barbarin \/ Coulot FRA<br \/>\n7. Hor\u00e1kov\u00e1 \/ Hor\u00e1k CZE<br \/>\n8. Devaux \/ Devaux SUI<\/p>\n<p><a href=\"https:\/\/www.curling.cz\/wp-content\/uploads\/2026\/04\/B51A5193.jpg\"><img fetchpriority=\"high\" decoding=\"async\" class=\"aligncenter wp-image-41292 size-large\" src=\"https:\/\/www.curling.cz\/wp-content\/uploads\/2026\/04\/B51A5193-1024x640.jpg\" alt=\"\" width=\"800\" height=\"500\" srcset=\"https:\/\/www.curling.cz\/wp-content\/uploads\/2026\/04\/B51A5193-1024x640.jpg 1024w, https:\/\/www.curling.cz\/wp-content\/uploads\/2026\/04\/B51A5193-300x188.jpg 300w, https:\/\/www.curling.cz\/wp-content\/uploads\/2026\/04\/B51A5193-768x480.jpg 768w, https:\/\/www.curling.cz\/wp-content\/uploads\/2026\/04\/B51A5193.jpg 1200w\" sizes=\"(max-width: 800px) 100vw, 800px\" \/><\/a><\/p>\n<hr \/>\n<h3 style=\"text-align: center;\">Results<\/h3>\n<p style=\"text-align: center;\">Linescores can be found <a href=\"https:\/\/worldcurlingtour.org\/md\/event\/1071\" target=\"_blank\" rel=\"noopener\">here<\/a>.<\/p>\n<p style=\"text-align: center;\"><b>Play off<\/b><\/p>\n<p style=\"text-align: center;\"><a href=\"https:\/\/www.youtube.com\/live\/LdbXIyQ0aqw?is=N7XcoMbsN-t6inXZ\" target=\"_blank\" rel=\"noopener\"><strong>final games \u2013 sunday 14.30<\/strong><br \/>\n<\/a>final game: Farkov\u00e1 \/ Jakl <strong>2:8<\/strong> <span style=\"text-decoration: underline;\">Zelingrov\u00e1 \/ Chabi\u010dovsk\u00fd<\/span><br \/>\nbronze game: Cihl\u00e1\u0159ov\u00e1 \/ Macek <strong>1:9<\/strong> <span style=\"text-decoration: underline;\">Udvardi-Palancsa \/ Tat\u00e1r<\/span><\/p>\n<p style=\"text-align: center;\"><a href=\"https:\/\/www.youtube.com\/live\/sQzcalJtCzU?is=Yl-l3-7mKdxkfvYl\" target=\"_blank\" rel=\"noopener\"><strong>semifinal \u2013 sunday 11.30<\/strong><br \/>\n<\/a><span style=\"text-decoration: underline;\">Zelingrov\u00e1 \/ Chabi\u010dovsk\u00fd<\/span> <strong>7:6<\/strong> Udvardi-Palancsa \/ Tat\u00e1r<br \/>\nCihl\u00e1\u0159ov\u00e1 \/ Macek <strong>4:6<\/strong> <span style=\"text-decoration: underline;\">Farkov\u00e1 \/ Jakl<\/span><br \/>\n5th place game: Barbarin \/ Coulot <strong>5:8<\/strong> <span style=\"text-decoration: underline;\">Kaldvee \/ Lill<\/span><br \/>\n7th place game: <span style=\"text-decoration: underline;\">Hor\u00e1kov\u00e1 \/ Hor\u00e1k<\/span> <strong>W:L<\/strong> Devaux \/ Devaux<\/p>\n<p style=\"text-align: center;\"><a href=\"https:\/\/www.youtube.com\/live\/9QcVJJTotm0?is=iyNfyVA-mSH6kbNe\" target=\"_blank\" rel=\"noopener\"><strong>quarterfinals \u2013 sunday 8.30<\/strong><br \/>\n<\/a><span style=\"text-decoration: underline;\">Udvardi-Palancsa \/ Tat\u00e1r<\/span> <strong>7:2<\/strong> Hor\u00e1kov\u00e1 \/ Hor\u00e1k<br \/>\nKaldvee \/ Lill <strong>7:8<\/strong> <span style=\"text-decoration: underline;\">Cihl\u00e1\u0159ov\u00e1 \/ Macek<\/span><br \/>\n<span style=\"text-decoration: underline;\">Farkov\u00e1 \/ Jakl<\/span> <strong>7:2<\/strong> Barbarin \/ Coulot<br \/>\n<span style=\"text-decoration: underline;\">Zelingrov\u00e1 \/ Chabi\u010dovsk\u00fd<\/span> <strong>12:2<\/strong> Devaux \/ Devaux<\/p>\n<p>&nbsp;<\/p>\n<p style=\"text-align: center;\"><strong>Round Robin<\/strong><\/p>\n<table class=\" aligncenter\" style=\"border-collapse: collapse; width: 98.2162%; height: 264px;\">\n<tbody>\n<tr style=\"height: 24px;\">\n<td style=\"width: 16.3956%; text-align: center; height: 24px;\" colspan=\"2\"><span style=\"font-size: 8pt;\">group A<\/span><\/td>\n<td style=\"width: 25.4197%; text-align: center; height: 24px;\" colspan=\"2\"><span style=\"font-size: 8pt;\">group B<\/span><\/td>\n<td style=\"width: 24.4754%; text-align: center; height: 24px;\" colspan=\"2\"><span style=\"font-size: 8pt;\">group C<\/span><\/td>\n<td style=\"width: 25%; text-align: center; height: 24px;\" colspan=\"2\"><span style=\"font-size: 8pt;\">group<\/span> D<\/td>\n<\/tr>\n<tr style=\"height: 48px;\">\n<td style=\"width: 12.5%; text-align: right; height: 48px;\"><span style=\"font-size: 8pt;\">Barbarin \/ Coulot\u00a0<\/span><\/td>\n<td style=\"width: 3.89559%; text-align: left; height: 48px;\"><span style=\"font-size: 8pt;\">3:1<\/span><\/td>\n<td style=\"width: 21.1044%; text-align: right; height: 48px;\"><span style=\"font-size: 8pt;\">Kaldvee \/ Lill<\/span><\/td>\n<td style=\"width: 4.31532%; text-align: left; height: 48px;\"><span style=\"font-size: 8pt;\">4:0<\/span><\/td>\n<td style=\"width: 20.6847%; text-align: right; height: 48px;\"><span style=\"font-size: 8pt;\">Zelingrov\u00e1 \/ Chabi\u010dovsk\u00fd<\/span><\/td>\n<td style=\"width: 3.79066%; text-align: left; height: 48px;\"><span style=\"font-size: 8pt;\">4:0<\/span><\/td>\n<td style=\"width: 21.2093%; text-align: right; height: 48px;\"><span style=\"font-size: 8pt;\">Udvardi-Palancsa \/ Tat\u00e1r\u00a0<\/span><\/td>\n<td style=\"width: 3.79066%; text-align: left; height: 48px;\"><span style=\"font-size: 8pt;\">3:1<\/span><\/td>\n<\/tr>\n<tr style=\"height: 48px;\">\n<td style=\"width: 12.5%; text-align: right; height: 48px;\"><span style=\"font-size: 8pt;\">Farkov\u00e1 \/ Jakl<\/span><\/td>\n<td style=\"width: 3.89559%; text-align: left; height: 48px;\"><span style=\"font-size: 8pt;\">3:1<\/span><\/td>\n<td style=\"width: 21.1044%; text-align: right; height: 48px;\"><span style=\"font-size: 8pt;\">Devaux \/ Devaux\u00a0<\/span><\/td>\n<td style=\"width: 4.31532%; text-align: left; height: 48px;\"><span style=\"font-size: 8pt;\">2:2<\/span><\/td>\n<td style=\"width: 20.6847%; text-align: right; height: 48px;\"><span style=\"font-size: 8pt;\">Hor\u00e1kov\u00e1 \/ Hor\u00e1k\u00a0<\/span><\/td>\n<td style=\"width: 3.79066%; text-align: left; height: 48px;\"><span style=\"font-size: 8pt;\">3:1<\/span><\/td>\n<td style=\"width: 21.2093%; text-align: right; height: 48px;\"><span style=\"font-size: 8pt;\">Cihl\u00e1\u0159ov\u00e1 \/ Macek\u00a0<\/span><\/td>\n<td style=\"width: 3.79066%; text-align: left; height: 48px;\"><span style=\"font-size: 8pt;\">2:2<\/span><\/td>\n<\/tr>\n<tr style=\"height: 48px;\">\n<td style=\"width: 12.5%; text-align: right; height: 48px;\"><span style=\"font-size: 8pt;\">Pint\u00e9r \/ Kiss<\/span><\/td>\n<td style=\"width: 3.89559%; text-align: left; height: 48px;\"><span style=\"font-size: 8pt;\">2:2<\/span><\/td>\n<td style=\"width: 21.1044%; text-align: right; height: 48px;\"><span style=\"font-size: 8pt;\">Augustin \/ Reichel<\/span><\/td>\n<td style=\"width: 4.31532%; text-align: left; height: 48px;\"><span style=\"font-size: 8pt;\">2:2<\/span><\/td>\n<td style=\"width: 20.6847%; text-align: right; height: 48px;\"><span style=\"font-size: 8pt;\">Li \/ Yu\u00a0<\/span><\/td>\n<td style=\"width: 3.79066%; text-align: left; height: 48px;\"><span style=\"font-size: 8pt;\">2:2<\/span><\/td>\n<td style=\"width: 21.2093%; text-align: right; height: 48px;\"><span style=\"font-size: 8pt;\">Oliv\u00e1n \/ Mingorance\u00a0<\/span><\/td>\n<td style=\"width: 3.79066%; text-align: left; height: 48px;\"><span style=\"font-size: 8pt;\">2:2<\/span><\/td>\n<\/tr>\n<tr style=\"height: 48px;\">\n<td style=\"width: 12.5%; text-align: right; height: 48px;\"><span style=\"font-size: 8pt;\">Kl\u00edmov\u00e1 \/ Kl\u00edma\u00a0<\/span><\/td>\n<td style=\"width: 3.89559%; text-align: left; height: 48px;\"><span style=\"font-size: 8pt;\">2:2<\/span><\/td>\n<td style=\"width: 21.1044%; text-align: right; height: 48px;\"><span style=\"font-size: 8pt;\">Waye \/ Retchless\u00a0<\/span><\/td>\n<td style=\"width: 4.31532%; text-align: left; height: 48px;\"><span style=\"font-size: 8pt;\">1:3<\/span><\/td>\n<td style=\"width: 20.6847%; text-align: right; height: 48px;\"><span style=\"font-size: 8pt;\">Dencs\u0151-K\u00e1rp\u00e1ti<\/span><\/td>\n<td style=\"width: 3.79066%; text-align: left; height: 48px;\"><span style=\"font-size: 8pt;\">1:3<\/span><\/td>\n<td style=\"width: 21.2093%; text-align: right; height: 48px;\"><span style=\"font-size: 8pt;\">Moskalenko \/ Suhak\u00a0<\/span><\/td>\n<td style=\"width: 3.79066%; text-align: left; height: 48px;\"><span style=\"font-size: 8pt;\">2:2<\/span><\/td>\n<\/tr>\n<tr style=\"height: 48px;\">\n<td style=\"width: 12.5%; text-align: right; height: 48px;\"><span style=\"font-size: 8pt;\">Kononenko \/ Shchur\u00a0<\/span><\/td>\n<td style=\"width: 3.89559%; text-align: left; height: 48px;\"><span style=\"font-size: 8pt;\">0:4<\/span><\/td>\n<td style=\"width: 21.1044%; text-align: right; height: 48px;\"><span style=\"font-size: 8pt;\">Krupi\u010dkov\u00e1 \/ Blaha\u00a0<\/span><\/td>\n<td style=\"width: 4.31532%; text-align: left; height: 48px;\"><span style=\"font-size: 8pt;\">1:3<\/span><\/td>\n<td style=\"width: 20.6847%; text-align: right; height: 48px;\"><span style=\"font-size: 8pt;\">Wittibschlager \/ Kramlinger<\/span><\/td>\n<td style=\"width: 3.79066%; text-align: left; height: 48px;\"><span style=\"font-size: 8pt;\">0:4<\/span><\/td>\n<td style=\"width: 21.2093%; text-align: right; height: 48px;\"><span style=\"font-size: 8pt;\">Walter \/ Lutaud\u00a0<\/span><\/td>\n<td style=\"width: 3.79066%; text-align: left; height: 48px;\"><span style=\"font-size: 8pt;\">1:3<\/span><\/td>\n<\/tr>\n<\/tbody>\n<\/table>\n<p>&nbsp;<\/p>\n<p style=\"text-align: center;\"><a href=\"https:\/\/www.youtube.com\/live\/R3NyzuHZ8oU?is=yqPIez-BM5CSlVlL\" target=\"_blank\" rel=\"noopener\"><strong>round 12 \u2013 saturday 19.00<\/strong><\/a><br \/>\n<span style=\"text-decoration: underline;\">Moskalenko \/ Suhak<\/span> <strong>9:8<\/strong> Walter \/ Lutaud<br \/>\n<span style=\"text-decoration: underline;\">Li \/ Yu<\/span> <strong>8:3<\/strong> Dencs\u0151-K\u00e1rp\u00e1ti<\/p>\n<p style=\"text-align: center;\"><a href=\"https:\/\/www.youtube.com\/live\/J_v-naPL78Q?is=XV6DQahzUeMRa_xd\" target=\"_blank\" rel=\"noopener\"><strong>round 11 \u2013 saturday 16.30<\/strong><\/a><br \/>\nWaye \/ Retchless <strong>7:12<\/strong> <span style=\"text-decoration: underline;\">Devaux \/ Devaux<\/span><br \/>\nWittibschlager \/ Kramlinger <strong>2:10<\/strong> <span style=\"text-decoration: underline;\">Hor\u00e1kov\u00e1 \/ Hor\u00e1k<\/span><br \/>\nKononenko \/ Shchur <strong>6:7<\/strong> <span style=\"text-decoration: underline;\">Barbarin \/ Coulot<\/span><\/p>\n<p style=\"text-align: center;\"><a href=\"https:\/\/www.youtube.com\/live\/OMchwXRjIcI?is=M-gTb5xhyufAQ7Qp\" target=\"_blank\" rel=\"noopener\"><strong>round 10 \u2013 saturday 14.00<\/strong><\/a><br \/>\n<span style=\"text-decoration: underline;\">Oliv\u00e1n \/ Mingorance<\/span> <strong>11:5<\/strong> Walter \/ Lutaud<br \/>\nUdvardi-Palancsa \/ Tat\u00e1r <strong>6:7<\/strong> <span style=\"text-decoration: underline;\">Moskalenko \/ Suhak<\/span><br \/>\nDencs\u0151-K\u00e1rp\u00e1ti <strong>3:7<\/strong> <span style=\"text-decoration: underline;\">Zelingrov\u00e1 \/ Chabi\u010dovsk\u00fd<\/span><\/p>\n<p style=\"text-align: center;\"><a href=\"https:\/\/www.youtube.com\/live\/02uT8lO9xFM?si=cioaRbjSWgzI5ZAk\" target=\"_blank\" rel=\"noopener\"><strong>round 9 \u2013 saturday 11.00<\/strong><\/a><br \/>\nKononenko \/ Shchur <strong>2:7<\/strong> <span style=\"text-decoration: underline;\">Farkov\u00e1 \/ Jakl<\/span><br \/>\n<span style=\"text-decoration: underline;\">Hor\u00e1kov\u00e1 \/ Hor\u00e1k<\/span> <strong>8:4<\/strong> Li \/ Yu<br \/>\n<span style=\"text-decoration: underline;\">Kaldvee \/ Lill<\/span> <strong>8:2<\/strong> Augustin \/ Reichel<br \/>\nDevaux \/ Devaux <strong>4:7<\/strong> <span style=\"text-decoration: underline;\">Krupi\u010dkov\u00e1 \/ Blaha<\/span><\/p>\n<p style=\"text-align: center;\"><a href=\"https:\/\/www.youtube.com\/live\/KTzuFaxTnoE?si=RREgPUCTFyguI4-X\" target=\"_blank\" rel=\"noopener\"><strong>round 8 \u2013 saturday 8.30<\/strong><\/a><br \/>\nMoskalenko \/ Suhak <strong>3:8<\/strong> <span style=\"text-decoration: underline;\">Oliv\u00e1n \/ Mingorance<\/span><br \/>\nKl\u00edmov\u00e1 \/ Kl\u00edma <strong>5:6<\/strong> <span style=\"text-decoration: underline;\">Pint\u00e9r \/ Kiss<\/span><br \/>\n<span style=\"text-decoration: underline;\">Udvardi-Palancsa \/ Tat\u00e1r<\/span> <strong>7:6<\/strong> Cihl\u00e1\u0159ov\u00e1 \/ Macek<\/p>\n<p style=\"text-align: center;\"><a href=\"https:\/\/www.youtube.com\/live\/6NMoZhmk_QA?si=rmFrDO6JcFJ-f2KI\" target=\"_blank\" rel=\"noopener\"><strong>round 7 \u2013 friday 19.00<\/strong><\/a><br \/>\nKrupi\u010dkov\u00e1 \/ Blaha <strong>5:6<\/strong> <span style=\"text-decoration: underline;\">Waye \/ Retchless<\/span><br \/>\nFarkov\u00e1 \/ Jakl <strong>2:9<\/strong> <span style=\"text-decoration: underline;\">Barbarin \/ Coulot<\/span><br \/>\n<span style=\"text-decoration: underline;\">Zelingrov\u00e1 \/ Chabi\u010dovsk\u00fd<\/span> <strong>9:1<\/strong> Wittibschlager \/ Kramlinger<br \/>\nDencs\u0151-K\u00e1rp\u00e1ti <strong>5:6<\/strong> <span style=\"text-decoration: underline;\">Hor\u00e1kov\u00e1 \/ Hor\u00e1k<\/span><\/p>\n<p style=\"text-align: center;\"><a href=\"https:\/\/www.youtube.com\/live\/OQU0zqrSLZ8?si=_OQzHf9PlfyNsIht\" target=\"_blank\" rel=\"noopener\"><strong>round 6 \u2013 friday 16.30<\/strong><\/a><br \/>\nAugustin \/ Reichel <strong>4:8<\/strong> <span style=\"text-decoration: underline;\">Devaux \/ Devaux<\/span><br \/>\n<span style=\"text-decoration: underline;\">Cihl\u00e1\u0159ov\u00e1 \/ Macek<\/span> <strong>9:6<\/strong> Moskalenko \/ Suhak<br \/>\n<span style=\"text-decoration: underline;\">Pint\u00e9r \/ Kiss<\/span> <strong>10:4<\/strong> Kononenko \/ Shchur<\/p>\n<p style=\"text-align: center;\"><a href=\"https:\/\/www.youtube.com\/live\/T17gip9Af-M?si=Cy1mcUCj_d3iz3rV\" target=\"_blank\" rel=\"noopener\"><strong>round 5 \u2013 friday 14.00<br \/>\n<\/strong><\/a><span style=\"text-decoration: underline;\">Li \/ Yu<\/span> <strong>9:1<\/strong> Wittibschlager \/ Kramlinger<br \/>\nBarbarin \/ Coulot <strong>6:9<\/strong> <span style=\"text-decoration: underline;\">Kl\u00edmov\u00e1 \/ Kl\u00edma<\/span><br \/>\nWaye \/ Retchless <strong>2:11<\/strong> <span style=\"text-decoration: underline;\">Kaldvee \/ Lill<\/span><strong><br \/>\n<\/strong><\/p>\n<p style=\"text-align: center;\"><a href=\"https:\/\/www.youtube.com\/live\/g90doeiPpWc?si=iRD5_V5zSChTJBTe\" target=\"_blank\" rel=\"noopener\"><strong>round 4 \u2013 friday 11.00<\/strong><\/a><br \/>\n<span style=\"text-decoration: underline;\">Walter \/ Lutaud<\/span> <strong>8:7<\/strong> Cihl\u00e1\u0159ov\u00e1 \/ Macek<br \/>\nOliv\u00e1n \/ Mingorance <strong>3:10<\/strong> <span style=\"text-decoration: underline;\">Udvardi-Palancsa \/ Tat\u00e1r<\/span><br \/>\n<span style=\"text-decoration: underline;\">Farkov\u00e1 \/ Jakl<\/span> <strong>9:5<\/strong> Pint\u00e9r \/ Kiss<br \/>\nKrupi\u010dkov\u00e1 \/ Blaha <strong>5:7<\/strong> <span style=\"text-decoration: underline;\">Augustin \/ Reichel<\/span><\/p>\n<p style=\"text-align: center;\"><a href=\"https:\/\/www.youtube.com\/live\/nxZ4RShsO0Y?si=6AhG2Zsms6S4EamS\" target=\"_blank\" rel=\"noopener\"><strong>round 3 \u2013 friday 8.30<\/strong><\/a><br \/>\nHor\u00e1kov\u00e1 \/ Hor\u00e1k <strong>2:8<\/strong> <span style=\"text-decoration: underline;\">Zelingrov\u00e1 \/ Chabi\u010dovsk\u00fd<\/span><br \/>\nKononenko \/ Shchur <strong>3:8<\/strong> <span style=\"text-decoration: underline;\">Kl\u00edmov\u00e1 \/ Kl\u00edma<\/span><br \/>\nDevaux \/ Devaux <strong>2:8<\/strong> <span style=\"text-decoration: underline;\">Kaldvee \/ Lill<\/span><\/p>\n<p style=\"text-align: center;\"><a href=\"https:\/\/www.youtube.com\/live\/O-kSy7KgTFQ?si=XWD08pxhGnkn-mwu\" target=\"_blank\" rel=\"noopener\"><strong>round 2 \u2013 thursday 20.30<\/strong><\/a><br \/>\nPint\u00e9r \/ Kiss <strong>2:8<\/strong> <span style=\"text-decoration: underline;\">Barbarin \/ Coulot<\/span><br \/>\n<span style=\"text-decoration: underline;\">Augustin \/ Reichel<\/span> <strong>6:5<\/strong> Waye \/ Retchless<br \/>\nWittibschlager \/ Kramlinger <strong>7:10<\/strong> <span style=\"text-decoration: underline;\">Dencs\u0151-K\u00e1rp\u00e1ti<\/span><br \/>\n<span style=\"text-decoration: underline;\">Udvardi-Palancsa \/ Tat\u00e1r<\/span> <strong>7:1<\/strong> Walter \/ Lutaud<\/p>\n<p style=\"text-align: center;\"><a href=\"https:\/\/www.youtube.com\/live\/pe0qC97vmwk?si=9b7lGlZezmm6TV8v\" target=\"_blank\" rel=\"noopener\"><strong>round 1 \u2013 thursday 18.00<\/strong><\/a><br \/>\nKl\u00edma \/ Kl\u00edmov\u00e1 <strong>5:8<\/strong> <span style=\"text-decoration: underline;\">Farkov\u00e1 \/ Jakl<\/span><br \/>\n<span style=\"text-decoration: underline;\">Kaldvee \/ Lill<\/span> <strong>8:4<\/strong> Krupi\u010dkov\u00e1 \/ Blaha<br \/>\n<span style=\"text-decoration: underline;\">Zelingrov\u00e1 \/ Chabi\u010dovsk\u00fd<\/span> <strong>11:1<\/strong> Li \/ Yu<br \/>\n<span style=\"text-decoration: underline;\">Cihl\u00e1\u0159ov\u00e1 \/ Macek<\/span> <strong>9:2<\/strong> Oliv\u00e1n Salvador \/ Mingorance<\/p>\n<p>&nbsp;<\/p>\n<hr \/>\n<h3 style=\"text-align: center;\">Schedule<\/h3>\n<p style=\"text-align: center;\">Schedule can be found <a href=\"https:\/\/docs.google.com\/spreadsheets\/d\/1q4eUX1VJA7coCRdpKmBSfiFWXQH-5LWAjTfXlnf5550\/htmlview#gid=1190298622\" target=\"_blank\" rel=\"noopener\">here<\/a>.<\/p>\n<p>&nbsp;<\/p>\n<hr \/>\n<h3 style=\"text-align: center;\">Teams<\/h3>\n<p style=\"text-align: center;\"><strong>group A<\/strong><br \/>\nKl\u00edma \/ Kl\u00edmov\u00e1<sup> CZE<\/sup><br \/>\nFarkov\u00e1 \/ Jakl<sup> CZE<\/sup><br \/>\nPint\u00e9r \/ Kiss<sup> HUN<\/sup><br \/>\nBarbarin \/ Coulot<sup> FRA<\/sup><br \/>\nKononenko \/ Shchur <sup> UKR<\/sup><\/p>\n<p style=\"text-align: center;\"><strong>group B<\/strong><br \/>\nKaldvee \/ Lill<sup> EST<\/sup><br \/>\nKrupi\u010dkov\u00e1 \/ Blaha<sup> CZE<\/sup><br \/>\nAugustin \/ Reichel<sup> AUT<\/sup><br \/>\nWaye \/ Retchless<sup> CAN<\/sup><br \/>\nDevaux \/ Devaux<sup> SUI<\/sup><\/p>\n<p style=\"text-align: center;\"><strong>group C<\/strong><br \/>\nZelingrov\u00e1 \/ Chabi\u010dovsk\u00fd<sup> CZE<\/sup><br \/>\nLi \/ Yu<sup> HKG<\/sup><br \/>\nWittibschlager \/ Kramlinger<sup> AUT<\/sup><br \/>\nDencs\u0151-K\u00e1rp\u00e1ti<sup> HUN<\/sup><br \/>\nHor\u00e1kov\u00e1 \/ Hor\u00e1k<sup> CZE<\/sup><\/p>\n<p style=\"text-align: center;\"><strong>group D<\/strong><br \/>\nCihl\u00e1\u0159ov\u00e1 \/ Macek<sup> CZE<\/sup><br \/>\nOliv\u00e1n Salvador \/ Mingorance<sup>\u00a0ESP<\/sup><br \/>\nUdvardi-Palancsa \/ Tat\u00e1r<sup> HUN<\/sup><br \/>\nWalter \/ Lutaud<sup> FRA<\/sup><br \/>\nMoskalenko \/ Suhak<sup> UKR<\/sup><\/p>\n<hr \/>\n<h3 style=\"text-align: center;\">Prize money<\/h3>\n<p style=\"text-align: center;\">2550 \u20ac prize money to be awarded.<\/p>\n<p style=\"text-align: center;\">1st place \u2013 1000 \u20ac<br \/>\n2nd place \u2013 750 \u20ac<br \/>\n3rd place \u2013 500 \u20ac<br \/>\n4th place \u2013 300 \u20ac<\/p>\n<hr \/>\n<h3 style=\"text-align: center;\">Contact<\/h3>\n<p style=\"text-align: center;\">Lenka Hronov\u00e1<br \/>\ntournaments@curling.cz<br \/>\n+420774110329<\/p>\n<p>&nbsp;<\/p>\n<hr \/>\n<h3 style=\"text-align: center;\">Partners<\/h3>\n<p><img decoding=\"async\" class=\"aligncenter wp-image-37650\" src=\"https:\/\/www.curling.cz\/wp-content\/uploads\/2025\/09\/WCT_LOGO_horizontal_Web.png\" alt=\"\" width=\"500\" height=\"199\" srcset=\"https:\/\/www.curling.cz\/wp-content\/uploads\/2025\/09\/WCT_LOGO_horizontal_Web.png 508w, https:\/\/www.curling.cz\/wp-content\/uploads\/2025\/09\/WCT_LOGO_horizontal_Web-300x119.png 300w\" sizes=\"(max-width: 500px) 100vw, 500px\" \/><\/p>\n<h4 style=\"text-align: center;\">Last edition<\/h4>\n<p style=\"text-align: center;\">German team Sch\u00f6ll \/ Sutor won MD Prague Trophy 2025. Details can be found <a href=\"https:\/\/www.curling.cz\/en\/mdtrophy2025\">here<\/a>.<\/p>\n","protected":false},"excerpt":{"rendered":"<p>5th edition of World Curling Tour WCT 200 Event Prague, Roztyly April 9th\u201412th, 2026 \u2192 \u010desky Tournament features 20 teams. Four groups of six teams each, playing in a round-robin format. The top two teams from each group will advance to the quarterfinals. \ud83d\udcfawatch stream following all games at Czech Curling youtube account (@CeskyCurling). Whole [&hellip;]<\/p>\n","protected":false},"author":3,"featured_media":0,"parent":0,"menu_order":0,"comment_status":"closed","ping_status":"closed","template":"","meta":{"_acf_changed":false,"footnotes":""},"class_list":["post-37003","page","type-page","status-publish","hentry"],"acf":[],"_links":{"self":[{"href":"https:\/\/www.curling.cz\/en\/wp-json\/wp\/v2\/pages\/37003","targetHints":{"allow":["GET"]}}],"collection":[{"href":"https:\/\/www.curling.cz\/en\/wp-json\/wp\/v2\/pages"}],"about":[{"href":"https:\/\/www.curling.cz\/en\/wp-json\/wp\/v2\/types\/page"}],"author":[{"embeddable":true,"href":"https:\/\/www.curling.cz\/en\/wp-json\/wp\/v2\/users\/3"}],"replies":[{"embeddable":true,"href":"https:\/\/www.curling.cz\/en\/wp-json\/wp\/v2\/comments?post=37003"}],"version-history":[{"count":52,"href":"https:\/\/www.curling.cz\/en\/wp-json\/wp\/v2\/pages\/37003\/revisions"}],"predecessor-version":[{"id":41298,"href":"https:\/\/www.curling.cz\/en\/wp-json\/wp\/v2\/pages\/37003\/revisions\/41298"}],"wp:attachment":[{"href":"https:\/\/www.curling.cz\/en\/wp-json\/wp\/v2\/media?parent=37003"}],"curies":[{"name":"wp","href":"https:\/\/api.w.org\/{rel}","templated":true}]}}