{"id":36949,"date":"2025-06-16T17:51:10","date_gmt":"2025-06-16T15:51:10","guid":{"rendered":"https:\/\/www.curling.cz\/?page_id=36949"},"modified":"2025-10-08T17:19:16","modified_gmt":"2025-10-08T15:19:16","slug":"ejct2025","status":"publish","type":"page","link":"https:\/\/www.curling.cz\/en\/ejct2025\/","title":{"rendered":"EJCT 2025"},"content":{"rendered":"<p style=\"text-align: center;\">10th edition of European Junior Curling Tour Event<br \/>\nPrague, <a href=\"https:\/\/www.curling.cz\/hala-roztyly\/\">Roztyly<\/a><\/p>\n<p style=\"text-align: center;\"><strong>October 2nd\u20145th, 2025<\/strong><\/p>\n<h3 style=\"text-align: center;\"><a href=\"https:\/\/www.curling.cz\/en\/ejct2025\/\"><strong>\u2192<\/strong> \u010desky<\/a><\/h3>\n<p style=\"text-align: center;\">Tournament is open for 12 girls&#8217;\u2009 teams and 15 boys&#8217;\u2009 teams. 2500 \u20ac prize money to be awarded in each category.<\/p>\n<p style=\"text-align: center;\"><strong>Final standings \u2013 girls<\/strong><\/p>\n<p style=\"text-align: center;\">\ud83e\udd47 Soutar SCO<br \/>\n\ud83e\udd48Nakamura JAP<br \/>\n\ud83e\udd49 Heinimann SUI<br \/>\n4. Mariani ITA<\/p>\n<p style=\"text-align: center;\"><a href=\"https:\/\/www.curling.cz\/wp-content\/uploads\/2025\/10\/EJCTranking.pdf\">Final standings (pdf)<\/a><\/p>\n<h4 style=\"text-align: center;\"><strong>Final standings \u2013 boys<\/strong><\/h4>\n<p style=\"text-align: center;\">\ud83e\udd47 Spiller ITA<br \/>\n\ud83e\udd48Brewster SCO<br \/>\n\ud83e\udd49 Thomson SCO<br \/>\n4. Fujii JAP<\/p>\n<p>&nbsp;<\/p>\n<p style=\"text-align: center;\"><strong>Results<\/strong><\/p>\n<p style=\"text-align: center;\"><strong>final games \u2013 sunday \u2013 14.30<\/strong><br \/>\n<span style=\"text-decoration: underline;\">Soutar<\/span> <strong>5:4<\/strong> Nakamura<br \/>\nBrewster <strong>2:6<\/strong> <span style=\"text-decoration: underline;\">Spiller<\/span><\/p>\n<p style=\"text-align: center;\"><strong>bronze games \u2013 sunday \u2013 14.30<\/strong><br \/>\n<span style=\"text-decoration: underline;\">Heinimann<\/span> <strong>5:3<\/strong> Mariani<br \/>\nFujii <strong>3:5<\/strong> <span style=\"text-decoration: underline;\">Thomson<\/span><\/p>\n<p style=\"text-align: center;\"><strong>semifinals \u2013 sunday \u2013 11.00<\/strong><br \/>\nMariani <strong>1:8<\/strong> <span style=\"text-decoration: underline;\">Nakamura<\/span><br \/>\n<span style=\"text-decoration: underline;\">Soutar<\/span> <strong>8:2<\/strong> Heinimann<br \/>\nFujii <strong>4:9<\/strong> <span style=\"text-decoration: underline;\">Spiller<\/span><br \/>\nThomson <strong>5:8<\/strong> <span style=\"text-decoration: underline;\">Brewster<\/span><\/p>\n<p style=\"text-align: center;\"><strong>qualification games \u2013 sunday \u2013 8.00<\/strong><br \/>\nFarkov\u00e1 <strong>5:6<\/strong> <span style=\"text-decoration: underline;\">Mariani<\/span><br \/>\nLaurie <strong>5:6<\/strong> <span style=\"text-decoration: underline;\">Heinimann<\/span><br \/>\nAngrick <strong>4:5<\/strong> <span style=\"text-decoration: underline;\">Fujii<\/span><br \/>\n<span style=\"text-decoration: underline;\">Thomson<\/span> <strong>6:1<\/strong> Rankin<\/p>\n<p>&nbsp;<\/p>\n<p style=\"text-align: center;\"><strong>Saturday \u2013 11.00<\/strong><br \/>\nWiethe <strong>6:9<\/strong> <span style=\"text-decoration: underline;\">Thomson<\/span><br \/>\n<span style=\"text-decoration: underline;\">Rokita<\/span> <strong>6:4<\/strong> Hinnen<br \/>\nHeinimann <strong>3:6<\/strong> <span style=\"text-decoration: underline;\">Laurie<\/span><br \/>\nPLC2 <strong>4:9<\/strong> Farkov\u00e1<\/p>\n<p style=\"text-align: center;\"><strong>Saturday \u2013 8.00<\/strong><br \/>\nMariani <strong>1:3<\/strong> <span style=\"text-decoration: underline;\">Soutar<\/span><br \/>\n<span style=\"text-decoration: underline;\">Brewster<\/span> <strong>10:2<\/strong> Manz<br \/>\n<span style=\"text-decoration: underline;\">Rankin<\/span> <strong>10:2<\/strong> Blaha<\/p>\n<p style=\"text-align: center;\"><strong>Friday \u2013 20.30<\/strong><br \/>\nFarkov\u00e1 <strong>3:4<\/strong> <span style=\"text-decoration: underline;\">Nakamura<\/span><br \/>\n<span style=\"text-decoration: underline;\">Heinimann<\/span> <strong>9:2<\/strong> Schwarz<br \/>\nFerguson <strong>4:13<\/strong> <span style=\"text-decoration: underline;\">Spiller<\/span><br \/>\nAngrick <strong>1:5<\/strong> <span style=\"text-decoration: underline;\">Thomson<\/span><\/p>\n<p style=\"text-align: center;\"><strong>Friday \u2013 17.30<\/strong><br \/>\n<span style=\"text-decoration: underline;\">von Arx<\/span> <strong>4:2<\/strong> PLC2<br \/>\n<span style=\"text-decoration: underline;\">Laurie<\/span> <strong>8:1<\/strong> Schwarz<br \/>\n<span style=\"text-decoration: underline;\">Blaha<\/span> <strong>5:3<\/strong> Manz<br \/>\n<span style=\"text-decoration: underline;\">Brewster<\/span> <strong>6:5<\/strong> Rankin<\/p>\n<p style=\"text-align: center;\"><strong>Friday \u2013 14.30<\/strong><br \/>\n<span style=\"text-decoration: underline;\">Thomson<\/span> <strong>6:2<\/strong> Hinnen<br \/>\nRokita <strong>4:6<\/strong> <span style=\"text-decoration: underline;\">Angrick<br \/>\n<\/span><span style=\"text-decoration: underline;\">Spiller<\/span> <strong>11:2<\/strong> Fujii<br \/>\nP\u011bni\u010dka <strong>6:4<\/strong> Ferguson<\/p>\n<p style=\"text-align: center;\"><strong>Friday \u2013 11.00<br \/>\n<\/strong>Archibald \u2014 Laurie<br \/>\nSchwarz \u2014 Kavcic<br \/>\nKiwibrizz \u2014 Mariani<br \/>\nSoutar \u2014 von Arx<\/p>\n<p style=\"text-align: center;\"><strong>Friday \u2013 8.00<br \/>\n<\/strong>Blaha \u2014 Brewster<br \/>\nManz \u2014 Rankin<br \/>\nHinnen \u2014 Wiethe<br \/>\nMihola \u2014 Ferguson<\/p>\n<p style=\"text-align: center;\"><strong>Thursday \u2013 20.30<br \/>\n<\/strong>Kiwibrizz \u2014 Soutar<br \/>\nMariani \u2014 von Arx<br \/>\nNakamura \u2014 PLC2<br \/>\nHeinimann \u2014 Farkov\u00e1<\/p>\n<p style=\"text-align: center;\"><strong>Thursday \u2013 17.30<\/strong><br \/>\n<span style=\"text-decoration: underline;\">Spiller<\/span> <strong>12:4<\/strong> P\u011bni\u010dka<br \/>\n<span style=\"text-decoration: underline;\">Fujii<\/span> <strong>7:5<\/strong> Mihola<br \/>\n<span style=\"text-decoration: underline;\">Thomson<\/span> <strong>5:3<\/strong> Rokita<br \/>\nWiethe <strong>1:7<\/strong> <span style=\"text-decoration: underline;\">Angrick<\/span><\/p>\n<p>&nbsp;<\/p>\n<h4 style=\"text-align: center;\">Schedule<\/h4>\n<p style=\"text-align: center;\"><a href=\"https:\/\/www.curling.cz\/wp-content\/uploads\/2025\/09\/EJCT-Prague-Junior-Cup-2025-7-1.pdf\">Schedule (pdf)<\/a><\/p>\n<p>&nbsp;<\/p>\n<h4 style=\"text-align: center;\">Teams \u2013 girls<\/h4>\n<p style=\"text-align: center;\">Team Laurie SCO<br \/>\nTeam Soutar SCO<br \/>\nBasel-Heinimann \/ Heinimann SUI<br \/>\nTeam von Arx SUI<br \/>\nTeam Archibald SCO<br \/>\nTeam Nakamura JAP<br \/>\nTeam Italy \/ Mariani ITA<br \/>\nDion XX \/ Farkov\u00e1 CZE<br \/>\nKiwibrizz \/ Svit\u00e1kov\u00e1 CZE<br \/>\nPLC 2 \/ Vojtu\u0161ov\u00e1 CZE<br \/>\nTeam Schwarz<br \/>\nTeam Slovenia SLO<\/p>\n<h4 style=\"text-align: center;\">Teams \u2013 boys<\/h4>\n<p style=\"text-align: center;\">Team Angrick<br \/>\nTeam Thomson SCO<br \/>\nCC Aarau Manz \/ Manz SUI<br \/>\nLausanne Olympique &amp; Gen\u00e8ve \/ Hinnen SUI<br \/>\nTeam Rankin ENG<br \/>\nAustria Juniors \/ Ferguson AUT<br \/>\nTeam Fujii JAP<br \/>\nTeam Brewster SCO<br \/>\nTeam Rokita POL<br \/>\nTeam Italy \/ Spiller ITA<br \/>\nKolibris 6 \/ Mihola CZE<br \/>\nTeam Wiethe GER<br \/>\nLedoletci \/ Blaha CZE<br \/>\nLoupe\u017en\u00edci Ji\u010d\u00edn \/ P\u011bni\u010dka CZE<\/p>\n<h4 style=\"text-align: center;\">System of play<\/h4>\n<p style=\"text-align: center;\">Two groups in each category playing in a round-robin format. Page playoff will follow. Group winners will advance directly to semifinals. Second and third-placed teams will play in qualification.<\/p>\n<h4 style=\"text-align: center;\">Prize money<\/h4>\n<p style=\"text-align: center;\">1st place 750 \u20ac<br \/>\n2nd place 525 \u20ac<br \/>\n3rd place 450 \u20ac<br \/>\n4th place 400 \u20ac<\/p>\n<h4 style=\"text-align: center;\">Entry fee<\/h4>\n<p style=\"text-align: center;\">Entry fee is 500 \u20ac.<\/p>\n<h4 style=\"text-align: center;\">Contact<\/h4>\n<p style=\"text-align: center;\">Lenka Hronov\u00e1<br \/>\ntournaments@curling.cz<br \/>\n+420774110329<\/p>\n<h4 style=\"text-align: center;\">Partners<\/h4>\n<p><img fetchpriority=\"high\" decoding=\"async\" class=\"aligncenter wp-image-37650\" src=\"https:\/\/www.curling.cz\/wp-content\/uploads\/2025\/09\/WCT_LOGO_horizontal_Web.png\" alt=\"\" width=\"500\" height=\"199\" srcset=\"https:\/\/www.curling.cz\/wp-content\/uploads\/2025\/09\/WCT_LOGO_horizontal_Web.png 508w, https:\/\/www.curling.cz\/wp-content\/uploads\/2025\/09\/WCT_LOGO_horizontal_Web-300x119.png 300w\" sizes=\"(max-width: 500px) 100vw, 500px\" \/><\/p>\n<p>&nbsp;<\/p>\n<h4 style=\"text-align: center;\">Last edition<\/h4>\n<p style=\"text-align: center;\">German Team Messenzehl won EJCT 2024. Details can be found <a href=\"https:\/\/www.curling.cz\/en\/ejct2024\/\">here<\/a>.<\/p>\n<p><img decoding=\"async\" class=\"aligncenter wp-image-33481 size-full\" src=\"https:\/\/www.curling.cz\/wp-content\/uploads\/2024\/10\/461501366_18321858337152157_2059281045939222467_n.jpg\" alt=\"\" width=\"1200\" height=\"800\" srcset=\"https:\/\/www.curling.cz\/wp-content\/uploads\/2024\/10\/461501366_18321858337152157_2059281045939222467_n.jpg 1200w, https:\/\/www.curling.cz\/wp-content\/uploads\/2024\/10\/461501366_18321858337152157_2059281045939222467_n-300x200.jpg 300w, https:\/\/www.curling.cz\/wp-content\/uploads\/2024\/10\/461501366_18321858337152157_2059281045939222467_n-1024x683.jpg 1024w, https:\/\/www.curling.cz\/wp-content\/uploads\/2024\/10\/461501366_18321858337152157_2059281045939222467_n-768x512.jpg 768w\" sizes=\"(max-width: 1200px) 100vw, 1200px\" \/><\/p>\n","protected":false},"excerpt":{"rendered":"<p>10th edition of European Junior Curling Tour Event Prague, Roztyly October 2nd\u20145th, 2025 \u2192 \u010desky Tournament is open for 12 girls&#8217;\u2009 teams and 15 boys&#8217;\u2009 teams. 2500 \u20ac prize money to be awarded in each category. Final standings \u2013 girls \ud83e\udd47 Soutar SCO \ud83e\udd48Nakamura JAP \ud83e\udd49 Heinimann SUI 4. Mariani ITA Final standings (pdf) Final [&hellip;]<\/p>\n","protected":false},"author":3,"featured_media":0,"parent":0,"menu_order":0,"comment_status":"closed","ping_status":"closed","template":"","meta":{"_acf_changed":false,"footnotes":""},"class_list":["post-36949","page","type-page","status-publish","hentry"],"acf":[],"_links":{"self":[{"href":"https:\/\/www.curling.cz\/en\/wp-json\/wp\/v2\/pages\/36949","targetHints":{"allow":["GET"]}}],"collection":[{"href":"https:\/\/www.curling.cz\/en\/wp-json\/wp\/v2\/pages"}],"about":[{"href":"https:\/\/www.curling.cz\/en\/wp-json\/wp\/v2\/types\/page"}],"author":[{"embeddable":true,"href":"https:\/\/www.curling.cz\/en\/wp-json\/wp\/v2\/users\/3"}],"replies":[{"embeddable":true,"href":"https:\/\/www.curling.cz\/en\/wp-json\/wp\/v2\/comments?post=36949"}],"version-history":[{"count":23,"href":"https:\/\/www.curling.cz\/en\/wp-json\/wp\/v2\/pages\/36949\/revisions"}],"predecessor-version":[{"id":37874,"href":"https:\/\/www.curling.cz\/en\/wp-json\/wp\/v2\/pages\/36949\/revisions\/37874"}],"wp:attachment":[{"href":"https:\/\/www.curling.cz\/en\/wp-json\/wp\/v2\/media?parent=36949"}],"curies":[{"name":"wp","href":"https:\/\/api.w.org\/{rel}","templated":true}]}}