{"id":36856,"date":"2025-06-10T17:58:24","date_gmt":"2025-06-10T15:58:24","guid":{"rendered":"https:\/\/www.curling.cz\/?page_id=36856"},"modified":"2025-09-30T09:07:07","modified_gmt":"2025-09-30T07:07:07","slug":"pli2025","status":"publish","type":"page","link":"https:\/\/www.curling.cz\/en\/pli2025\/","title":{"rendered":"Prague Ladies International 2025"},"content":{"rendered":"<p style=\"text-align: center;\">3rd edition of World Curling Tour WCT 200 Event<br \/>\nPrague, <a href=\"https:\/\/www.curling.cz\/hala-roztyly\/\">Roztyly<\/a><\/p>\n<p style=\"text-align: center;\"><strong>September 26th\u201428th, 2025<\/strong><\/p>\n<h3 style=\"text-align: center;\"><a href=\"https:\/\/www.curling.cz\/en\/pli2025\/\"><strong>\u2192<\/strong> \u010desky<\/a><\/h3>\n<p style=\"text-align: center;\">Tournament is ready for 12 teams. 4000 \u20ac prize money to be awarded.<br \/>\n\ud83d\udcfa Watch live stream of selected games on <a href=\"https:\/\/www.youtube.com\/@CeskyCurling\" target=\"_blank\" rel=\"noopener\">YouTube<\/a>.<\/p>\n<p style=\"text-align: center;\">During the PLI Event, the <a href=\"https:\/\/www.curling.cz\/en\/csc-competitions\/national-md-olympic-qualification-event-wog-2026\/\">National Mixed Doubles Olympic Qualification Event<\/a> is also held.<\/p>\n<p style=\"text-align: center;\">Two groups of six teams each compete. The teams play against each other in a round-robin format. Afterwards, a total of six teams advance to the next stage on Sunday. The winners of each group advance directly to the semifinals. The remaining four teams, based on the overall ranking, compete in a qualification round for the semifinals.<\/p>\n<h4 style=\"text-align: center;\">Final standings<\/h4>\n<p style=\"text-align: center;\">\ud83e\udd47 Y\u0131ld\u0131z TUR<br \/>\n\ud83e\udd48 Schwaller SUI (Limmattal-Wetzikon)<br \/>\n\ud83e\udd49 Messenzehl GER<br \/>\n4. Farkov\u00e1 CZE (Dion XX)<br \/>\n5. Kube\u0161kov\u00e1 CZE<br \/>\n6. Syn\u00e1\u010dkov\u00e1 CZE (Savona H)<br \/>\n7. Cihl\u00e1\u0159ov\u00e1 CZE<br \/>\n8. Kajanov\u00e1 SVK<br \/>\n9. Kalocsai-van Dorp HUN (VASAS Ladies Team)<br \/>\n10. Pol\u00edvkov\u00e1 CZE (Kolibris 7)<br \/>\n11. Mariani<br \/>\n12. Konkol POL (\u0141KSG \u0141\u00d3D\u0179)<\/p>\n<p>&nbsp;<\/p>\n<h4 style=\"text-align: center;\">Results<\/h4>\n<p style=\"text-align: center;\"><strong>final game \u2013 sunday 14.30<br \/>\n<\/strong>Schwaller <strong>3:4<\/strong> <span style=\"text-decoration: underline;\">Y\u0131ld\u0131z<\/span><\/p>\n<p style=\"text-align: center;\"><strong>bronze game \u2013 sunday 14.30<br \/>\n<\/strong>Farkov\u00e1 <strong>6:7<\/strong> <span style=\"text-decoration: underline;\">Messenzehl<\/span><\/p>\n<p style=\"text-align: center;\"><strong>semifinals \u2013 sunday 11.00<br \/>\n<\/strong><span style=\"text-decoration: underline;\">Schwaller<\/span> <strong>4:2<\/strong> Messenzehl<br \/>\n<span style=\"text-decoration: underline;\">Y\u0131ld\u0131z<\/span> <strong>9:2<\/strong> Farkov\u00e1<\/p>\n<p style=\"text-align: center;\"><strong>qualification \u2013 sunday 8.00<br \/>\n<\/strong><span style=\"text-decoration: underline;\">Farkov\u00e1<\/span> <strong>6:5<\/strong> Syn\u00e1\u010dkov\u00e1<br \/>\nKube\u0161kov\u00e1 <strong>1:12<\/strong> <span style=\"text-decoration: underline;\">Schwaller<\/span><\/p>\n<p>&nbsp;<\/p>\n<h4 style=\"text-align: center;\">Round robin<\/h4>\n<table class=\" aligncenter\" style=\"border-collapse: collapse; width: 73.9778%; height: 190px;\">\n<tbody>\n<tr style=\"height: 24px;\">\n<td style=\"width: 83.1685%; height: 24px;\" colspan=\"6\">Round robin standings<\/td>\n<\/tr>\n<tr style=\"height: 24px;\">\n<td style=\"width: 4.59955%; height: 24px; text-align: right;\">1.<\/td>\n<td style=\"width: 42.2254%; height: 24px;\">Messenzehl GER<\/td>\n<td style=\"width: 1.4881%; height: 24px;\">5:0<\/td>\n<td style=\"width: 4.30541%; height: 24px; text-align: right;\">1.<\/td>\n<td style=\"width: 28.9996%; height: 24px;\">Y\u0131ld\u0131z TUR<\/td>\n<td style=\"width: 1.55039%; height: 24px;\">5:0<\/td>\n<\/tr>\n<tr style=\"height: 24px;\">\n<td style=\"width: 4.59955%; height: 24px; text-align: right;\">2.<\/td>\n<td style=\"width: 42.2254%; height: 24px;\">Farkov\u00e1 CZE<\/td>\n<td style=\"width: 1.4881%; height: 24px;\">4:1<\/td>\n<td style=\"width: 4.30541%; height: 24px; text-align: right;\">2.<\/td>\n<td style=\"width: 28.9996%; height: 24px;\">Schwaller SUI<\/td>\n<td style=\"width: 1.55039%; height: 24px;\">4:1<\/td>\n<\/tr>\n<tr style=\"height: 24px;\">\n<td style=\"width: 4.59955%; height: 24px; text-align: right;\">3.<\/td>\n<td style=\"width: 42.2254%; height: 24px;\">Kube\u0161kov\u00e1 CZE<\/td>\n<td style=\"width: 1.4881%; height: 24px;\">3:2<\/td>\n<td style=\"width: 4.30541%; height: 24px; text-align: right;\"><\/td>\n<td style=\"width: 28.9996%; height: 24px;\">Syn\u00e1\u010dkov\u00e1 CZE<\/td>\n<td style=\"width: 1.55039%; height: 24px;\">2:3<\/td>\n<\/tr>\n<tr style=\"height: 24px;\">\n<td style=\"width: 4.59955%; height: 24px; text-align: right;\">4.<\/td>\n<td style=\"width: 42.2254%; height: 24px;\">Cihl\u00e1\u0159ov\u00e1 CZE<\/td>\n<td style=\"width: 1.4881%; height: 24px;\">2:3<\/td>\n<td style=\"width: 4.30541%; height: 24px; text-align: right;\">4.<\/td>\n<td style=\"width: 28.9996%; height: 24px;\">Kajanov\u00e1 SVK<\/td>\n<td style=\"width: 1.55039%; height: 24px;\">2:3<\/td>\n<\/tr>\n<tr>\n<td style=\"width: 4.59955%; text-align: right;\">5.<\/td>\n<td style=\"width: 42.2254%;\">Kalocsai-van Dorp HUN<\/td>\n<td style=\"width: 1.4881%;\">1:4<\/td>\n<td style=\"width: 4.30541%; text-align: right;\"><\/td>\n<td style=\"width: 28.9996%;\">Mariani ITA<\/td>\n<td style=\"width: 1.55039%;\">1:4<\/td>\n<\/tr>\n<tr style=\"height: 24px;\">\n<td style=\"width: 4.59955%; height: 24px; text-align: right;\">6.<\/td>\n<td style=\"width: 42.2254%; height: 24px;\">Konkol POL<\/td>\n<td style=\"width: 1.4881%; height: 24px;\">0:5<\/td>\n<td style=\"width: 4.30541%; height: 24px; text-align: right;\">6.<\/td>\n<td style=\"width: 28.9996%; height: 24px;\">Pol\u00edvkov\u00e1 CZE<\/td>\n<td style=\"width: 1.55039%; height: 24px;\">1:4<\/td>\n<\/tr>\n<\/tbody>\n<\/table>\n<p style=\"text-align: center;\"><strong>round 10 \u2013 saturday 20.30<br \/>\n<\/strong><span style=\"text-decoration: underline;\">Mariani<\/span> <strong>6:3<\/strong> Pol\u00edvkov\u00e1<br \/>\n<span style=\"text-decoration: underline;\">Y\u0131ld\u0131z<\/span> <strong>10:2<\/strong> Syn\u00e1\u010dkov\u00e1<br \/>\nKajanov\u00e1 <strong>0:12<\/strong> <span style=\"text-decoration: underline;\">Schwaller<\/span><\/p>\n<p style=\"text-align: center;\"><strong>round 9\u2013 saturday 17.30<br \/>\n<\/strong><span style=\"text-decoration: underline;\">Farkov\u00e1<\/span> <strong>6:1<\/strong> Kube\u0161kov\u00e1<br \/>\nCihl\u00e1\u0159ov\u00e1 <strong>5:9<\/strong> <span style=\"text-decoration: underline;\">Messenzehl<\/span><br \/>\nKonkol <strong>3:9<\/strong> <span style=\"text-decoration: underline;\">Kalocsai-van Dorp<\/span><\/p>\n<p style=\"text-align: center;\"><strong>round 8\u2013 saturday 14.30<br \/>\n<\/strong>Kajanov\u00e1 <strong>2:7<\/strong> <span style=\"text-decoration: underline;\">Syn\u00e1\u010dkov\u00e1<\/span><br \/>\n<span style=\"text-decoration: underline;\">Schwaller<\/span> <strong>9:4<\/strong> Mariani<br \/>\n<span style=\"text-decoration: underline;\">Y\u0131ld\u0131z<\/span> <strong>9:3<\/strong> Pol\u00edvkov\u00e1<\/p>\n<p style=\"text-align: center;\"><strong>round 7\u2013 saturday 11.00<br \/>\n<\/strong>Konkol <strong>2:8<\/strong> <span style=\"text-decoration: underline;\">Messenzehl<\/span><br \/>\n<span style=\"text-decoration: underline;\">Kube\u0161kov\u00e1<\/span> <strong>8:6<\/strong> Kalocsai-van Dorp<br \/>\nCihl\u00e1\u0159ov\u00e1 <strong>3:9<\/strong> <span style=\"text-decoration: underline;\">Farkov\u00e1<\/span><\/p>\n<p style=\"text-align: center;\"><strong>round 6 \u2013 saturday 8.00<br \/>\n<\/strong>Pol\u00edvkov\u00e1 <strong>7:8<\/strong> <span style=\"text-decoration: underline;\">Kajanov\u00e1<\/span><br \/>\n<span style=\"text-decoration: underline;\">Y\u0131ld\u0131z<\/span> <strong>7:4<\/strong> Mariani<br \/>\n<span style=\"text-decoration: underline;\">Schwaller<\/span> <strong>6:4<\/strong> Syn\u00e1\u010dkov\u00e1<\/p>\n<p style=\"text-align: center;\"><strong>round 5 \u2013 friday 20.30<br \/>\n<\/strong><span style=\"text-decoration: underline;\">Farkov\u00e1<\/span> <strong>7:1<\/strong> Konkol<br \/>\nCihl\u00e1\u0159ov\u00e1 <strong>2:7<\/strong> <span style=\"text-decoration: underline;\">Kube\u0161kov\u00e1<\/span><br \/>\nKalocsai-van Dorp <strong>1:7<\/strong> <span style=\"text-decoration: underline;\">Messenzehl<\/span><\/p>\n<p style=\"text-align: center;\"><strong>round 4 \u2013 friday 17.30<br \/>\n<\/strong>Schwaller <strong>3:4<\/strong> <span style=\"text-decoration: underline;\">Y\u0131ld\u0131z<\/span><br \/>\nSyn\u00e1\u010dkov\u00e1 <strong>3:8<\/strong> <span style=\"text-decoration: underline;\">Pol\u00edvkov\u00e1<\/span><br \/>\nMariani <strong>2:5<\/strong> <span style=\"text-decoration: underline;\">Messenzehl<\/span><\/p>\n<p style=\"text-align: center;\"><strong>round 3 \u2013 friday 14.30<br \/>\n<\/strong>Kalocsai-van Dorp <strong>2:8<\/strong> <span style=\"text-decoration: underline;\">Cihl\u00e1\u0159ov\u00e1<\/span><br \/>\n<span style=\"text-decoration: underline;\">Messenzehl<\/span> <strong>9:5<\/strong> Farkov\u00e1<br \/>\n<span style=\"text-decoration: underline;\">Kube\u0161kov\u00e1<\/span> <strong>8:1<\/strong> Konkol<\/p>\n<p style=\"text-align: center;\"><strong>round 2 \u2014 friday 11.00<br \/>\n<\/strong>\ud83d\udcfa<span style=\"text-decoration: underline;\">Syn\u00e1\u010dkov\u00e1<\/span> <strong>9:8<\/strong> Mariani<br \/>\nPol\u00edvkov\u00e1 <strong>2:13<\/strong> <span style=\"text-decoration: underline;\">Schwaller<\/span><br \/>\nKajanov\u00e1 <strong>3:9<\/strong> <span style=\"text-decoration: underline;\">Y\u0131ld\u0131z<\/span><\/p>\n<p style=\"text-align: center;\"><strong>round 1 \u2013 friday 8.00<\/strong><br \/>\n\ud83d\udcfa <span style=\"text-decoration: underline;\">Messenzehl<\/span>\u00a0<strong>5:4<\/strong> Kube\u0161kov\u00e1<br \/>\n<span style=\"text-decoration: underline;\">Farkov\u00e1<\/span> 9:5 Kalocsai-van Dorp<br \/>\nKonkol <strong>3:9<\/strong> <span style=\"text-decoration: underline;\">Cihl\u00e1\u0159ov\u00e1<\/span><\/p>\n<p style=\"text-align: center;\">Detailed results can be found at <a href=\"https:\/\/worldcurlingtour.org\/women\/event\/1066\" target=\"_blank\" rel=\"noopener\">WCT website<\/a>.<\/p>\n<h4 style=\"text-align: center;\">Schedule<\/h4>\n<p style=\"text-align: center;\"><strong><a href=\"https:\/\/www.curling.cz\/wp-content\/uploads\/2025\/09\/Prague-Ladies-International-2025-Schedule-Rules-Information-4.pdf\">Schedule<\/a><\/strong><\/p>\n<h4 style=\"text-align: center;\">Teams<\/h4>\n<p style=\"text-align: center;\"><span style=\"text-decoration: underline;\">group A<\/span><br \/>\nTeam Messenzehl GER<br \/>\nTeam Kube\u0161kov\u00e1 CZE<br \/>\nDion XX \/ Farkov\u00e1 CZE<br \/>\nVASAS Ladies Team \/ Kalocsai-van Dorp HUN<br \/>\n\u0141KSG \u0141\u00d3D\u0179 \/ Konkol POL<br \/>\nTeam Cihl\u00e1\u0159ov\u00e1 CZE<\/p>\n<p style=\"text-align: center;\"><span style=\"text-decoration: underline;\">group B<\/span><br \/>\nSavona H \/ Syn\u00e1\u010dkov\u00e1 CZE<br \/>\nTeam Italy \/ Mariani ITA<br \/>\nKolibris 7 \/ Pol\u00edvkov\u00e1 CZE<br \/>\nLimmattal-Wetzikon \/ Schwaller SUI<br \/>\nTeam Slovakia \/ Kajanov\u00e1 SVK<br \/>\nTeam T\u00fcrkiye Women \/ Y\u0131ld\u0131z TUR<\/p>\n<h4 style=\"text-align: center;\">Contact<\/h4>\n<p style=\"text-align: center;\">Lenka Hronov\u00e1<br \/>\ntournaments@curling.cz<br \/>\n+420774110329<\/p>\n<h4 style=\"text-align: center;\">Prize money<\/h4>\n<p style=\"text-align: center;\">1st place 1600 \u20ac<br \/>\n2nd place 1000 \u20ac<br \/>\n3rd place 800 \u20ac<br \/>\n4th place 600 \u20ac<\/p>\n<h4 style=\"text-align: center;\">Entry fee<\/h4>\n<p style=\"text-align: center;\">Entry fee is 600 \u20ac.<\/p>\n<h4 style=\"text-align: center;\">Partners<\/h4>\n<p><img fetchpriority=\"high\" decoding=\"async\" class=\"aligncenter wp-image-37650\" src=\"https:\/\/www.curling.cz\/wp-content\/uploads\/2025\/09\/WCT_LOGO_horizontal_Web.png\" alt=\"\" width=\"500\" height=\"199\" srcset=\"https:\/\/www.curling.cz\/wp-content\/uploads\/2025\/09\/WCT_LOGO_horizontal_Web.png 508w, https:\/\/www.curling.cz\/wp-content\/uploads\/2025\/09\/WCT_LOGO_horizontal_Web-300x119.png 300w\" sizes=\"(max-width: 500px) 100vw, 500px\" \/><\/p>\n<p>&nbsp;<\/p>\n<h4 style=\"text-align: center;\">Last edition<\/h4>\n<p style=\"text-align: center;\">German Team Messenzehl won PLI 2024. Details can be found <a href=\"https:\/\/www.curling.cz\/en\/pli2024\/\">here<\/a>.<\/p>\n<p><img decoding=\"async\" class=\"aligncenter wp-image-33481 size-full\" src=\"https:\/\/www.curling.cz\/wp-content\/uploads\/2024\/10\/461501366_18321858337152157_2059281045939222467_n.jpg\" alt=\"\" width=\"1200\" height=\"800\" srcset=\"https:\/\/www.curling.cz\/wp-content\/uploads\/2024\/10\/461501366_18321858337152157_2059281045939222467_n.jpg 1200w, https:\/\/www.curling.cz\/wp-content\/uploads\/2024\/10\/461501366_18321858337152157_2059281045939222467_n-300x200.jpg 300w, https:\/\/www.curling.cz\/wp-content\/uploads\/2024\/10\/461501366_18321858337152157_2059281045939222467_n-1024x683.jpg 1024w, https:\/\/www.curling.cz\/wp-content\/uploads\/2024\/10\/461501366_18321858337152157_2059281045939222467_n-768x512.jpg 768w\" sizes=\"(max-width: 1200px) 100vw, 1200px\" \/><\/p>\n","protected":false},"excerpt":{"rendered":"<p>3rd edition of World Curling Tour WCT 200 Event Prague, Roztyly September 26th\u201428th, 2025 \u2192 \u010desky Tournament is ready for 12 teams. 4000 \u20ac prize money to be awarded. \ud83d\udcfa Watch live stream of selected games on YouTube. During the PLI Event, the National Mixed Doubles Olympic Qualification Event is also held. Two groups of [&hellip;]<\/p>\n","protected":false},"author":3,"featured_media":0,"parent":0,"menu_order":0,"comment_status":"closed","ping_status":"closed","template":"","meta":{"_acf_changed":false,"footnotes":""},"class_list":["post-36856","page","type-page","status-publish","hentry"],"acf":[],"_links":{"self":[{"href":"https:\/\/www.curling.cz\/en\/wp-json\/wp\/v2\/pages\/36856","targetHints":{"allow":["GET"]}}],"collection":[{"href":"https:\/\/www.curling.cz\/en\/wp-json\/wp\/v2\/pages"}],"about":[{"href":"https:\/\/www.curling.cz\/en\/wp-json\/wp\/v2\/types\/page"}],"author":[{"embeddable":true,"href":"https:\/\/www.curling.cz\/en\/wp-json\/wp\/v2\/users\/3"}],"replies":[{"embeddable":true,"href":"https:\/\/www.curling.cz\/en\/wp-json\/wp\/v2\/comments?post=36856"}],"version-history":[{"count":27,"href":"https:\/\/www.curling.cz\/en\/wp-json\/wp\/v2\/pages\/36856\/revisions"}],"predecessor-version":[{"id":37789,"href":"https:\/\/www.curling.cz\/en\/wp-json\/wp\/v2\/pages\/36856\/revisions\/37789"}],"wp:attachment":[{"href":"https:\/\/www.curling.cz\/en\/wp-json\/wp\/v2\/media?parent=36856"}],"curies":[{"name":"wp","href":"https:\/\/api.w.org\/{rel}","templated":true}]}}