{"id":34956,"date":"2024-12-18T15:03:46","date_gmt":"2024-12-18T14:03:46","guid":{"rendered":"https:\/\/www.curling.cz\/?page_id=34956"},"modified":"2026-01-19T18:05:10","modified_gmt":"2026-01-19T17:05:10","slug":"mdtrophy2025","status":"publish","type":"page","link":"https:\/\/www.curling.cz\/en\/mdtrophy2025\/","title":{"rendered":"WCT Mixed Doubles Prague Trophy 2025"},"content":{"rendered":"<p style=\"text-align: center;\">5th edition of World Curling Tour WCT 200 Event<br \/>\nPrague, <a href=\"https:\/\/www.curling.cz\/hala-roztyly\/\">Roztyly<\/a><\/p>\n<p style=\"text-align: center;\"><strong>April 9th\u201412th, 2025<\/strong><\/p>\n<h3 style=\"text-align: center;\"><a href=\"https:\/\/www.curling.cz\/en\/mdtrophy2026\/\"><strong>\u2192<\/strong> \u010desky<\/a><\/h3>\n<div class=\"elementor-element elementor-element-46d5f828 e-flex e-con-boxed e-con e-child\" data-id=\"46d5f828\" data-element_type=\"container\">\n<div class=\"e-con-inner\">\n<div class=\"elementor-element elementor-element-77484eba jh-content elementor-widget elementor-widget-theme-post-content\" data-id=\"77484eba\" data-element_type=\"widget\" data-widget_type=\"theme-post-content.default\">\n<div class=\"elementor-widget-container\">\n<h4 style=\"text-align: center;\">Results<\/h4>\n<p style=\"text-align: center;\">Detailed results can be found <a href=\"https:\/\/worldcurlingtour.org\/md\/event\/1012\" target=\"_blank\" rel=\"noopener\">here<\/a>.<\/p>\n<p style=\"text-align: center;\"><strong><a href=\"https:\/\/youtube.com\/live\/uB-meI9Hg14?feature=share\" target=\"_blank\" rel=\"noopener\">fin\u00e1le \u2013 ned\u011ble 12.30<\/a><\/strong><br \/>\n<span style=\"text-decoration: underline;\">Sch\u00f6ll \/ Sutor<\/span> <strong>9:8<\/strong> Cihl\u00e1\u0159ov\u00e1 \/ Macek<\/p>\n<p style=\"text-align: center;\"><strong><a href=\"https:\/\/youtube.com\/live\/uB-meI9Hg14?feature=share\" target=\"_blank\" rel=\"noopener\">o bronz \u2013 ned\u011ble 12.30<\/a><\/strong><br \/>\nZelingrov\u00e1 \/ Chabi\u010dovsk\u00fd <strong>5:8<\/strong> <span style=\"text-decoration: underline;\">Farkov\u00e1 \/ Jakl<\/span><\/p>\n<p style=\"text-align: center;\"><a href=\"https:\/\/youtube.com\/live\/i5_77wooBg8?feature=share\" target=\"_blank\" rel=\"noopener\"><strong>semifin\u00e1le \u2013 ned\u011ble 9.00<\/strong><\/a><br \/>\n<span style=\"text-decoration: underline;\">Cihl\u00e1\u0159ov\u00e1 \/ Macek<\/span> <strong>8:6<\/strong> Zelingrov\u00e1 \/ Chabi\u010dovsk\u00fd<br \/>\n<span style=\"text-decoration: underline;\">Sch\u00f6ll \/ Sutor<\/span> <strong>7:6<\/strong> Farkov\u00e1 \/ Jakl<\/p>\n<p style=\"text-align: center;\"><a href=\"https:\/\/youtube.com\/live\/1VkBlWYbxSM?feature=share\" target=\"_blank\" rel=\"noopener\"><strong>\u010dtvrtfin\u00e1le \u2013 sobota 19.00<\/strong><\/a><br \/>\nKrupi\u010dkov\u00e1 \/ Blaha <strong>4:8<\/strong> <span style=\"text-decoration: underline;\">Cihl\u00e1\u0159ov\u00e1 \/ Macek<\/span><br \/>\n<span style=\"text-decoration: underline;\">Sch\u00f6ll \/ Sutor<\/span> <strong>8:5<\/strong> Immonen \/ Sipil\u00e4<\/p>\n<p>&nbsp;<\/p>\n<\/div>\n<\/div>\n<\/div>\n<\/div>\n<div class=\"elementor-element elementor-element-46d5f828 e-flex e-con-boxed e-con e-child\" data-id=\"46d5f828\" data-element_type=\"container\">\n<div class=\"e-con-inner\">\n<div class=\"elementor-element elementor-element-77484eba jh-content elementor-widget elementor-widget-theme-post-content\" data-id=\"77484eba\" data-element_type=\"widget\" data-widget_type=\"theme-post-content.default\">\n<div class=\"elementor-widget-container\">\n<h3 style=\"text-align: center;\"><strong>Round robin standings<\/strong><\/h3>\n<div class=\"elementor-widget-container\">\n<p style=\"text-align: center;\"><span style=\"text-decoration: underline;\">skupina A<br \/>\n<\/span>Zelingrov\u00e1 \/ Chabi\u010dovsk\u00fd CZE\u2192SF\u00a0 \u00a0 \u00a05:0<br \/>\nSch\u00f6ll \/ Sutor GER\u2192QF\u00a0 \u00a0 \u00a0 \u00a0 \u00a0 \u00a0 \u00a0 \u00a0 \u00a0 \u00a0 \u00a0 \u00a0 \u00a04:1<br \/>\nCihl\u00e1\u0159ov\u00e1 \/ Macek CZE\u2192QF\u00a0 \u00a0 \u00a0 \u00a0 \u00a0 \u00a0 \u00a0 \u00a0 \u00a02:2<br \/>\nJo\u00f3 \/ Karasz HUN\u00a0 \u00a0 \u00a0 \u00a0 \u00a0 \u00a0 \u00a0 \u00a0 \u00a0 \u00a0 \u00a0 \u00a0 \u00a0 \u00a0 \u00a0 \u00a0 \u00a0 \u00a02:3<br \/>\nHasil \/ Zenit TUR\u00a0 \u00a0 \u00a0 \u00a0 \u00a0 \u00a0 \u00a0 \u00a0 \u00a0 \u00a0 \u00a0 \u00a0 \u00a0 \u00a0 \u00a0 \u00a0 \u00a0 \u00a01:4<br \/>\nKo\u0161\u00e1kov\u00e1 \/ Votava CZE\u00a0 \u00a0 \u00a0 \u00a0 \u00a0 \u00a0 \u00a0 \u00a0 \u00a0 \u00a0 \u00a0 \u00a0 0:4<\/p>\n<\/div>\n<p style=\"text-align: center;\"><span style=\"text-decoration: underline;\">skupina B<br \/>\n<\/span>Farkov\u00e1 \/ Jakl CZE \u2192SF\u00a0 \u00a0 \u00a0 \u00a0 \u00a0 \u00a0 \u00a0 \u00a0 \u00a0 \u00a0 \u00a0 \u00a0 \u00a05:0<br \/>\nKrupi\u010dkov\u00e1 \/ Blaha CZE\u2192QF\u00a0 \u00a0 \u00a0 \u00a0 \u00a0 \u00a0 \u00a0 \u00a0 4:1<br \/>\nImmonen \/ Sipil\u00e4 FIN\u2192QF\u00a0 \u00a0 \u00a0 \u00a0 \u00a0 \u00a0 \u00a0 \u00a0 \u00a0 \u00a0 3:2<br \/>\nOtaegi \/ Unanue ESP\u00a0 \u00a0 \u00a0 \u00a0 \u00a0 \u00a0 \u00a0 \u00a0 \u00a0 \u00a0 \u00a0 \u00a0 \u00a0 \u00a0 \u00a02:3<br \/>\nM\u00fcller \/ Ferguson AUT\u00a0 \u00a0 \u00a0 \u00a0 \u00a0 \u00a0 \u00a0 \u00a0 \u00a0 \u00a0 \u00a0 \u00a0 \u00a0 \u00a01:4<br \/>\nLerlov\u00e1 \/ V\u00e1lek CZE\u00a0 \u00a0 \u00a0 \u00a0 \u00a0 \u00a0 \u00a0 \u00a0 \u00a0 \u00a0 \u00a0 \u00a0 \u00a0 \u00a0 \u00a0 \u00a0 0:5<\/p>\n<p>&nbsp;<\/p>\n<p style=\"text-align: center;\"><strong><a href=\"https:\/\/www.youtube.com\/live\/rYJKbF7ym-8?feature=shared\" target=\"_blank\" rel=\"noopener\">runda 8 \u2013 p\u00e1tek 15.00<\/a><br \/>\n<\/strong><span style=\"text-decoration: underline;\">Cihl\u00e1\u0159ov\u00e1 \/ Macek<\/span> <strong>8:2<\/strong> Ko\u0161\u00e1kov\u00e1 \/ Votava<br \/>\nM\u00fcller \/ Ferguson <strong>4:6<\/strong> <span style=\"text-decoration: underline;\">Immonen \/ Sipil\u00e4<\/span><br \/>\n<span style=\"text-decoration: underline;\">Farkov\u00e1 \/ Jakl<\/span> <strong>8:4<\/strong> Otaegi \/ Unanue<br \/>\n<span style=\"text-decoration: underline;\">Krupi\u010dkov\u00e1 \/ Blaha<\/span> <strong>9:6<\/strong> Lerlov\u00e1 \/ V\u00e1lek<strong><br \/>\n<\/strong><\/p>\n<p style=\"text-align: center;\"><strong><a href=\"https:\/\/www.youtube.com\/live\/PTvcdasSAJE?feature=shared\" target=\"_blank\" rel=\"noopener\">runda 7 \u2013 p\u00e1tek 12.00<\/a><br \/>\n<\/strong>Lerlov\u00e1 \/ V\u00e1lek <strong>6:11<\/strong> <span style=\"text-decoration: underline;\">Otaegi \/ Unanue<\/span><br \/>\n<span style=\"text-decoration: underline;\">Jo\u00f3 \/ Karasz<\/span> <strong>12:4<\/strong> Hasil \/ Zenit<br \/>\n<span style=\"text-decoration: underline;\">Krupi\u010dkov\u00e1 \/ Blaha<\/span> <strong>6:4<\/strong> M\u00fcller \/ Ferguson<br \/>\nSch\u00f6ll \/ Sutor <strong>7:8<\/strong> <span style=\"text-decoration: underline;\">Zelingrov\u00e1 \/ Chabi\u010dovsk\u00fd<\/span><strong><br \/>\n<\/strong><\/p>\n<p style=\"text-align: center;\"><strong><a href=\"https:\/\/www.youtube.com\/live\/W5AqqEIkfIU?feature=shared\" target=\"_blank\" rel=\"noopener\">runda 6 \u2013 sobota 9.00<\/a><br \/>\n<\/strong><span style=\"text-decoration: underline;\">Cihl\u00e1\u0159ov\u00e1 \/ Macek<\/span> <strong>9:6<\/strong> Jo\u00f3 \/ Karasz<br \/>\nKo\u0161\u00e1kov\u00e1 \/ Votava <strong>3:9<\/strong> <span style=\"text-decoration: underline;\">Zelingrov\u00e1 \/ Chabi\u010dovsk\u00fd<\/span><br \/>\nHasil \/ Zenit <strong>0:9<\/strong> <span style=\"text-decoration: underline;\">Sch\u00f6ll \/ Sutor<\/span><br \/>\nImmonen \/ Sipil\u00e4 <strong>4:6<\/strong> <span style=\"text-decoration: underline;\">Farkov\u00e1 \/ Jakl<\/span><strong><br \/>\n<\/strong><\/p>\n<\/div>\n<\/div>\n<div class=\"elementor-element elementor-element-77484eba jh-content elementor-widget elementor-widget-theme-post-content\" data-id=\"77484eba\" data-element_type=\"widget\" data-widget_type=\"theme-post-content.default\">\n<div class=\"elementor-widget-container\">\n<p style=\"text-align: center;\"><strong><a href=\"https:\/\/www.youtube.com\/live\/o5NhuEDescs?feature=shared\" target=\"_blank\" rel=\"noopener\">runda 5 \u2013 p\u00e1tek 20.30<\/a><br \/>\n<\/strong>Otaegi \/ Unanue <strong>3:11<\/strong> <span style=\"text-decoration: underline;\">Krupi\u010dkov\u00e1 \/ Blaha<\/span><br \/>\n<span style=\"text-decoration: underline;\">Immonen \/ Sipil\u00e4<\/span> <strong>12:2<\/strong> Lerlov\u00e1 \/ V\u00e1lek<br \/>\nM\u00fcller \/ Ferguson <strong>6:10<\/strong> <span style=\"text-decoration: underline;\">Farkov\u00e1 \/ Jakl<\/span><br \/>\n<span style=\"text-decoration: underline;\">Hasil \/ Zenit<\/span> <strong>8:1<\/strong> Ko\u0161\u00e1kov\u00e1 \/ Votava<strong><br \/>\n<\/strong><\/p>\n<p style=\"text-align: center;\"><strong><a href=\"https:\/\/www.youtube.com\/live\/aIECoDksWr8?feature=shared\" target=\"_blank\" rel=\"noopener\">runda 4 \u2013 p\u00e1tek 17.30<\/a><br \/>\n<\/strong><span style=\"text-decoration: underline;\">Zelingrov\u00e1 \/ Chabi\u010dovsk\u00fd<\/span> <strong>8:5<\/strong> Cihl\u00e1\u0159ov\u00e1 \/ Macek<br \/>\nJo\u00f3 \/ Karasz <strong>1:5<\/strong> <span style=\"text-decoration: underline;\">Sch\u00f6ll \/ Sutor<\/span><br \/>\nLerlov\u00e1 \/ V\u00e1lek <strong>5:7<\/strong> <span style=\"text-decoration: underline;\">M\u00fcller \/ Ferguson<\/span><strong><br \/>\n<\/strong><\/p>\n<p style=\"text-align: center;\"><strong><a href=\"https:\/\/www.youtube.com\/live\/aifyc0eEY24?feature=shared\" target=\"_blank\" rel=\"noopener\">runda 3 \u2013 p\u00e1tek 14.30<\/a><br \/>\n<\/strong>Cihl\u00e1\u0159ov\u00e1 \/ Macek <strong>3:9<\/strong> <span style=\"text-decoration: underline;\">Sch\u00f6ll \/ Sutor<\/span><br \/>\nKo\u0161\u00e1kov\u00e1 \/ Votava <strong>3:8<\/strong> <span style=\"text-decoration: underline;\">Jo\u00f3 \/ Karasz<\/span><br \/>\nOtaegi \/ Unanue <strong>7:8<\/strong> <span style=\"text-decoration: underline;\">Immonen \/ Sipil\u00e4<\/span><br \/>\nKrupi\u010dkov\u00e1 \/ Blaha <strong>7:8<\/strong> <span style=\"text-decoration: underline;\">Farkov\u00e1 \/ Jakl<\/span><strong><br \/>\n<\/strong><\/p>\n<p style=\"text-align: center;\"><strong><a href=\"https:\/\/youtube.com\/live\/HJ9VMzuOALE\" target=\"_blank\" rel=\"noopener\">runda 2 \u2013 p\u00e1tek 11.30<\/a><\/strong><br \/>\nImmonen \/ Sipil\u00e4 <strong>5:7<\/strong> <span style=\"text-decoration: underline;\">Krupi\u010dkov\u00e1 \/ Blaha<\/span><br \/>\n<span style=\"text-decoration: underline;\">Farkov\u00e1 \/ Jakl<\/span> <strong>8:2<\/strong> Lerlov\u00e1 \/ V\u00e1lek<br \/>\n<span style=\"text-decoration: underline;\">Zelingrov\u00e1 \/ Chabi\u010dovsk\u00fd<\/span> <strong>8:3<\/strong> Hasil \/ Zenit<br \/>\n<span style=\"text-decoration: underline;\">Sch\u00f6ll \/ Sutor<\/span> <strong>8:5<\/strong> Ko\u0161\u00e1kov\u00e1 \/ Votava<\/p>\n<p style=\"text-align: center;\"><a href=\"https:\/\/www.youtube.com\/live\/6ziE7TnAOZk?feature=shared\" target=\"_blank\" rel=\"noopener\"><strong>runda 1 \u2013 p\u00e1tek 8.30<\/strong><\/a><br \/>\n<span style=\"text-decoration: underline;\">Zelingrov\u00e1 \/ Chabi\u010dovsk\u00fd<\/span> <strong>9:1<\/strong> Jo\u00f3 \/ Karasz<br \/>\nHasil \/ Zenit <strong>5:6<\/strong> <span style=\"text-decoration: underline;\">Cihl\u00e1\u0159ov\u00e1 \/ Macek<\/span><br \/>\n<span style=\"text-decoration: underline;\">Otaegi \/ Unanue<\/span> <strong>11:4<\/strong> M\u00fcller \/ Ferguson<\/p>\n<p>&nbsp;<\/p>\n<h4 style=\"text-align: center;\">Skupiny<\/h4>\n<p style=\"text-align: center;\"><span style=\"text-decoration: underline;\">skupina A<br \/>\n<\/span>Zelingrov\u00e1 \/ Chabi\u010dovsk\u00fd CZE<br \/>\nJo\u00f3 \/ Karasz HUN<br \/>\nHasil \/ Zenit TUR<br \/>\nCihl\u00e1\u0159ov\u00e1 \/ Macek CZE<br \/>\nSch\u00f6ll \/ Sutor GER<br \/>\nKo\u0161\u00e1kov\u00e1 \/ Votava CZE<\/p>\n<\/div>\n<p style=\"text-align: center;\"><span style=\"text-decoration: underline;\">skupina B<br \/>\n<\/span>Otaegi \/ Unanue ESP<br \/>\nM\u00fcller \/ Ferguson AUT<br \/>\nImmonen \/ Sipil\u00e4 FIN<br \/>\nKrupi\u010dkov\u00e1 \/ Blaha CZE<br \/>\nFarkov\u00e1 \/ Jakl CZE<br \/>\nLerlov\u00e1 \/ V\u00e1lek CZE<\/p>\n<p>&nbsp;<\/p>\n<h4 style=\"text-align: center;\">Dokumenty<\/h4>\n<p style=\"text-align: center;\"><a href=\"https:\/\/www.curling.cz\/wp-content\/uploads\/2025\/04\/MD-PRAGUE-TROPHY-2025-DRAW-updated.pdf\">rozpis<\/a><br \/>\n<a href=\"https:\/\/www.curling.cz\/wp-content\/uploads\/2025\/03\/SYSTEM-OF-PLAY-MD-PT-2025-FINAL.pdf\">pravidla\/system of play<\/a><br \/>\n<a href=\"https:\/\/www.curling.cz\/wp-content\/uploads\/2025\/04\/MD-PRAGUE-TROPHY-PLAYOFFS-2025.pdf\">playoff<\/a><\/p>\n<p>&nbsp;<\/p>\n<div class=\"elementor-widget-container\">\n<div class=\"elementor-widget-container\">\n<h4 style=\"text-align: center;\">Prize money<\/h4>\n<\/div>\n<p style=\"text-align: center;\">1. 830 \u20ac<br \/>\n2. 550 \u20ac<br \/>\n3. 370 \u20ac<br \/>\n4. 250 \u20ac<br \/>\nTaxes will be deducted<\/p>\n<\/div>\n<\/div>\n<\/div>\n<\/div>\n<p>&nbsp;<\/p>\n<h4 style=\"text-align: center;\">Last edition<\/h4>\n<p style=\"text-align: center;\">Chinese Han\/Zou won the 2024 Event. Details can be found <a href=\"https:\/\/www.curling.cz\/en\/mdtrophy2024\/\">here<\/a>.<\/p>\n","protected":false},"excerpt":{"rendered":"<p>5th edition of World Curling Tour WCT 200 Event Prague, Roztyly April 9th\u201412th, 2025 \u2192 \u010desky Results Detailed results can be found here. fin\u00e1le \u2013 ned\u011ble 12.30 Sch\u00f6ll \/ Sutor 9:8 Cihl\u00e1\u0159ov\u00e1 \/ Macek o bronz \u2013 ned\u011ble 12.30 Zelingrov\u00e1 \/ Chabi\u010dovsk\u00fd 5:8 Farkov\u00e1 \/ Jakl semifin\u00e1le \u2013 ned\u011ble 9.00 Cihl\u00e1\u0159ov\u00e1 \/ Macek 8:6 Zelingrov\u00e1 [&hellip;]<\/p>\n","protected":false},"author":3,"featured_media":0,"parent":0,"menu_order":0,"comment_status":"closed","ping_status":"closed","template":"","meta":{"_acf_changed":false,"footnotes":""},"class_list":["post-34956","page","type-page","status-publish","hentry"],"acf":[],"_links":{"self":[{"href":"https:\/\/www.curling.cz\/en\/wp-json\/wp\/v2\/pages\/34956","targetHints":{"allow":["GET"]}}],"collection":[{"href":"https:\/\/www.curling.cz\/en\/wp-json\/wp\/v2\/pages"}],"about":[{"href":"https:\/\/www.curling.cz\/en\/wp-json\/wp\/v2\/types\/page"}],"author":[{"embeddable":true,"href":"https:\/\/www.curling.cz\/en\/wp-json\/wp\/v2\/users\/3"}],"replies":[{"embeddable":true,"href":"https:\/\/www.curling.cz\/en\/wp-json\/wp\/v2\/comments?post=34956"}],"version-history":[{"count":29,"href":"https:\/\/www.curling.cz\/en\/wp-json\/wp\/v2\/pages\/34956\/revisions"}],"predecessor-version":[{"id":39165,"href":"https:\/\/www.curling.cz\/en\/wp-json\/wp\/v2\/pages\/34956\/revisions\/39165"}],"wp:attachment":[{"href":"https:\/\/www.curling.cz\/en\/wp-json\/wp\/v2\/media?parent=34956"}],"curies":[{"name":"wp","href":"https:\/\/api.w.org\/{rel}","templated":true}]}}