{"id":33878,"date":"2024-10-16T17:30:54","date_gmt":"2024-10-16T15:30:54","guid":{"rendered":"https:\/\/www.curling.cz\/?page_id=33878"},"modified":"2024-11-10T17:47:06","modified_gmt":"2024-11-10T16:47:06","slug":"pragueclassic2024","status":"publish","type":"page","link":"https:\/\/www.curling.cz\/en\/pragueclassic2024\/","title":{"rendered":"Prague Classic 2024"},"content":{"rendered":"<p style=\"text-align: center;\">6<sup>th<\/sup> edition of World Curling Tour Event 300<br \/>\nPrague, <a href=\"https:\/\/www.curling.cz\/hala-roztyly\/\">Roztyly Arena<\/a><\/p>\n<div class=\"elementor-element elementor-element-46d5f828 e-flex e-con-boxed e-con e-child\" data-id=\"46d5f828\" data-element_type=\"container\">\n<div class=\"e-con-inner\">\n<div class=\"elementor-element elementor-element-77484eba jh-content elementor-widget elementor-widget-theme-post-content\" data-id=\"77484eba\" data-element_type=\"widget\" data-widget_type=\"theme-post-content.default\">\n<div class=\"elementor-widget-container\">\n<p style=\"text-align: center;\"><strong>November 8<sup>th<\/sup> \u2014 10<sup>th<\/sup><\/strong><\/p>\n<p style=\"text-align: center;\"><b>Stream<\/b><\/p>\n<p style=\"text-align: center;\">There will be a static <a href=\"https:\/\/www.youtube.com\/@CeskyCurling\" target=\"_blank\" rel=\"noopener\">youtube<\/a> stream of all sheets in round robin. Selected sheets in playoff will be broadcasted on <a href=\"https:\/\/youtube.com\/playlist?list=PLVSUByQoevVrZMvYglOGk4urb9ElUO95K&amp;si=n_z5LBjWALOqfX_X\" target=\"_blank\" rel=\"noopener\">youtube<\/a> and at Czech TV website.<\/p>\n<h4 style=\"text-align: center;\">Results<\/h4>\n<p style=\"text-align: center;\">\ud83e\udd47 Nyman SWE<\/p>\n<p style=\"text-align: center;\">\ud83e\udd48 Kl\u00edma CZE<\/p>\n<p style=\"text-align: center;\">\ud83e\udd49 Pimpini ITA<\/p>\n<p style=\"text-align: center;\">Results can be found <a href=\"https:\/\/worldcurlingtour.org\/men\/event\/933\" target=\"_blank\" rel=\"noopener\">here<\/a>.<\/p>\n<p style=\"text-align: center;\"><a href=\"https:\/\/youtube.com\/live\/vJ7gk4DpsSs\" target=\"_blank\" rel=\"noopener\"><strong>final<\/strong><\/a><br \/>\n\ud83d\udcfaKl\u00edma \u2014 Nyman<\/p>\n<p style=\"text-align: center;\"><a href=\"https:\/\/youtube.com\/live\/vJ7gk4DpsSs\" target=\"_blank\" rel=\"noopener\"><strong>bronze game \u2013 sunday 14.30<\/strong><\/a><br \/>\nPimpini \u2014 H\u00e5rstad<\/p>\n<p style=\"text-align: center;\"><a href=\"https:\/\/www.youtube.com\/live\/2wLZYsbxYa8\" target=\"_blank\" rel=\"noopener\"><strong>semifinals \u2013 sunday 11.15<br \/>\n<\/strong><\/a>\ud83d\udcfa Kl\u00edma \u2014 H\u00e5rstad<br \/>\nNyman \u2014 Pimpini<\/p>\n<p style=\"text-align: center;\"><a href=\"https:\/\/www.youtube.com\/live\/ByMq5_gc-IY\" target=\"_blank\" rel=\"noopener\"><strong>qualification \u2013 sunday 8.00<br \/>\n<\/strong><\/a>\ud83d\udcfaLandelius <strong>2:3<\/strong> <span style=\"text-decoration: underline;\">Pimpini<\/span><br \/>\nKarag\u00f6z <strong>2:5<\/strong> <span style=\"text-decoration: underline;\">H\u00e5rstad<\/span><\/p>\n<table class=\" aligncenter\" style=\"border-collapse: collapse; width: 62.0366%; height: 226px;\">\n<tbody>\n<tr style=\"height: 24px;\">\n<td style=\"height: 24px; width: 143.426%;\" colspan=\"5\"><strong>Standings<\/strong><\/td>\n<\/tr>\n<tr style=\"height: 24px;\">\n<td style=\"width: 3.84747%; height: 24px;\"><\/td>\n<td style=\"width: 43.194%; height: 24px;\"><span style=\"text-decoration: underline;\">group A<\/span><\/td>\n<td style=\"width: 1.69205%; height: 24px;\"><\/td>\n<td style=\"width: 44.275%; height: 24px;\"><span style=\"text-decoration: underline;\">group B<\/span><\/td>\n<td style=\"width: 50.4172%; height: 24px;\"><\/td>\n<\/tr>\n<tr style=\"height: 24px;\">\n<td style=\"width: 3.84747%; height: 24px;\">1.<\/td>\n<td style=\"width: 43.194%; height: 24px;\">Nyman SWE \u2192 SF<\/td>\n<td style=\"width: 1.69205%; height: 24px;\">4:1<\/td>\n<td style=\"width: 44.275%; height: 24px;\">Kl\u00edma CZE \u2192 SF<\/td>\n<td style=\"width: 50.4172%; height: 24px;\">4:1<\/td>\n<\/tr>\n<tr style=\"height: 24px;\">\n<td style=\"width: 3.84747%; height: 24px;\">2.<\/td>\n<td style=\"width: 43.194%; height: 24px;\">Karag\u00f6z TUR \u2192 Q<\/td>\n<td style=\"width: 1.69205%; height: 24px;\">4:1<\/td>\n<td style=\"width: 44.275%; height: 24px;\">Pimpini ITA \u2192 Q<\/td>\n<td style=\"width: 50.4172%; height: 24px;\">4:1<\/td>\n<\/tr>\n<tr style=\"height: 24px;\">\n<td style=\"width: 3.84747%; height: 24px;\">3.<\/td>\n<td style=\"width: 43.194%; height: 24px;\">Landelius SWE \u2192 Q<\/td>\n<td style=\"width: 1.69205%; height: 24px;\">3:2<\/td>\n<td style=\"width: 44.275%; height: 24px;\">H\u00e5rstad NOR \u2192 Q<\/td>\n<td style=\"width: 50.4172%; height: 24px;\">4:1<\/td>\n<\/tr>\n<tr style=\"height: 24px;\">\n<td style=\"width: 3.84747%; height: 24px;\">4.<\/td>\n<td style=\"width: 43.194%; height: 24px;\">Chabi\u010dovsk\u00fd CZE<\/td>\n<td style=\"width: 1.69205%; height: 24px;\">2:3<\/td>\n<td style=\"width: 44.275%; height: 24px;\">Stych POL<\/td>\n<td style=\"width: 50.4172%; height: 24px;\">2:3<\/td>\n<\/tr>\n<tr style=\"height: 24px;\">\n<td style=\"width: 3.84747%; height: 24px;\">5.<\/td>\n<td style=\"width: 43.194%; height: 24px;\">\u0160ik CZE<\/td>\n<td style=\"width: 1.69205%; height: 24px;\">2:3<\/td>\n<td style=\"width: 44.275%; height: 24px;\">P\u011bni\u010dka CZE<\/td>\n<td style=\"width: 50.4172%; height: 24px;\">1:4<\/td>\n<\/tr>\n<tr style=\"height: 24px;\">\n<td style=\"width: 3.84747%; height: 24px;\">6.<\/td>\n<td style=\"width: 43.194%; height: 24px;\">Mat\u011bj\u00ed\u010dek CZE<\/td>\n<td style=\"width: 1.69205%; height: 24px;\">0:5<\/td>\n<td style=\"width: 44.275%; height: 24px;\">Vedral CZE<\/td>\n<td style=\"width: 50.4172%; height: 24px;\">0:5<\/td>\n<\/tr>\n<\/tbody>\n<\/table>\n<p style=\"text-align: center;\"><a href=\"https:\/\/youtube.com\/live\/e3TB8RVEa4Q\" target=\"_blank\" rel=\"noopener\"><strong>round 8 \u2013 saturday 20.00<\/strong><\/a><br \/>\n<span style=\"text-decoration: underline;\">H\u00e5rstad<\/span> <strong>6:5<\/strong> Pimpini<br \/>\n<span style=\"text-decoration: underline;\">Stych<\/span> <strong>9:3<\/strong> Vedral<br \/>\nNyman <strong>3:5<\/strong> <span style=\"text-decoration: underline;\">Landelius<\/span><br \/>\n<span style=\"text-decoration: underline;\">Kl\u00edma<\/span> <strong>8:2<\/strong> P\u011bni\u010dka<\/p>\n<p style=\"text-align: center;\"><a href=\"https:\/\/www.youtube.com\/live\/FHbdT8EvRbY\" target=\"_blank\" rel=\"noopener\"><strong>round 7 \u2013 saturday 16.00<br \/>\n<\/strong><\/a>Mat\u011bj\u00ed\u010dek <strong>0:9<\/strong> <span style=\"text-decoration: underline;\">\u0160ik<\/span><br \/>\nChabi\u010dovsk\u00fd <strong>5:9<\/strong> <span style=\"text-decoration: underline;\">Karag\u00f6z<\/span><br \/>\n<span style=\"text-decoration: underline;\">Pimpini<\/span> <strong>7:2<\/strong> P\u011bni\u010dka<br \/>\n<span style=\"text-decoration: underline;\">H\u00e5rstad<\/span> <strong>9:4<\/strong> Vedral<\/p>\n<p style=\"text-align: center;\"><strong><a href=\"https:\/\/www.youtube.com\/live\/SvZBNdq_tlc\" target=\"_blank\" rel=\"noopener\">round 6 \u2013 saturday 12.00<\/a><br \/>\n<\/strong><span style=\"text-decoration: underline;\">Kl\u00edma<\/span> <strong>7:6<\/strong> Stych<br \/>\n<span style=\"text-decoration: underline;\">\u0160ik<\/span> <strong>9:5<\/strong> Landelius<br \/>\nMat\u011bj\u00ed\u010dek <strong>2:12<\/strong> <span style=\"text-decoration: underline;\">Karag\u00f6z<\/span><br \/>\n<span style=\"text-decoration: underline;\">Nyman<\/span> <strong>10:3<\/strong> Chabi\u010dovsk\u00fd<strong><br \/>\n<\/strong><\/p>\n<p style=\"text-align: center;\"><a href=\"https:\/\/www.youtube.com\/live\/PFRvCdLGyRE\" target=\"_blank\" rel=\"noopener\"><strong>round 5 \u2013 saturday 8.00<\/strong><\/a><br \/>\n<span style=\"text-decoration: underline;\">Pimpini<\/span> <strong>9:2<\/strong> Kl\u00edma<br \/>\n<span style=\"text-decoration: underline;\">P\u011bni\u010dka<\/span> <strong>6:4<\/strong> Vedral<br \/>\nStych <strong>3:8<\/strong> <span style=\"text-decoration: underline;\">H\u00e5rstad<\/span><\/p>\n<p style=\"text-align: center;\"><a href=\"https:\/\/www.youtube.com\/live\/xRqq33ammm4\" target=\"_blank\" rel=\"noopener\"><b>round 4 \u2013 friday 20.00<\/b><\/a><br \/>\n\u0160ik <strong>1:11<\/strong> <span style=\"text-decoration: underline;\">Nyman<\/span><br \/>\nLandelius <strong>7:9<\/strong> <span style=\"text-decoration: underline;\">Karag\u00f6z<\/span><br \/>\n<span style=\"text-decoration: underline;\">Chabi\u010dovsk\u00fd<\/span> <strong>8:4<\/strong> Mat\u011bj\u00ed\u010dek<\/p>\n<p style=\"text-align: center;\"><a href=\"https:\/\/www.youtube.com\/live\/UdzWTUdarKo\" target=\"_blank\" rel=\"noopener\"><b>round 3 \u2013 friday 16.00<br \/>\n<\/b><\/a><span style=\"text-decoration: underline;\">H\u00e5rstad<\/span> <strong>9:3<\/strong> P\u011bni\u010dka<br \/>\n<span style=\"text-decoration: underline;\">Landelius<\/span> <strong>7:5<\/strong> Mat\u011bj\u00ed\u010dek<br \/>\n<span style=\"text-decoration: underline;\">Pimpini<\/span> <strong>7:6<\/strong> Stych<br \/>\nVedral <strong>3:6<\/strong> <span style=\"text-decoration: underline;\">Kl\u00edma<\/span><\/p>\n<p style=\"text-align: center;\"><a href=\"https:\/\/www.youtube.com\/live\/e8Hu43fMlJU\" target=\"_blank\" rel=\"noopener\"><b>round 2 \u2013 friday 12.00<br \/>\n<\/b><\/a><span style=\"text-decoration: underline;\">Pimpini<\/span> <strong>7:1<\/strong> Vedral<br \/>\n<span style=\"text-decoration: underline;\">Kl\u00edma<\/span> <strong>5:3<\/strong> H\u00e5rstad<br \/>\n\u0160ik <strong>7:8<\/strong> <span style=\"text-decoration: underline;\">Chabi\u010dovsk\u00fd<\/span><br \/>\nKarag\u00f6z <strong>5:8<\/strong> <span style=\"text-decoration: underline;\">Nyman<\/span><\/p>\n<p style=\"text-align: center;\"><a href=\"https:\/\/www.youtube.com\/live\/Lez3bMPrUyA\" target=\"_blank\" rel=\"noopener\"><b>round 1 \u2013 friday 8.00<br \/>\n<\/b><\/a><span style=\"text-decoration: underline;\">Landelius<\/span> <b>6:4<\/b> Chabi\u010dovsk\u00fd<br \/>\n<span style=\"text-decoration: underline;\">Karag\u00f6z<\/span> <strong>10:5<\/strong> \u0160ik<br \/>\n<span style=\"text-decoration: underline;\">Nyman<\/span> <strong>10:4<\/strong> Mat\u011bj\u00ed\u010dek<br \/>\nP\u011bni\u010dka <strong>3:4<\/strong> <span style=\"text-decoration: underline;\">Stych<\/span><\/p>\n<p style=\"text-align: center;\"><b>Schedule<\/b><\/p>\n<p style=\"text-align: center;\"><strong><a href=\"https:\/\/www.curling.cz\/wp-content\/uploads\/2024\/10\/PRAGUE-CLASSIC-2024-DRAW.pdf\">schedule<\/a><br \/>\n<\/strong><a href=\"https:\/\/www.curling.cz\/wp-content\/uploads\/2024\/10\/PRAGUE-CLASSIC-2024-PLAYOFFS.pdf\">playoffs<\/a><br \/>\n<a href=\"https:\/\/www.curling.cz\/wp-content\/uploads\/2024\/10\/System-of-play-Prague-Classic_24.pdf\">system of play<\/a><\/p>\n<p style=\"text-align: center;\"><b>Groups<\/b><\/p>\n<p style=\"text-align: center;\"><span style=\"text-decoration: underline;\">group A<\/span><br \/>\nChabi\u010dovsk\u00fd CZE<br \/>\nLandelius SWE<br \/>\nKarag\u00f6z TUR<br \/>\nNyman SWE<br \/>\nMat\u011bj\u00ed\u010dek CZE<br \/>\n\u0160ik CZE<\/p>\n<p style=\"text-align: center;\"><span style=\"text-decoration: underline;\">group B<\/span><br \/>\nStych POL<br \/>\nP\u011bni\u010dka CZE<br \/>\nVedral CZE<br \/>\nKl\u00edma CZE<br \/>\nH\u00e5rstad NOR<br \/>\nPimpini ITA<\/p>\n<\/div>\n<\/div>\n<\/div>\n<\/div>\n<h4 style=\"text-align: center;\">Partners<\/h4>\n<p style=\"text-align: center;\">WCT Prague Classic 2024 is held under the auspices of<br \/>\n<strong>Mr Ond\u0159ej \u0160ebek, National Sport Agency Chairman<br \/>\n<\/strong>and<br \/>\n<strong>Mr Anton\u00edn Klecanda, City of Prague Councillor<\/strong><\/p>\n<table class=\" aligncenter\" style=\"width: 100%;\">\n<tbody>\n<tr>\n<td style=\"width: 29.3518%; border-color: #ffffff; vertical-align: middle; background-color: #fdfdfd;\"><strong><img fetchpriority=\"high\" decoding=\"async\" class=\"alignnone wp-image-29584\" src=\"https:\/\/www.curling.cz\/wp-content\/uploads\/2021\/11\/nsa_eng.jpg\" alt=\"\" width=\"383\" height=\"148\" srcset=\"https:\/\/www.curling.cz\/wp-content\/uploads\/2021\/11\/nsa_eng.jpg 587w, https:\/\/www.curling.cz\/wp-content\/uploads\/2021\/11\/nsa_eng-300x116.jpg 300w\" sizes=\"(max-width: 383px) 100vw, 383px\" \/><\/strong><\/td>\n<td style=\"width: 14.858%; border-color: #ffffff; vertical-align: middle; background-color: #fdfdfd;\"><img decoding=\"async\" class=\"aligncenter wp-image-12402\" src=\"http:\/\/curling.cz\/wp-content\/uploads\/2018\/12\/478607_1953_Praha_logo.gif\" alt=\"\" width=\"99\" height=\"99\"><\/td>\n<\/tr>\n<\/tbody>\n<\/table>\n<h4 style=\"text-align: center;\">Contact<\/h4>\n<p style=\"text-align: center;\">Eleonora Vydrov\u00e1<br \/>\n+420 602 318 968<br \/>\ncoordinator@curling.cz<\/p>\n<h4 style=\"text-align: center;\">Last edition<\/h4>\n<p style=\"text-align: center;\">Czech National Team skipped by Luk\u00e1\u0161 Kl\u00edma won the Prague Classic 2023. Read more <a href=\"https:\/\/www.curling.cz\/pragueclassic2023\/\">here<\/a>.<\/p>\n<p>&nbsp;<\/p>\n<div class=\"elementor-element elementor-element-46d5f828 e-flex e-con-boxed e-con e-child\" data-id=\"46d5f828\" data-element_type=\"container\">\n<div class=\"e-con-inner\">\n<div class=\"elementor-element elementor-element-77484eba jh-content elementor-widget elementor-widget-theme-post-content\" data-id=\"77484eba\" data-element_type=\"widget\" data-widget_type=\"theme-post-content.default\">\n<div class=\"elementor-widget-container\">\n<p style=\"text-align: center;\"><img decoding=\"async\" class=\"alignnone wp-image-32887\" src=\"https:\/\/www.curling.cz\/wp-content\/uploads\/2024\/05\/Logo-CC.jpg\" alt=\"\" width=\"185\" height=\"52\">\u00a0\u00a0<img loading=\"lazy\" decoding=\"async\" class=\"alignnone wp-image-32889\" src=\"https:\/\/www.curling.cz\/wp-content\/uploads\/2024\/05\/Logo-WCT.png\" alt=\"\" width=\"143\" height=\"57\">\u00a0\u00a0<img loading=\"lazy\" decoding=\"async\" class=\"alignnone wp-image-32924\" src=\"https:\/\/www.curling.cz\/wp-content\/uploads\/2024\/05\/Alpine-Pro-logo-300x100.jpg\" alt=\"\" width=\"165\" height=\"55\" srcset=\"https:\/\/www.curling.cz\/wp-content\/uploads\/2024\/05\/Alpine-Pro-logo-300x100.jpg 300w, https:\/\/www.curling.cz\/wp-content\/uploads\/2024\/05\/Alpine-Pro-logo-768x257.jpg 768w, https:\/\/www.curling.cz\/wp-content\/uploads\/2024\/05\/Alpine-Pro-logo.jpg 1024w\" sizes=\"(max-width: 165px) 100vw, 165px\" \/>\u00a0<img loading=\"lazy\" decoding=\"async\" class=\"alignnone wp-image-32989\" src=\"https:\/\/www.curling.cz\/wp-content\/uploads\/2024\/06\/LOGO-Prague-Classic-300x153.jpg\" alt=\"\" width=\"153\" height=\"78\" srcset=\"https:\/\/www.curling.cz\/wp-content\/uploads\/2024\/06\/LOGO-Prague-Classic-300x153.jpg 300w, https:\/\/www.curling.cz\/wp-content\/uploads\/2024\/06\/LOGO-Prague-Classic.jpg 533w\" sizes=\"(max-width: 153px) 100vw, 153px\" \/><\/p>\n<p style=\"text-align: center;\"><strong><img loading=\"lazy\" decoding=\"async\" class=\"alignnone wp-image-32883 aligncenter\" src=\"https:\/\/www.curling.cz\/wp-content\/uploads\/2024\/05\/Praha-300x99.jpg\" alt=\"\" width=\"534\" height=\"176\" srcset=\"https:\/\/www.curling.cz\/wp-content\/uploads\/2024\/05\/Praha-300x99.jpg 300w, https:\/\/www.curling.cz\/wp-content\/uploads\/2024\/05\/Praha-1024x338.jpg 1024w, https:\/\/www.curling.cz\/wp-content\/uploads\/2024\/05\/Praha-768x253.jpg 768w, https:\/\/www.curling.cz\/wp-content\/uploads\/2024\/05\/Praha.jpg 1200w\" sizes=\"(max-width: 534px) 100vw, 534px\" \/><\/strong><\/p>\n<p style=\"text-align: center;\">We are pleased to confirm the 6th edition of the\u00a0<strong>PRAGUE CLASSIC 2024<\/strong><\/p>\n<p style=\"text-align: center;\">which will take place\u00a0<strong>NOVE<\/strong><strong>MBER 7th \u2013 10th, 2024<\/strong><\/p>\n<p style=\"text-align: center;\">in the beautiful and historic Capital of the Czech Republic.<\/p>\n<p style=\"text-align: center;\">This event for 24 mens teams will be held as the last WCT Event before the WCF European Championships 2024.<\/p>\n<p style=\"text-align: center;\">The event will be hosted at Roztyly Ice Rink which is a modern 4 sheet facility.<\/p>\n<p style=\"text-align: center;\">Prague Airport is easily accessed by National and Budget carriers.<\/p>\n<p style=\"text-align: center;\"><strong><img loading=\"lazy\" decoding=\"async\" class=\"alignnone wp-image-32983\" src=\"https:\/\/www.curling.cz\/wp-content\/uploads\/2024\/06\/53327436586_355c59fe7d_w-300x200.jpg\" alt=\"\" width=\"228\" height=\"152\" srcset=\"https:\/\/www.curling.cz\/wp-content\/uploads\/2024\/06\/53327436586_355c59fe7d_w-300x200.jpg 300w, https:\/\/www.curling.cz\/wp-content\/uploads\/2024\/06\/53327436586_355c59fe7d_w.jpg 400w\" sizes=\"(max-width: 228px) 100vw, 228px\" \/><img loading=\"lazy\" decoding=\"async\" class=\"alignnone wp-image-32981\" src=\"https:\/\/www.curling.cz\/wp-content\/uploads\/2024\/06\/53327435246_d967c80e85_c-300x200.jpg\" alt=\"\" width=\"230\" height=\"153\" srcset=\"https:\/\/www.curling.cz\/wp-content\/uploads\/2024\/06\/53327435246_d967c80e85_c-300x200.jpg 300w, https:\/\/www.curling.cz\/wp-content\/uploads\/2024\/06\/53327435246_d967c80e85_c-768x512.jpg 768w, https:\/\/www.curling.cz\/wp-content\/uploads\/2024\/06\/53327435246_d967c80e85_c.jpg 799w\" sizes=\"(max-width: 230px) 100vw, 230px\" \/><\/strong><strong><img loading=\"lazy\" decoding=\"async\" class=\"alignnone wp-image-32994\" src=\"https:\/\/www.curling.cz\/wp-content\/uploads\/2024\/06\/53321965216_923c9ffa15_w-300x200.jpg\" alt=\"\" width=\"233\" height=\"155\" srcset=\"https:\/\/www.curling.cz\/wp-content\/uploads\/2024\/06\/53321965216_923c9ffa15_w-300x200.jpg 300w, https:\/\/www.curling.cz\/wp-content\/uploads\/2024\/06\/53321965216_923c9ffa15_w.jpg 400w\" sizes=\"(max-width: 233px) 100vw, 233px\" \/><\/strong><\/p>\n<p style=\"text-align: center;\">* ENTRY DEADLINE: paid by bank transfer:\u00a0<strong>before August 31<\/strong><strong><sup>st<\/sup><\/strong><strong>,<\/strong>\u00a0<strong>2024<\/strong>\u00a0to confirm your Team.<\/p>\n<p style=\"text-align: center;\">Payment details will be sent to the teams accepted in the Draw during August 2024.<\/p>\n<p style=\"text-align: center;\"><strong>* Entry Fee 880 \u20ac<\/strong><\/p>\n<p style=\"text-align: center;\"><strong>* Prize Money 13.500 \u20ac in total<\/strong>\u00a0in case 24 teams will apply.<\/p>\n<p style=\"text-align: center;\">LOC has a right to change Prize money in case of less teams applied to the event. Withholding taxes will be deducted.<\/p>\n<p style=\"text-align: center;\"><strong>\u00a0 \u00a0 \u00a0 ______________________________________________________________<\/strong><\/p>\n<p style=\"text-align: center;\">* Entry Fee includes 1 hour pre-event Practice Ice on Thursday am November 7<sup>th<\/sup>\u00a0(first come first served as the space is limited)<\/p>\n<p style=\"text-align: center;\">* Conditions in case you cancel your participation in this tournament:<\/p>\n<p style=\"text-align: center;\">\u2013 before October 1<sup>st<\/sup>\u00a02024 \u2013 50 EUR as the handling fee<\/p>\n<p style=\"text-align: center;\">\u2013 2-4 weeks before the tournament \u2013 \u00a0450 EUR<\/p>\n<p style=\"text-align: center;\">\u2013 less than 14 days before the tournament \u2013 880 EUR<\/p>\n<p style=\"text-align: center;\">* System of play \u2013 Round robin in group + playoff<\/p>\n<p style=\"text-align: center;\"><strong>The application deadline: 31. 7. 2024<\/strong><\/p>\n<p style=\"text-align: center;\"><strong>The applications to be sent: coordinator@curling.cz<\/strong><\/p>\n<\/div>\n<\/div>\n<\/div>\n<\/div>\n","protected":false},"excerpt":{"rendered":"<p>6th edition of World Curling Tour Event 300 Prague, Roztyly Arena November 8th \u2014 10th Stream There will be a static youtube stream of all sheets in round robin. Selected sheets in playoff will be broadcasted on youtube and at Czech TV website. Results \ud83e\udd47 Nyman SWE \ud83e\udd48 Kl\u00edma CZE \ud83e\udd49 Pimpini ITA Results can [&hellip;]<\/p>\n","protected":false},"author":3,"featured_media":0,"parent":0,"menu_order":0,"comment_status":"closed","ping_status":"closed","template":"","meta":{"_acf_changed":false,"footnotes":""},"class_list":["post-33878","page","type-page","status-publish","hentry"],"acf":[],"_links":{"self":[{"href":"https:\/\/www.curling.cz\/en\/wp-json\/wp\/v2\/pages\/33878","targetHints":{"allow":["GET"]}}],"collection":[{"href":"https:\/\/www.curling.cz\/en\/wp-json\/wp\/v2\/pages"}],"about":[{"href":"https:\/\/www.curling.cz\/en\/wp-json\/wp\/v2\/types\/page"}],"author":[{"embeddable":true,"href":"https:\/\/www.curling.cz\/en\/wp-json\/wp\/v2\/users\/3"}],"replies":[{"embeddable":true,"href":"https:\/\/www.curling.cz\/en\/wp-json\/wp\/v2\/comments?post=33878"}],"version-history":[{"count":40,"href":"https:\/\/www.curling.cz\/en\/wp-json\/wp\/v2\/pages\/33878\/revisions"}],"predecessor-version":[{"id":34381,"href":"https:\/\/www.curling.cz\/en\/wp-json\/wp\/v2\/pages\/33878\/revisions\/34381"}],"wp:attachment":[{"href":"https:\/\/www.curling.cz\/en\/wp-json\/wp\/v2\/media?parent=33878"}],"curies":[{"name":"wp","href":"https:\/\/api.w.org\/{rel}","templated":true}]}}