{"id":33491,"date":"2024-10-03T00:17:35","date_gmt":"2024-10-02T22:17:35","guid":{"rendered":"https:\/\/www.curling.cz\/?page_id=33491"},"modified":"2024-10-09T20:14:15","modified_gmt":"2024-10-09T18:14:15","slug":"ejct2024","status":"publish","type":"page","link":"https:\/\/www.curling.cz\/en\/ejct2024\/","title":{"rendered":"EJCT 2024"},"content":{"rendered":"<p style=\"text-align: center;\">9<sup>th<\/sup> Edition of European Junior Curling Tour EJCT Event<br \/>\nPrague, <a href=\"https:\/\/www.curling.cz\/hala-roztyly\/\">Roztyly Arena<\/a><\/p>\n<h3 style=\"text-align: center;\"><a href=\"https:\/\/www.curling.cz\/en\/ejct2024\/\"><strong>\u2192<\/strong> \u010desky<\/a><\/h3>\n<p style=\"text-align: center;\">Junior Event held in boys and girls categories. 2550 \u20ac prize money to be awarded.<br \/>\n\ud83d\udcfaThere will be a static <a href=\"https:\/\/www.youtube.com\/playlist?list=PLVSUByQoevVoU4D8F-BdqImjZ8tPyTSpF\" target=\"_blank\" rel=\"noopener\">youtube<\/a> stream of all sheets with no commentary.<\/p>\n<p style=\"text-align: center;\">The Event is held under the auspices of National Sport Agency and the City of Prague<\/p>\n<h3 style=\"text-align: center;\">Final standings<\/h3>\n<p style=\"text-align: center;\"><strong>girls<\/strong><\/p>\n<p style=\"text-align: center;\">\ud83e\udd47 1. Messenzehl GER<\/p>\n<p style=\"text-align: center;\">\ud83e\udd48 2. Farkov\u00e1 CZE<\/p>\n<p style=\"text-align: center;\">\ud83e\udd49 3. Plett CAN<\/p>\n<p style=\"text-align: center;\"><strong>boys<\/strong><\/p>\n<p style=\"text-align: center;\">\ud83e\udd47 1. Gilli ITA<\/p>\n<p style=\"text-align: center;\">\ud83e\udd48 2. Thomson SCO<\/p>\n<p style=\"text-align: center;\">\ud83e\udd49 3. Craik SCO<\/p>\n<h4 style=\"text-align: center;\">Results<\/h4>\n<p style=\"text-align: center;\"><a href=\"https:\/\/www.youtube.com\/live\/uXB1iLeuN50?si=hfi7vK26AEmKEjLB\" target=\"_blank\" rel=\"noopener\"><strong>final games<\/strong><\/a><br \/>\n<span style=\"text-decoration: underline;\">Messenzehl<\/span> <strong>7:2<\/strong> Farkov\u00e1<br \/>\n<span style=\"text-decoration: underline;\">Gilli<\/span> <strong>8:5<\/strong> Thomson<\/p>\n<p style=\"text-align: center;\"><a href=\"https:\/\/www.youtube.com\/live\/uXB1iLeuN50?si=hfi7vK26AEmKEjLB\" target=\"_blank\" rel=\"noopener\"><strong>bronze game<\/strong><\/a><br \/>\nSoutar <strong>5:9<\/strong> <span style=\"text-decoration: underline;\">Plett<\/span><br \/>\n<span style=\"text-decoration: underline;\">Craik<\/span> <strong>8:5<\/strong> Lundberg<\/p>\n<p style=\"text-align: center;\"><strong><a href=\"https:\/\/www.youtube.com\/live\/2J9iNEVm1wU?si=bfe1HeVfuUOO9zyG\" target=\"_blank\" rel=\"noopener\">semifinals<\/a><br \/>\n<\/strong><span style=\"text-decoration: underline;\">Messenzehl<\/span> <strong>7:5<\/strong> Plett<br \/>\n<span style=\"text-decoration: underline;\">Farkov\u00e1<\/span> <strong>8:6<\/strong> Soutar<br \/>\n<span style=\"text-decoration: underline;\">Thomson<\/span> <strong>7:3<\/strong> Lundberg<br \/>\n<span style=\"text-decoration: underline;\">Gilli<\/span> <strong>6:1<\/strong> Craik<\/p>\n<p style=\"text-align: center;\"><strong><a href=\"https:\/\/www.youtube.com\/live\/Cp72GUWwQYU?si=Ze4Cc7uerobQMNBv\" target=\"_blank\" rel=\"noopener\">quarterfinals \u2013 boys<\/a><br \/>\n<\/strong>Butzmann <strong>0:9<\/strong> <span style=\"text-decoration: underline;\">Craik<\/span><br \/>\n<span style=\"text-decoration: underline;\">Lundberg<\/span> <strong>7:5<\/strong> P\u011bni\u010dka<br \/>\nZass <strong>3:5<\/strong> <span style=\"text-decoration: underline;\">Thomson<\/span><br \/>\nMat\u011bj\u00ed\u010dek <strong>3:12<\/strong> <span style=\"text-decoration: underline;\">Gilli<\/span><\/p>\n<p style=\"text-align: center;\"><strong><a href=\"https:\/\/www.youtube.com\/live\/BXLyaH7paK8?si=EJvSs4YA7axcgRDV\" target=\"_blank\" rel=\"noopener\">quarterfinals \u2013 girls<\/a><br \/>\n<\/strong><span style=\"text-decoration: underline;\">Plett<\/span> <strong>9:2<\/strong> Oberson<br \/>\n<span style=\"text-decoration: underline;\">Farkov\u00e1<\/span> <strong>5:4<\/strong> Mariani<br \/>\n<span style=\"text-decoration: underline;\">Soutar<\/span> <strong>9:2<\/strong> Krupi\u010dkov\u00e1<br \/>\n<span style=\"text-decoration: underline;\">Messenzehl<\/span> <strong>5:3<\/strong> Laurie<\/p>\n<p style=\"text-align: center;\"><strong><a href=\"https:\/\/www.youtube.com\/live\/_irzg2_EAK8?si=XA1due8d7VJQLi22\" target=\"_blank\" rel=\"noopener\">qualification \u2013\u00a0 boys<\/a><br \/>\n<\/strong>Zenit <strong>4:10<\/strong> <span style=\"text-decoration: underline;\">Mat\u011bj\u00ed\u010dek<\/span><br \/>\n<span style=\"text-decoration: underline;\">Zass<\/span> <strong>7:6<\/strong> Bayramo\u011flu<br \/>\nFrynia <strong>3:6<\/strong> <span style=\"text-decoration: underline;\">P\u011bni\u010dka<\/span><br \/>\n<span style=\"text-decoration: underline;\">Craik<\/span> <strong>8:5<\/strong> J\u00e4ger<\/p>\n<p style=\"text-align: center;\"><strong><a href=\"https:\/\/www.youtube.com\/live\/laf3r2Zf--M?si=8-hFuwdnaKbIBk0C\" target=\"_blank\" rel=\"noopener\">qualification \u2013 girls<\/a><br \/>\n<\/strong>Leigh <strong>3:10<\/strong> <span style=\"text-decoration: underline;\">Krupi\u010dkov\u00e1<\/span><br \/>\n<span style=\"text-decoration: underline;\">Oberon<\/span> <strong>5:3<\/strong> Schmidt<br \/>\n<span style=\"text-decoration: underline;\">Laurie<\/span> <strong>7:6<\/strong> von Arx<br \/>\nFrynia <strong>0:7<\/strong> <span style=\"text-decoration: underline;\">Mariani<\/span><\/p>\n<p style=\"text-align: center;\"><strong>round robin \u2013 girls<\/strong><\/p>\n<p style=\"text-align: center;\"><span style=\"color: #333399;\">Marked teams advance to quarterfinals. Others will compete in qualification.<\/span><\/p>\n<table class=\" alignleft\" style=\"border-collapse: collapse; width: 97.9605%; height: 118px;\">\n<tbody>\n<tr style=\"height: 22px;\">\n<td style=\"width: 15.384%; text-align: center; height: 22px;\" colspan=\"3\"><span style=\"text-decoration: underline;\">group A<\/span><\/td>\n<td style=\"width: 15.4415%; text-align: center; height: 22px;\" colspan=\"3\"><span style=\"text-decoration: underline;\">group B<\/span><\/td>\n<td style=\"width: 16.8588%; text-align: center; height: 22px;\" colspan=\"3\"><span style=\"text-decoration: underline;\">group C<\/span><\/td>\n<\/tr>\n<tr style=\"height: 24px;\">\n<td style=\"width: 0.794211%; height: 24px; text-align: right;\">1.<\/td>\n<td style=\"width: 11.7768%; height: 24px; text-align: center;\"><span style=\"color: #333399;\">Plett<\/span><br \/>\n<span style=\"color: #333399;\">CAN<\/span><\/td>\n<td style=\"width: 2.81297%; height: 24px; text-align: center;\">3:0<br \/>\n<span style=\"color: #999999;\">24,3<\/span><\/td>\n<td style=\"width: 2.23048%; height: 24px; text-align: right;\">1.<\/td>\n<td style=\"width: 9.93366%; height: 24px; text-align: center;\"><span style=\"color: #333399;\">Farkov\u00e1<\/span><br \/>\n<span style=\"color: #333399;\"><strong>CZE<\/strong><\/span><\/td>\n<td style=\"width: 3.2774%; height: 24px; text-align: center;\">3:0<br \/>\n<span style=\"color: #999999;\">14,8<\/span><\/td>\n<td style=\"width: 2.9382%; text-align: right; height: 24px;\">1.<\/td>\n<td style=\"width: 10.2636%; height: 24px; text-align: center;\"><span style=\"color: #333399;\">Messenzehl<\/span><br \/>\n<span style=\"color: #333399;\">GER<\/span><\/td>\n<td style=\"width: 3.65701%; height: 24px; text-align: center;\">2:1<br \/>\n<span style=\"color: #999999;\">19,3<\/span><\/td>\n<\/tr>\n<tr style=\"height: 24px;\">\n<td style=\"width: 0.794211%; height: 24px; text-align: right;\">2.<\/td>\n<td style=\"width: 11.7768%; height: 24px; text-align: center;\"><span style=\"color: #333399;\">Soutar<\/span><br \/>\n<span style=\"color: #333399;\">SCO<\/span><\/td>\n<td style=\"width: 2.81297%; height: 24px; text-align: center;\">2:1<br \/>\n<span style=\"color: #999999;\">1,0<\/span><\/td>\n<td style=\"width: 2.23048%; height: 24px; text-align: right;\">2.<\/td>\n<td style=\"width: 9.93366%; height: 24px; text-align: center;\">Oberson<br \/>\nSUI<\/td>\n<td style=\"width: 3.2774%; height: 24px; text-align: center;\">1:2<br \/>\n<span style=\"color: #999999;\">10,8<\/span><\/td>\n<td style=\"width: 2.9382%; text-align: right; height: 24px;\">2.<\/td>\n<td style=\"width: 10.2636%; height: 24px; text-align: center;\">Krupi\u010dkov\u00e1<br \/>\n<strong>CZE<\/strong><\/td>\n<td style=\"width: 3.65701%; height: 24px; text-align: center;\">2:1<br \/>\n<span style=\"color: #999999;\">128,3<\/span><\/td>\n<\/tr>\n<tr style=\"height: 24px;\">\n<td style=\"width: 0.794211%; height: 24px; text-align: right;\">3.<\/td>\n<td style=\"width: 11.7768%; height: 24px; text-align: center;\">von Arx<br \/>\nSUI<\/td>\n<td style=\"width: 2.81297%; height: 24px; text-align: center;\">1:2<br \/>\n<span style=\"color: #999999;\">33,85<\/span><\/td>\n<td style=\"width: 2.23048%; height: 24px; text-align: right;\">3.<\/td>\n<td style=\"width: 9.93366%; height: 24px; text-align: center;\">Leigh S<span style=\"font-family: inherit; font-size: inherit;\">CO<\/span><\/td>\n<td style=\"width: 3.2774%; height: 24px; text-align: center;\">1:2<br \/>\n<span style=\"color: #999999;\">26,1<\/span><\/td>\n<td style=\"width: 2.9382%; text-align: right; height: 24px;\">3.<\/td>\n<td style=\"width: 10.2636%; height: 24px; text-align: center;\">Mariani<br \/>\nITA<\/td>\n<td style=\"width: 3.65701%; height: 24px; text-align: center;\">1:2<br \/>\n<span style=\"color: #999999;\">125,3<\/span><\/td>\n<\/tr>\n<tr style=\"height: 24px;\">\n<td style=\"width: 0.794211%; height: 24px; text-align: right;\">4.<\/td>\n<td style=\"width: 11.7768%; height: 24px; text-align: center;\">Frynia<br \/>\nPOL<\/td>\n<td style=\"width: 2.81297%; height: 24px; text-align: center;\">0:3<br \/>\n<span style=\"color: #999999;\">13,35<\/span><\/td>\n<td style=\"width: 2.23048%; height: 24px; text-align: right;\">4.<\/td>\n<td style=\"width: 9.93366%; height: 24px; text-align: center;\">Schmidt<br \/>\nDEN<\/td>\n<td style=\"width: 3.2774%; height: 24px; text-align: center;\">1:2<br \/>\n<span style=\"color: #999999;\">60,7<\/span><\/td>\n<td style=\"width: 2.9382%; text-align: right; height: 24px;\">4.<\/td>\n<td style=\"width: 10.2636%; height: 24px; text-align: center;\">Laurie<br \/>\nSCO<\/td>\n<td style=\"width: 3.65701%; height: 24px; text-align: center;\">1:2<br \/>\n<span style=\"color: #999999;\">91,9<\/span><\/td>\n<\/tr>\n<\/tbody>\n<\/table>\n<p style=\"text-align: center;\"><strong>round robin \u2013 boys<\/strong><\/p>\n<table class=\" alignleft\" style=\"border-collapse: collapse; width: 97.9605%; height: 84px;\">\n<tbody>\n<tr style=\"height: 22px;\">\n<td style=\"width: 15.384%; text-align: center; height: 22px;\" colspan=\"3\"><span style=\"text-decoration: underline;\">group D<\/span><\/td>\n<td style=\"width: 15.4415%; text-align: center; height: 22px;\" colspan=\"3\"><span style=\"text-decoration: underline;\">group E<\/span><\/td>\n<td style=\"width: 16.8588%; text-align: center; height: 22px;\" colspan=\"3\"><span style=\"text-decoration: underline;\">group F<\/span><\/td>\n<\/tr>\n<tr style=\"height: 24px;\">\n<td style=\"width: 0.794211%; height: 24px; text-align: right;\">1.<\/td>\n<td style=\"width: 11.7768%; height: 24px; text-align: center;\"><span style=\"color: #333399;\">Thomson<\/span><br \/>\n<span style=\"color: #333399;\">SCO<\/span><\/td>\n<td style=\"width: 2.81297%; height: 24px; text-align: center;\">2:1<br \/>\n<span style=\"color: #999999;\">75,45<\/span><\/td>\n<td style=\"width: 2.23048%; height: 24px; text-align: right;\">1.<\/td>\n<td style=\"width: 9.93366%; height: 24px; text-align: center;\"><span style=\"color: #333399;\">Gilli<\/span><br \/>\n<span style=\"color: #333399;\">ITA<\/span><\/td>\n<td style=\"width: 3.2774%; height: 24px; text-align: center;\">3:0<br \/>\n<span style=\"color: #999999;\">4,5<\/span><\/td>\n<td style=\"width: 2.9382%; text-align: right; height: 24px;\">1.<\/td>\n<td style=\"text-align: center;\"><span style=\"color: #333399;\">Lundberg<\/span><br \/>\n<span style=\"color: #333399;\">NOR<\/span><\/td>\n<td style=\"width: 3.65701%; height: 24px; text-align: center;\">3:0<br \/>\n<span style=\"color: #999999;\">13,4<\/span><\/td>\n<\/tr>\n<tr style=\"height: 24px;\">\n<td style=\"width: 0.794211%; height: 24px; text-align: right;\">2.<\/td>\n<td style=\"width: 11.7768%; height: 24px; text-align: center;\">J\u00e4ger<br \/>\nGER<\/td>\n<td style=\"width: 2.81297%; height: 24px; text-align: center;\">2:1<br \/>\n<span style=\"color: #999999;\">105,9<\/span><\/td>\n<td style=\"width: 2.23048%; height: 24px; text-align: right;\">2.<\/td>\n<td style=\"width: 9.93366%; height: 24px; text-align: center;\">Craik<br \/>\nSCO<\/td>\n<td style=\"width: 3.2774%; height: 24px; text-align: center;\">2:1<br \/>\n<span style=\"color: #999999;\">55,2<\/span><\/td>\n<td style=\"width: 2.9382%; text-align: right; height: 24px;\">2.<\/td>\n<td style=\"width: 10.2636%; height: 24px; text-align: center;\"><span style=\"color: #333399;\">Butzmann<\/span><br \/>\n<span style=\"color: #333399;\">GER<\/span><\/td>\n<td style=\"width: 3.65701%; height: 24px; text-align: center;\">2:1<br \/>\n<span style=\"color: #999999;\">44,1<\/span><\/td>\n<\/tr>\n<tr style=\"height: 24px;\">\n<td style=\"width: 0.794211%; height: 24px; text-align: right;\">3.<\/td>\n<td style=\"width: 11.7768%; height: 24px; text-align: center;\">Zass<br \/>\nLAT<\/td>\n<td style=\"width: 2.81297%; height: 24px; text-align: center;\">1:2<br \/>\n<span style=\"color: #999999;\">8,05<\/span><\/td>\n<td style=\"width: 2.23048%; height: 24px; text-align: right;\">3.<\/td>\n<td style=\"width: 9.93366%; height: 24px; text-align: center;\">Zenit<br \/>\nTUR<\/td>\n<td style=\"width: 3.2774%; height: 24px; text-align: center;\">1:2<br \/>\n<span style=\"color: #999999;\">71,4<\/span><\/td>\n<td style=\"width: 2.9382%; text-align: right; height: 24px;\">3.<\/td>\n<td style=\"width: 10.2636%; height: 24px; text-align: center;\">Frynia<br \/>\nPOL<\/td>\n<td style=\"width: 3.65701%; height: 24px; text-align: center;\">1:2<br \/>\n<span style=\"color: #999999;\">36,75<\/span><\/td>\n<\/tr>\n<tr style=\"height: 24px;\">\n<td style=\"width: 0.794211%; height: 24px; text-align: right;\">4.<\/td>\n<td style=\"width: 11.7768%; height: 24px; text-align: center;\">P\u011bni\u010dka<br \/>\n<strong>CZE<\/strong><\/td>\n<td style=\"width: 2.81297%; height: 24px; text-align: center;\">1:2<br \/>\n<span style=\"color: #999999;\">57,15<\/span><\/td>\n<td style=\"width: 2.23048%; height: 24px; text-align: right;\">4.<\/td>\n<td style=\"width: 9.93366%; height: 24px; text-align: center;\">Mat\u011bj\u00ed\u010dek<br \/>\n<strong>CZE<\/strong><\/td>\n<td style=\"width: 3.2774%; height: 24px; text-align: center;\">0:3<br \/>\n<span style=\"color: #999999;\">64,35<\/span><\/td>\n<td style=\"width: 2.9382%; text-align: right; height: 24px;\">4.<\/td>\n<td style=\"width: 10.2636%; height: 24px; text-align: center;\">Bayramo\u011flu<br \/>\nTUR<\/td>\n<td style=\"width: 3.65701%; height: 24px; text-align: center;\">0:3<br \/>\n<span style=\"color: #999999;\">5,6<\/span><\/td>\n<\/tr>\n<\/tbody>\n<\/table>\n<p>&nbsp;<\/p>\n<p style=\"text-align: center;\"><a href=\"https:\/\/www.youtube.com\/watch?v=wYQMh2vmLVs&amp;list=PLVSUByQoevVoU4D8F-BdqImjZ8tPyTSpF&amp;index=9\" target=\"_blank\" rel=\"noopener\"><strong>round 9<br \/>\n<\/strong><\/a>Thomson \u2014 J\u00e4ger<br \/>\nZass \u2014 P\u011bni\u010dka<br \/>\nBayramo\u011flu \u2014 Lundberg<br \/>\nFrynia \u2014 Butzmann<strong><br \/>\n<\/strong><\/p>\n<p style=\"text-align: center;\"><strong><a href=\"https:\/\/www.youtube.com\/watch?v=2GKda7kAnl8&amp;list=PLVSUByQoevVoU4D8F-BdqImjZ8tPyTSpF&amp;index=8\" target=\"_blank\" rel=\"noopener\">round 8<\/a><br \/>\n<\/strong>Farkov\u00e1 \u2014 Leigh<br \/>\nOberson \u2014 Schmidt<br \/>\nCraik \u2014 Gilli<br \/>\nZenit \u2014 Mat\u011bj\u00ed\u010dek<\/p>\n<p style=\"text-align: center;\"><a href=\"https:\/\/www.youtube.com\/watch?v=7S-C3h-JhNE&amp;list=PLVSUByQoevVoU4D8F-BdqImjZ8tPyTSpF&amp;index=7\" target=\"_blank\" rel=\"noopener\"><strong>round 7<\/strong><\/a><br \/>\n<span style=\"text-decoration: underline;\">Krupi\u010dkov\u00e1<\/span> <strong>7:1<\/strong> Mariani<br \/>\n<span style=\"text-decoration: underline;\">Laurie<\/span> <strong>9:4<\/strong> Messenzehl<br \/>\n<span style=\"text-decoration: underline;\">Soutar<\/span> <strong>7:3<\/strong> von Arx<br \/>\nFrynia <strong>2:9<\/strong> <span style=\"text-decoration: underline;\">Plett<\/span><\/p>\n<p style=\"text-align: center;\"><strong><a href=\"https:\/\/www.youtube.com\/watch?v=9UmcEOgmhXQ&amp;list=PLVSUByQoevVoU4D8F-BdqImjZ8tPyTSpF&amp;index=6\" target=\"_blank\" rel=\"noopener\">round 6<\/a><\/strong><br \/>\n<span style=\"text-decoration: underline;\">J\u00e4ger<\/span> <strong>8:6<\/strong> Zass<br \/>\nFrynia <strong>1:7<\/strong> <span style=\"text-decoration: underline;\">Lundberg<\/span><br \/>\nThomson <strong>6:7<\/strong> <span style=\"text-decoration: underline;\">P\u011bni\u010dka<\/span><br \/>\n<span style=\"text-decoration: underline;\">Butzmann<\/span> <strong>6:2<\/strong> Bayramo\u011flu<\/p>\n<p style=\"text-align: center;\"><a href=\"https:\/\/www.youtube.com\/watch?v=CT_lQr_AfHg&amp;list=PLVSUByQoevVoU4D8F-BdqImjZ8tPyTSpF&amp;index=5\" target=\"_blank\" rel=\"noopener\"><strong>round 5<\/strong><\/a><br \/>\nLaurie <strong>4:7<\/strong> <span style=\"text-decoration: underline;\">Krupi\u010dkov\u00e1<\/span><br \/>\n<span style=\"text-decoration: underline;\">Farkov\u00e1<\/span> <strong>7:2<\/strong> Oberson<br \/>\nMariani <strong>6:7<\/strong> <span style=\"text-decoration: underline;\">Messenzehl<\/span><br \/>\n<span style=\"text-decoration: underline;\">Schmidt<\/span> <strong>5:3<\/strong> Leigh<\/p>\n<p style=\"text-align: center;\"><strong><a href=\"https:\/\/www.youtube.com\/watch?v=pvTBolKVBAU&amp;list=PLVSUByQoevVoU4D8F-BdqImjZ8tPyTSpF&amp;index=4\" target=\"_blank\" rel=\"noopener\">round 4<\/a><\/strong><br \/>\nMat\u011bj\u00ed\u010dek <strong>5:7<\/strong> <span style=\"text-decoration: underline;\">Gilli<\/span><br \/>\n<span style=\"text-decoration: underline;\">Soutar<\/span> <strong>10:3<\/strong> Frynia<br \/>\n<span style=\"text-decoration: underline;\">Craik<\/span> <strong>5:4<\/strong> Zenit<br \/>\n<span style=\"text-decoration: underline;\">Plett<\/span> <strong>9:3<\/strong> von Arx<\/p>\n<p style=\"text-align: center;\"><a href=\"https:\/\/youtube.com\/live\/OLpfWr1pCIM?feature=share\" target=\"_blank\" rel=\"noopener\"><strong>round 3<\/strong><\/a><br \/>\n<span style=\"text-decoration: underline;\">Leigh<\/span> <strong>9:7<\/strong> Oberson<br \/>\nLaurie <strong>3:9<\/strong> <span style=\"text-decoration: underline;\">Mariani<\/span><br \/>\n<span style=\"text-decoration: underline;\">Frynia<\/span> <strong>6:4<\/strong> Bayramo\u011flu<br \/>\n<span style=\"text-decoration: underline;\">Thomson<\/span> <strong>8:4<\/strong> Zass<\/p>\n<p style=\"text-align: center;\"><a href=\"https:\/\/youtube.com\/live\/LDj5dBp85zM?feature=share\" target=\"_blank\" rel=\"noopener\"><strong>round 2<br \/>\n<\/strong><\/a><span style=\"text-decoration: underline;\">Lundberg<\/span> <strong>9:7<\/strong> Butzmann<br \/>\nP\u011bni\u010dka <strong>4:6<\/strong> <span style=\"text-decoration: underline;\">J\u00e4ger<\/span><br \/>\n<span style=\"text-decoration: underline;\">von Arx<\/span> <strong>11:3<\/strong> Frynia<br \/>\n<span style=\"text-decoration: underline;\">Craik<\/span> <strong>9:4<\/strong> Mat\u011bj\u00ed\u010dek<\/p>\n<p style=\"text-align: center;\"><strong><a href=\"https:\/\/www.youtube.com\/live\/z3ZjD-o9DxM?feature=shared\" target=\"_blank\" rel=\"noopener\">round 1<\/a><\/strong><br \/>\nSoutar <strong>6:11<\/strong> <span style=\"text-decoration: underline;\">Plett<\/span><br \/>\n<span style=\"text-decoration: underline;\">Gilli<\/span> <strong>10:4<\/strong> Zenit<br \/>\n<span style=\"text-decoration: underline;\">Farkov\u00e1<\/span> <strong>8:1<\/strong> Schmidt<br \/>\n<span style=\"text-decoration: underline;\">Messenzehl<\/span> <strong>8:4<\/strong> Krupi\u010dkov\u00e1<\/p>\n<p style=\"text-align: center;\">Detailed results can be found here:<br \/>\n<a href=\"https:\/\/worldcurlingtour.org\/jwomen\/event\/914\" target=\"_blank\" rel=\"noopener\">girls<\/a> | <a href=\"https:\/\/worldcurlingtour.org\/jmen\/event\/913\" target=\"_blank\" rel=\"noopener\">boys<\/a><\/p>\n<h4 style=\"text-align: center;\">Groups<\/h4>\n<p style=\"text-align: center;\"><strong>girls<\/strong><\/p>\n<table style=\"border-collapse: collapse; width: 100%; height: 120px;\">\n<tbody>\n<tr style=\"height: 24px;\">\n<td style=\"width: 33.3333%; height: 24px; text-align: center;\"><span style=\"text-decoration: underline;\">group A<\/span><\/td>\n<td style=\"width: 33.3333%; height: 24px; text-align: center;\"><span style=\"text-decoration: underline;\">group B<\/span><\/td>\n<td style=\"width: 33.3333%; height: 24px; text-align: center;\"><span style=\"text-decoration: underline;\">group C<\/span><\/td>\n<\/tr>\n<tr style=\"height: 24px;\">\n<td style=\"width: 33.3333%; height: 24px; text-align: center;\">Soutar SCO<\/td>\n<td style=\"width: 33.3333%; height: 24px; text-align: center;\">Farkov\u00e1 CZE<\/td>\n<td style=\"width: 33.3333%; height: 24px; text-align: center;\">Laurie SCO<\/td>\n<\/tr>\n<tr style=\"height: 24px;\">\n<td style=\"width: 33.3333%; height: 24px; text-align: center;\">Plett CAN<\/td>\n<td style=\"width: 33.3333%; height: 24px; text-align: center;\">Leigh SCO<\/td>\n<td style=\"width: 33.3333%; height: 24px; text-align: center;\">Messenzehl GER<\/td>\n<\/tr>\n<tr style=\"height: 24px;\">\n<td style=\"width: 33.3333%; height: 24px; text-align: center;\">von Arx SUI<\/td>\n<td style=\"width: 33.3333%; height: 24px; text-align: center;\">Oberson SUI<\/td>\n<td style=\"width: 33.3333%; height: 24px; text-align: center;\">Krupi\u010dkov\u00e1 CZE<\/td>\n<\/tr>\n<tr style=\"height: 24px;\">\n<td style=\"width: 33.3333%; height: 24px; text-align: center;\">Frynia POL<\/td>\n<td style=\"width: 33.3333%; height: 24px; text-align: center;\">Schmidt DEN<\/td>\n<td style=\"width: 33.3333%; height: 24px; text-align: center;\">Mariani ITA<\/td>\n<\/tr>\n<\/tbody>\n<\/table>\n<p style=\"text-align: center;\"><strong>boys<\/strong><\/p>\n<table style=\"border-collapse: collapse; width: 100%; height: 120px;\">\n<tbody>\n<tr style=\"height: 24px;\">\n<td style=\"width: 33.3333%; height: 24px; text-align: center;\"><span style=\"text-decoration: underline;\">group D<\/span><\/td>\n<td style=\"width: 33.3333%; height: 24px; text-align: center;\"><span style=\"text-decoration: underline;\">group E<\/span><\/td>\n<td style=\"width: 33.3333%; height: 24px; text-align: center;\"><span style=\"text-decoration: underline;\">group F<\/span><\/td>\n<\/tr>\n<tr style=\"height: 24px;\">\n<td style=\"width: 33.3333%; height: 24px; text-align: center;\">Thomson SCO<\/td>\n<td style=\"width: 33.3333%; height: 24px; text-align: center;\">Craik SCO<\/td>\n<td style=\"width: 33.3333%; height: 24px; text-align: center;\">Frynia POL<\/td>\n<\/tr>\n<tr style=\"height: 24px;\">\n<td style=\"width: 33.3333%; height: 24px; text-align: center;\">J\u00e4ger GER<\/td>\n<td style=\"width: 33.3333%; height: 24px; text-align: center;\">Mat\u011bj\u00ed\u010dek CZE<\/td>\n<td style=\"width: 33.3333%; height: 24px; text-align: center;\">Lundberg NOR<\/td>\n<\/tr>\n<tr style=\"height: 24px;\">\n<td style=\"width: 33.3333%; height: 24px; text-align: center;\">Zass LAT<\/td>\n<td style=\"width: 33.3333%; height: 24px; text-align: center;\">Gilli ITA<\/td>\n<td style=\"width: 33.3333%; height: 24px; text-align: center;\">Butzmann GER<\/td>\n<\/tr>\n<tr style=\"height: 24px;\">\n<td style=\"width: 33.3333%; height: 24px; text-align: center;\">P\u011bni\u010dka CZE<\/td>\n<td style=\"width: 33.3333%; height: 24px; text-align: center;\">Zenit TUR<\/td>\n<td style=\"width: 33.3333%; height: 24px; text-align: center;\">Bayramo\u011flu TUR<\/td>\n<\/tr>\n<\/tbody>\n<\/table>\n<h4 style=\"text-align: center;\">Draw<\/h4>\n<p style=\"text-align: center;\"><a href=\"https:\/\/www.curling.cz\/wp-content\/uploads\/2024\/10\/EJCT-DRAW-2024.pdf\">Draw in pdf<\/a><\/p>\n<p style=\"text-align: center;\"><a href=\"https:\/\/www.curling.cz\/wp-content\/uploads\/2024\/10\/System-of-play-EJCT-2024.pdf\">System of play<\/a><br \/>\n<a href=\"https:\/\/www.curling.cz\/wp-content\/uploads\/2024\/10\/EJCT-2024-PLAYOFFS-GIRLS.pdf\">Playoff girls<\/a><br \/>\n<a href=\"https:\/\/www.curling.cz\/wp-content\/uploads\/2024\/10\/EJCT-2024-PLAYOFFS-BOYS.pdf\">Playoff boys<\/a><\/p>\n<h4 style=\"text-align: center;\">Partners<\/h4>\n<p style=\"text-align: center;\">EJCT Praha 2024 is held under the auspices of<br \/>\n<strong>Mr Ond\u0159ej \u0160ebek, National Sport Agency Chairman<br \/>\n<\/strong>and<br \/>\n<strong>Mr Anton\u00edn Klecanda, City of Prague Councillor<\/strong><\/p>\n<table class=\" aligncenter\" style=\"width: 100%;\">\n<tbody>\n<tr>\n<td style=\"width: 29.3518%; border-color: #ffffff; vertical-align: middle; background-color: #fdfdfd;\"><strong><img fetchpriority=\"high\" decoding=\"async\" class=\"aligncenter wp-image-25949\" src=\"http:\/\/curling.cz\/wp-content\/uploads\/2023\/03\/Narodni-sportovni-agentura_logo-rgb.jpg\" alt=\"\" width=\"399\" height=\"200\"><\/strong><\/td>\n<td style=\"width: 14.858%; border-color: #ffffff; vertical-align: middle; background-color: #fdfdfd;\"><img decoding=\"async\" class=\"aligncenter wp-image-12402\" src=\"http:\/\/curling.cz\/wp-content\/uploads\/2018\/12\/478607_1953_Praha_logo.gif\" alt=\"\" width=\"99\" height=\"99\"><\/td>\n<\/tr>\n<\/tbody>\n<\/table>\n<h4 style=\"text-align: center;\">Contact<\/h4>\n<p style=\"text-align: center;\">Eleonora Vydrov\u00e1<br \/>\n+420 602 318 968<br \/>\ncoordinator@curling.cz<\/p>\n<h4 style=\"text-align: center;\">Last edition<\/h4>\n<p style=\"text-align: center;\">Teams Strawhorn <sup>SCO <\/sup>and Dryburgh <sup>SWE<\/sup> won EJCT 2023.<\/p>\n","protected":false},"excerpt":{"rendered":"<p>9th Edition of European Junior Curling Tour EJCT Event Prague, Roztyly Arena \u2192 \u010desky Junior Event held in boys and girls categories. 2550 \u20ac prize money to be awarded. \ud83d\udcfaThere will be a static youtube stream of all sheets with no commentary. The Event is held under the auspices of National Sport Agency and the [&hellip;]<\/p>\n","protected":false},"author":3,"featured_media":0,"parent":0,"menu_order":0,"comment_status":"closed","ping_status":"closed","template":"","meta":{"_acf_changed":false,"footnotes":""},"class_list":["post-33491","page","type-page","status-publish","hentry"],"acf":[],"_links":{"self":[{"href":"https:\/\/www.curling.cz\/en\/wp-json\/wp\/v2\/pages\/33491","targetHints":{"allow":["GET"]}}],"collection":[{"href":"https:\/\/www.curling.cz\/en\/wp-json\/wp\/v2\/pages"}],"about":[{"href":"https:\/\/www.curling.cz\/en\/wp-json\/wp\/v2\/types\/page"}],"author":[{"embeddable":true,"href":"https:\/\/www.curling.cz\/en\/wp-json\/wp\/v2\/users\/3"}],"replies":[{"embeddable":true,"href":"https:\/\/www.curling.cz\/en\/wp-json\/wp\/v2\/comments?post=33491"}],"version-history":[{"count":30,"href":"https:\/\/www.curling.cz\/en\/wp-json\/wp\/v2\/pages\/33491\/revisions"}],"predecessor-version":[{"id":33680,"href":"https:\/\/www.curling.cz\/en\/wp-json\/wp\/v2\/pages\/33491\/revisions\/33680"}],"wp:attachment":[{"href":"https:\/\/www.curling.cz\/en\/wp-json\/wp\/v2\/media?parent=33491"}],"curies":[{"name":"wp","href":"https:\/\/api.w.org\/{rel}","templated":true}]}}