{"id":33361,"date":"2024-09-18T22:47:30","date_gmt":"2024-09-18T20:47:30","guid":{"rendered":"https:\/\/www.curling.cz\/pli2024\/"},"modified":"2024-10-07T19:25:42","modified_gmt":"2024-10-07T17:25:42","slug":"pli2024","status":"publish","type":"page","link":"https:\/\/www.curling.cz\/en\/pli2024\/","title":{"rendered":"Prague Ladies International 2024"},"content":{"rendered":"<p style=\"text-align: center;\">2<sup>nd<\/sup> edition of WCT Event 200<br \/>\nPrague, <a href=\"https:\/\/www.curling.cz\/hala-roztyly\/\">Roztyly<\/a><\/p>\n<h3 style=\"text-align: center;\"><a href=\"https:\/\/www.curling.cz\/en\/pli2024\/\"><strong>\u2192<\/strong> \u010desky<\/a><\/h3>\n<p style=\"text-align: center;\">4000 \u20ac prize money to be awarded.<br \/>\nThere will be a static <a href=\"https:\/\/www.youtube.com\/playlist?list=PLVSUByQoevVopiQEw_lyL4Y2fSq7Coowk\" target=\"_blank\" rel=\"noopener\">youtube<\/a> stream of all sheets with no commentary.<\/p>\n<p style=\"text-align: center;\">The Event is held under the auspices of National Sport Agency and the City of Prague<\/p>\n<h4 style=\"text-align: center;\">Final standings<\/h4>\n<p style=\"text-align: center;\">\ud83e\udd47 1. Messenzehl GER<\/p>\n<p style=\"text-align: center;\">\ud83e\udd48 2. Syn\u00e1\u010dkov\u00e1 CZE<\/p>\n<p style=\"text-align: center;\">\ud83e\udd49 3. Plett CAN<\/p>\n<p style=\"text-align: center;\">4. Zelingrov\u00e1 CZE<\/p>\n<p style=\"text-align: center;\">5. Mariani ITA<\/p>\n<p style=\"text-align: center;\">6. Farkov\u00e1 CZE<\/p>\n<p style=\"text-align: center;\">7. Y\u0131ld\u0131z TUR<\/p>\n<p style=\"text-align: center;\">8. Bomas NED<\/p>\n<p style=\"text-align: center;\">9. Krupi\u010dkov\u00e1 <strong>CZE<\/strong><\/p>\n<p style=\"text-align: center;\">10. Augustin AUT<\/p>\n<p style=\"text-align: center;\">11. Pfl\u00fcgler AUT<\/p>\n<p style=\"text-align: center;\">12. Kalocsai-van Dorp HUN<\/p>\n<p style=\"text-align: center;\">13. Paulauskaite LTU<\/p>\n<p style=\"text-align: center;\">Results can be found <a href=\"https:\/\/worldcurlingtour.org\/women\/event\/912\" target=\"_blank\" rel=\"noopener\">here<\/a><\/p>\n<blockquote class=\"instagram-media\" style=\"background: #FFF; border: 0; border-radius: 3px; box-shadow: 0 0 1px 0 rgba(0,0,0,0.5),0 1px 10px 0 rgba(0,0,0,0.15); margin: 1px; max-width: 540px; min-width: 326px; padding: 0; width: calc(100% - 2px);\" data-instgrm-captioned=\"\" data-instgrm-permalink=\"https:\/\/www.instagram.com\/p\/DAgoaeoNH9D\/?utm_source=ig_embed&amp;utm_campaign=loading\" data-instgrm-version=\"14\">\n<div style=\"padding: 16px;\">\n<p>&nbsp;<\/p>\n<div style=\"display: flex; flex-direction: row; align-items: center;\">\n<div style=\"background-color: #f4f4f4; border-radius: 50%; flex-grow: 0; height: 40px; margin-right: 14px; width: 40px;\"><\/div>\n<div style=\"display: flex; flex-direction: column; flex-grow: 1; justify-content: center;\">\n<div style=\"background-color: #f4f4f4; border-radius: 4px; flex-grow: 0; height: 14px; margin-bottom: 6px; width: 100px;\"><\/div>\n<div style=\"background-color: #f4f4f4; border-radius: 4px; flex-grow: 0; height: 14px; width: 60px;\"><\/div>\n<\/div>\n<\/div>\n<div style=\"padding: 19% 0;\"><\/div>\n<div style=\"display: block; height: 50px; margin: 0 auto 12px; width: 50px;\"><\/div>\n<div style=\"padding-top: 8px;\">\n<div style=\"color: #3897f0; font-family: Arial,sans-serif; font-size: 14px; font-style: normal; font-weight: 550; line-height: 18px;\">Zobrazit p\u0159\u00edsp\u011bvek na Instagramu<\/div>\n<\/div>\n<div style=\"padding: 12.5% 0;\"><\/div>\n<div style=\"display: flex; flex-direction: row; margin-bottom: 14px; align-items: center;\">\n<div>\n<div style=\"background-color: #f4f4f4; border-radius: 50%; height: 12.5px; width: 12.5px; transform: translateX(0px) translateY(7px);\"><\/div>\n<div style=\"background-color: #f4f4f4; height: 12.5px; transform: rotate(-45deg) translateX(3px) translateY(1px); width: 12.5px; flex-grow: 0; margin-right: 14px; margin-left: 2px;\"><\/div>\n<div style=\"background-color: #f4f4f4; border-radius: 50%; height: 12.5px; width: 12.5px; transform: translateX(9px) translateY(-18px);\"><\/div>\n<\/div>\n<div style=\"margin-left: 8px;\">\n<div style=\"background-color: #f4f4f4; border-radius: 50%; flex-grow: 0; height: 20px; width: 20px;\"><\/div>\n<div style=\"width: 0; height: 0; border-top: 2px solid transparent; border-left: 6px solid #f4f4f4; border-bottom: 2px solid transparent; transform: translateX(16px) translateY(-4px) rotate(30deg);\"><\/div>\n<\/div>\n<div style=\"margin-left: auto;\">\n<div style=\"width: 0px; border-top: 8px solid #F4F4F4; border-right: 8px solid transparent; transform: translateY(16px);\"><\/div>\n<div style=\"background-color: #f4f4f4; flex-grow: 0; height: 12px; width: 16px; transform: translateY(-4px);\"><\/div>\n<div style=\"width: 0; height: 0; border-top: 8px solid #F4F4F4; border-left: 8px solid transparent; transform: translateY(-4px) translateX(8px);\"><\/div>\n<\/div>\n<\/div>\n<div style=\"display: flex; flex-direction: column; flex-grow: 1; justify-content: center; margin-bottom: 24px;\">\n<div style=\"background-color: #f4f4f4; border-radius: 4px; flex-grow: 0; height: 14px; margin-bottom: 6px; width: 224px;\"><\/div>\n<div style=\"background-color: #f4f4f4; border-radius: 4px; flex-grow: 0; height: 14px; width: 144px;\"><\/div>\n<\/div>\n<p>&nbsp;<\/p>\n<p style=\"color: #c9c8cd; font-family: Arial,sans-serif; font-size: 14px; line-height: 17px; margin-bottom: 0; margin-top: 8px; overflow: hidden; padding: 8px 0 7px; text-align: center; text-overflow: ellipsis; white-space: nowrap;\"><a style=\"color: #c9c8cd; font-family: Arial,sans-serif; font-size: 14px; font-style: normal; font-weight: normal; line-height: 17px; text-decoration: none;\" href=\"https:\/\/www.instagram.com\/p\/DAgoaeoNH9D\/?utm_source=ig_embed&amp;utm_campaign=loading\" target=\"_blank\" rel=\"noopener\">P\u0159\u00edsp\u011bvek sd\u00edlen\u00fd \u010cesk\u00fd curling (@ceskycurling)<\/a><\/p>\n<\/div>\n<\/blockquote>\n<p><script async src=\"\/\/www.instagram.com\/embed.js\"><\/script><\/p>\n<h4 style=\"text-align: center;\">Draw<\/h4>\n<p style=\"text-align: center;\"><a href=\"https:\/\/www.curling.cz\/wp-content\/uploads\/2024\/09\/PLI-2024-DRAW.pdf\"><strong>Draw<\/strong> in pdf<\/a><\/p>\n<p style=\"text-align: center;\"><a href=\"https:\/\/www.curling.cz\/wp-content\/uploads\/2024\/09\/System-of-play-PLI-2024.pdf\">System of play<\/a><br \/>\n<a href=\"https:\/\/www.curling.cz\/wp-content\/uploads\/2024\/09\/PLI-2024-PLAYOFFS.pdf\">Playoff<\/a><\/p>\n<h4 style=\"text-align: center;\">Groups<\/h4>\n<p style=\"text-align: center;\"><span style=\"text-decoration: underline;\">group A<\/span><br \/>\nMariani ITA <sup>DSC 54,7 cm<\/sup><br \/>\nBomas NED<sup> DSC 71,6 cm<\/sup><br \/>\nY\u0131ld\u0131z TUR<sup> DSC 19,7 cm<\/sup><br \/>\nAugustin AUT <sup> DSC 66,6 cm<\/sup><br \/>\nKalocsai-van Dorp HUN <sup> DSC 110,2 cm<\/sup><br \/>\nSyn\u00e1\u010dkov\u00e1 CZE\u00a0<sup>DSC 25,3 cm<\/sup><br \/>\nFarkov\u00e1 CZE\u00a0<sup>DSC 70,6 cm<\/sup><\/p>\n<p style=\"text-align: center;\"><span style=\"text-decoration: underline;\">group B<\/span><br \/>\nPlett CAN <sup> DSC 51,9 cm<\/sup><br \/>\nPaulauskaite LTU <sup> DSC 144,3 cm<\/sup><br \/>\nKrupi\u010dkov\u00e1 CZE <sup>DSC 101,3 cm<\/sup><br \/>\nPfl\u00fcgler AUT <sup> DSC 59,2 cm<\/sup><br \/>\nZelingrov\u00e1 CZE\u00a0<sup>DSC 49,5 cm<\/sup><br \/>\nMessenzehl GER <sup> DSC 38,3 cm<\/sup><\/p>\n<h4 style=\"text-align: center;\">Partners<\/h4>\n<p style=\"text-align: center;\">WCT Prague Ladies International 2024 is held under the auspices of<br \/>\n<strong>Mr Ond\u0159ej \u0160ebek, National Sport Agency Chairman<br \/>\n<\/strong>and<br \/>\n<strong>Mr Anton\u00edn Klecanda, City of Prague Councillor<\/strong><\/p>\n<table class=\" aligncenter\" style=\"width: 100%;\">\n<tbody>\n<tr>\n<td style=\"width: 29.3518%; border-color: #ffffff; vertical-align: middle; background-color: #fdfdfd;\"><strong><img fetchpriority=\"high\" decoding=\"async\" class=\"alignnone wp-image-29584\" src=\"https:\/\/www.curling.cz\/wp-content\/uploads\/2021\/11\/nsa_eng.jpg\" alt=\"\" width=\"383\" height=\"148\" srcset=\"https:\/\/www.curling.cz\/wp-content\/uploads\/2021\/11\/nsa_eng.jpg 587w, https:\/\/www.curling.cz\/wp-content\/uploads\/2021\/11\/nsa_eng-300x116.jpg 300w\" sizes=\"(max-width: 383px) 100vw, 383px\" \/><\/strong><\/td>\n<td style=\"width: 14.858%; border-color: #ffffff; vertical-align: middle; background-color: #fdfdfd;\"><img decoding=\"async\" class=\"aligncenter wp-image-12402\" src=\"http:\/\/curling.cz\/wp-content\/uploads\/2018\/12\/478607_1953_Praha_logo.gif\" alt=\"\" width=\"99\" height=\"99\"><\/td>\n<\/tr>\n<\/tbody>\n<\/table>\n<h4 style=\"text-align: center;\">Prize money<\/h4>\n<p style=\"text-align: center;\">1<sup>st<\/sup> place 1500 \u20ac<br \/>\n2<sup>nd<\/sup> place 1050 \u20ac<br \/>\n3<sup>rd<\/sup> place 800 \u20ac<br \/>\n4<sup>th<\/sup> place 650 \u20ac<\/p>\n<h4 style=\"text-align: center;\">Contact<\/h4>\n<p style=\"text-align: center;\">Eleonora Vydrov\u00e1<br \/>\n+420 602 318 968<br \/>\ncoordinator@curling.cz<\/p>\n<h4 style=\"text-align: center;\">Last edition<\/h4>\n<p style=\"text-align: center;\">PLI 2023 winner was Team Synackova (Savona H). Details could be found <a href=\"https:\/\/www.curling.cz\/v-praze-se-odehral-historicky-prvni-zensky-wct-turnaj\/\">here<\/a>.<\/p>\n<p style=\"text-align: center;\">\n","protected":false},"excerpt":{"rendered":"<p>2nd edition of WCT Event 200 Prague, Roztyly \u2192 \u010desky 4000 \u20ac prize money to be awarded. There will be a static youtube stream of all sheets with no commentary. The Event is held under the auspices of National Sport Agency and the City of Prague Final standings \ud83e\udd47 1. Messenzehl GER \ud83e\udd48 2. Syn\u00e1\u010dkov\u00e1 [&hellip;]<\/p>\n","protected":false},"author":3,"featured_media":0,"parent":0,"menu_order":0,"comment_status":"closed","ping_status":"closed","template":"","meta":{"_acf_changed":false,"footnotes":""},"class_list":["post-33361","page","type-page","status-publish","hentry"],"acf":[],"_links":{"self":[{"href":"https:\/\/www.curling.cz\/en\/wp-json\/wp\/v2\/pages\/33361","targetHints":{"allow":["GET"]}}],"collection":[{"href":"https:\/\/www.curling.cz\/en\/wp-json\/wp\/v2\/pages"}],"about":[{"href":"https:\/\/www.curling.cz\/en\/wp-json\/wp\/v2\/types\/page"}],"author":[{"embeddable":true,"href":"https:\/\/www.curling.cz\/en\/wp-json\/wp\/v2\/users\/3"}],"replies":[{"embeddable":true,"href":"https:\/\/www.curling.cz\/en\/wp-json\/wp\/v2\/comments?post=33361"}],"version-history":[{"count":25,"href":"https:\/\/www.curling.cz\/en\/wp-json\/wp\/v2\/pages\/33361\/revisions"}],"predecessor-version":[{"id":33644,"href":"https:\/\/www.curling.cz\/en\/wp-json\/wp\/v2\/pages\/33361\/revisions\/33644"}],"wp:attachment":[{"href":"https:\/\/www.curling.cz\/en\/wp-json\/wp\/v2\/media?parent=33361"}],"curies":[{"name":"wp","href":"https:\/\/api.w.org\/{rel}","templated":true}]}}