{"id":30789,"date":"2024-03-05T23:07:36","date_gmt":"2024-03-05T22:07:36","guid":{"rendered":"https:\/\/www.curling.cz\/treneri\/"},"modified":"2024-03-13T21:07:42","modified_gmt":"2024-03-13T20:07:42","slug":"coaches","status":"publish","type":"page","link":"https:\/\/www.curling.cz\/en\/coaches\/","title":{"rendered":"Coaches \u010cSC"},"content":{"rendered":"<h3>Training for coaches<\/h3>\n<p><a href=\"http:\/\/curling.cz\/letni-skoleni-treneru-2024\/\" target=\"_blank\" rel=\"noopener\">\u0160kolen\u00ed tren\u00e9r\u016f &#8211; Licence C (Brno)<\/a><br \/>\n<a href=\"http:\/\/curling.cz\/wp-content\/uploads\/2023\/04\/metodika_udelovani_trenerskych_trid_v_curlingu.pdf\" target=\"_blank\" rel=\"noopener\">Metodika ud\u011blov\u00e1n\u00ed tren\u00e9rsk\u00fdch t\u0159\u00edd v curlingu<\/a><br \/>\n<strong><a href=\"http:\/\/curling.cz\/wp-content\/uploads\/2022\/05\/Trenersk\u00fd_program_\u010cSC_pro_roky_2022-2025.pdf\" target=\"_blank\" rel=\"noopener\">Tren\u00e9rsk\u00fd program 2022\u00a0\u2013 2025<\/a><\/strong><br \/>\n<a href=\"http:\/\/curling.cz\/wp-content\/uploads\/2016\/08\/2trida.pdf\" target=\"_blank\" rel=\"noopener\">Kurz tren\u00e9r\u016f II. t\u0159\u00eddy curlingu (Sn\u00edtil, 2005)<\/a><br \/>\n<a href=\"http:\/\/curling.cz\/wp-content\/uploads\/2016\/08\/3trida.pdf\" target=\"_blank\" rel=\"noopener\">\u0160kolen\u00ed tren\u00e9r\u016f III. t\u0159\u00eddy (Sn\u00edtil, 2006)<\/a><\/p>\n<h3>Methodologies for coaches<\/h3>\n<p><a href=\"http:\/\/curling.cz\/wp-content\/uploads\/2016\/08\/att00153.pdf\" target=\"_blank\" rel=\"noopener\">Tr\u00e9ninkov\u00fd proces v curlingu (Sn\u00edtil, 2002, diplomov\u00e1 pr\u00e1ce)<\/a><br \/>\n<a href=\"http:\/\/curling.cz\/wp-content\/uploads\/2016\/08\/att00156.pdf\" target=\"_blank\" rel=\"noopener\">Veden\u00ed curlingov\u00e9ho t\u00fdmu v sout\u011b\u017ei (Sn\u00edtil)<\/a><br \/>\n<a href=\"http:\/\/curling.cz\/wp-content\/uploads\/2016\/08\/curling-pro-csc.pdf\" target=\"_blank\" rel=\"noopener\">Tr\u00e9nink ml\u00e1de\u017ee \u2013 curling (Kube\u0161ka, 2014, z\u00e1v\u011bre\u010dn\u00e1 pr\u00e1ce)<\/a><br \/>\n<a href=\"http:\/\/curling.cz\/wp-content\/uploads\/2022\/05\/Trenersky-manual-Final-v-CJ.pdf\" target=\"_blank\" rel=\"noopener\">Tren\u00e9rsko \u2013 metodick\u00fd manu\u00e1l (Rafael, 2014)<\/a><\/p>\n<h3>For representation coaches<\/h3>\n<p><a href=\"http:\/\/curling.cz\/wp-content\/uploads\/2022\/07\/P\u0159\u00edloha-\u010d.1-KVALIFIKA\u010cN\u00cd-P\u0158EDPOKLADY-TREN\u00c9RA-REPRE.pdf\" target=\"_blank\" rel=\"noopener\">Kvalifika\u010dn\u00ed p\u0159edpoklady\u00a0\u2013 reprezenta\u010dn\u00ed tren\u00e9r (VV, 2019)<\/a><\/p>\n<h3>Other documents<\/h3>\n<p><a href=\"http:\/\/curling.cz\/wp-content\/uploads\/2020\/10\/Helena-Barkmanova\u0301-Vozi\u0301c\u030cka\u0301r\u030csky\u0301-curling-2019-fin-1-1.pdf\" target=\"_blank\" rel=\"noopener\">Voz\u00ed\u010dk\u00e1\u0159sk\u00fd curling (Barkmanov\u00e1, 2019, z\u00e1v\u011bre\u010dn\u00e1 pr\u00e1ce)<\/a><br \/>\n<a href=\"http:\/\/curling.cz\/wp-content\/uploads\/2018\/06\/Management-a-\u0159\u00edzen\u00ed-klubov\u00e9-curlingov\u00e9-haly-a-veden\u00ed-curlingov\u00e9ho-klubu.pdf\" target=\"_blank\" rel=\"noopener\">Management a \u0159\u00edzen\u00ed klubov\u00e9 curlingov\u00e9 haly a\u00a0veden\u00ed curlingov\u00e9ho klubu (Reitmajer, 2018, z\u00e1v\u011bre\u010dn\u00e1 pr\u00e1ce)<\/a><\/p>\n","protected":false},"excerpt":{"rendered":"<p>Training for coaches \u0160kolen\u00ed tren\u00e9r\u016f &#8211; Licence C (Brno) Metodika ud\u011blov\u00e1n\u00ed tren\u00e9rsk\u00fdch t\u0159\u00edd v curlingu Tren\u00e9rsk\u00fd program 2022\u00a0\u2013 2025 Kurz tren\u00e9r\u016f II. t\u0159\u00eddy curlingu (Sn\u00edtil, 2005) \u0160kolen\u00ed tren\u00e9r\u016f III. t\u0159\u00eddy (Sn\u00edtil, 2006) Methodologies for coaches Tr\u00e9ninkov\u00fd proces v curlingu (Sn\u00edtil, 2002, diplomov\u00e1 pr\u00e1ce) Veden\u00ed curlingov\u00e9ho t\u00fdmu v sout\u011b\u017ei (Sn\u00edtil) Tr\u00e9nink ml\u00e1de\u017ee \u2013 curling (Kube\u0161ka, 2014, [&hellip;]<\/p>\n","protected":false},"author":1,"featured_media":0,"parent":0,"menu_order":0,"comment_status":"closed","ping_status":"closed","template":"","meta":{"_acf_changed":false,"footnotes":""},"class_list":["post-30789","page","type-page","status-publish","hentry"],"acf":[],"_links":{"self":[{"href":"https:\/\/www.curling.cz\/en\/wp-json\/wp\/v2\/pages\/30789","targetHints":{"allow":["GET"]}}],"collection":[{"href":"https:\/\/www.curling.cz\/en\/wp-json\/wp\/v2\/pages"}],"about":[{"href":"https:\/\/www.curling.cz\/en\/wp-json\/wp\/v2\/types\/page"}],"author":[{"embeddable":true,"href":"https:\/\/www.curling.cz\/en\/wp-json\/wp\/v2\/users\/1"}],"replies":[{"embeddable":true,"href":"https:\/\/www.curling.cz\/en\/wp-json\/wp\/v2\/comments?post=30789"}],"version-history":[{"count":3,"href":"https:\/\/www.curling.cz\/en\/wp-json\/wp\/v2\/pages\/30789\/revisions"}],"predecessor-version":[{"id":30792,"href":"https:\/\/www.curling.cz\/en\/wp-json\/wp\/v2\/pages\/30789\/revisions\/30792"}],"wp:attachment":[{"href":"https:\/\/www.curling.cz\/en\/wp-json\/wp\/v2\/media?parent=30789"}],"curies":[{"name":"wp","href":"https:\/\/api.w.org\/{rel}","templated":true}]}}