{"id":2907,"date":"2017-09-10T00:55:04","date_gmt":"2017-09-09T22:55:04","guid":{"rendered":"http:\/\/curling.cz\/?page_id=2907\/"},"modified":"2024-03-14T13:49:55","modified_gmt":"2024-03-14T12:49:55","slug":"street-curling","status":"publish","type":"page","link":"https:\/\/www.curling.cz\/en\/oqe2017\/street-curling\/","title":{"rendered":"Street curling"},"content":{"rendered":"<h1>Additional entertainment activities &#8211; street curling<\/h1>\n<p>&nbsp;<\/p>\n<p><span lang=\"EN-GB\" style=\"margin: 0px; line-height: 107%; font-family: 'Arial',sans-serif; font-size: 12pt;\"><span style=\"color: #000000;\">One of the most important objectives of the Olympic Qualification in Pilsen is to promote curling in the Czech Republic. We firmly believe that we can achieve this not only with good performance of the Czech team on the ice and hours of curling broadcasting on TV, but also with a promotional tour offering a street curling to the public.<\/span><\/span><\/p>\n<figure id=\"attachment_2250\" aria-describedby=\"caption-attachment-2250\" style=\"width: 600px\" class=\"wp-caption aligncenter\"><img fetchpriority=\"high\" decoding=\"async\" class=\"wp-image-2250 size-large\" src=\"http:\/\/curling.cz\/wp-content\/uploads\/2017\/06\/oqe2017_doprovodne_programy-600x400.jpg\" alt=\"\" width=\"600\" height=\"400\"><figcaption id=\"caption-attachment-2250\" class=\"wp-caption-text\">http:\/\/streetcurling.com\/classic\/<\/figcaption><\/figure>\n<p><span lang=\"EN-GB\" style=\"margin: 0px; font-family: 'Arial',sans-serif;\"><span style=\"color: #000000;\">Street curling is suitable for people of all ages, including children. It is not played on ice but on a slippery surface that can be placed almost everywhere. Our instructors will be there too and they will introduce curling to you in a fun manner. Just come and enjoy the opportunity to play this Olympic sport!<\/span><\/span><\/p>\n<p><span lang=\"EN-GB\">Why is Street curling so unique<\/span>:<\/p>\n<ul>\n<li style=\"text-align: justify;\"><span lang=\"EN-GB\">The sheet (playing surface) for street curling is 10 metres long and 2 metres wide (it is approx. a quarter of standard sheet for curling)<\/span><\/li>\n<li style=\"text-align: justify;\"><span lang=\"EN-GB\">The stones weight only 1 kilogram each, therefore children can play it too (the standard curling stones weigh 20 kilograms<\/span><\/li>\n<li style=\"text-align: justify;\">N<span lang=\"EN-GB\">o specific equipment needed, the brooms will be given to you<\/span><\/li>\n<li style=\"text-align: justify;\"><span lang=\"EN-GB\">The sheet can be placed inside or outside and it requires only a little maintenance<\/span><\/li>\n<li style=\"text-align: justify;\"><span lang=\"EN-GB\">It imitates the nature of curling but it does not require a perfect technique and so it is possible to play an interesting game immediately after the introduction to this sport<\/span><\/li>\n<\/ul>\n<h4 style=\"text-align: justify;\">Street curling tour dates:<\/h4>\n<table>\n<tbody>\n<tr>\n<td colspan=\"3\"><strong>Kde<\/strong><\/td>\n<td><strong>Kdy<\/strong><\/td>\n<\/tr>\n<tr>\n<td>Pilsen<\/td>\n<td>Letn\u00ed Sportm\u00e1nie<\/td>\n<td>Techmania<\/td>\n<td>18<sup>th<\/sup> \u2013 27<sup>th<\/sup> August 2017<\/td>\n<\/tr>\n<tr>\n<td>Ji\u010d\u00edn<\/td>\n<td>Ji\u010d\u00edn &#8211; m\u011bsto poh\u00e1dky<\/td>\n<td>\u017di\u017ekovo n\u00e1m\u011bst\u00ed\/ Husova ulice<\/td>\n<td>15<sup>th<\/sup> \u2013 16<sup>th<\/sup> September 2017<\/td>\n<\/tr>\n<tr>\n<td>Liberec<\/td>\n<td><\/td>\n<td>Nisa<\/td>\n<td>30<sup>th<\/sup> September \u2013 1<sup>st<\/sup> October 2017<\/td>\n<\/tr>\n<tr>\n<td>Ostrava<\/td>\n<td>Karol\u00edna Octoberfest<\/td>\n<td>Nov\u00e1 Karol\u00edna<\/td>\n<td>14<sup>th<\/sup> October 2017<\/td>\n<\/tr>\n<tr>\n<td>Brno<\/td>\n<td><\/td>\n<td>Olympia<\/td>\n<td>11<sup>th<\/sup> November 2017<\/td>\n<\/tr>\n<tr>\n<td>\u010cesk\u00e9 Bud\u011bjovice<\/td>\n<td>rozsv\u011bcen\u00ed strome\u010dku<\/td>\n<td>IGY<\/td>\n<td>25<sup>th<\/sup> November 2017<\/td>\n<\/tr>\n<tr>\n<td>Hradec Kr\u00e1lov\u00e9<\/td>\n<td>miniolympi\u00e1da<\/td>\n<td>Futurum<\/td>\n<td>26<sup>th<\/sup> November 2017<\/td>\n<\/tr>\n<tr>\n<td>Pilsen<\/td>\n<td><\/td>\n<td>Plaza<\/td>\n<td>2<sup>nd<\/sup> December 2017<\/td>\n<\/tr>\n<\/tbody>\n<\/table>\n<p>&nbsp;<\/p>\n<p><span lang=\"EN-GB\" style=\"margin: 0px; font-family: 'Arial',sans-serif;\"><span style=\"color: #000000;\">And remember, it is possible to rent the Street curling for your corporate and private events. It gives you unforgettable sports experiences with an all-inclusive service for either small or big corporations.<\/span><\/span> In case of interest, let us know on curling@cstv.cz.<\/p>\n<p>&nbsp;<\/p>\n","protected":false},"excerpt":{"rendered":"<p>Additional entertainment activities &#8211; street curling &nbsp; One of the most important objectives of the Olympic Qualification in Pilsen is to promote curling in the Czech Republic. We firmly believe that we can achieve this not only with good performance of the Czech team on the ice and hours of curling broadcasting on TV, but [&hellip;]<\/p>\n","protected":false},"author":1,"featured_media":0,"parent":2040,"menu_order":0,"comment_status":"closed","ping_status":"closed","template":"","meta":{"_acf_changed":false,"footnotes":""},"class_list":["post-2907","page","type-page","status-publish","hentry"],"acf":[],"_links":{"self":[{"href":"https:\/\/www.curling.cz\/en\/wp-json\/wp\/v2\/pages\/2907","targetHints":{"allow":["GET"]}}],"collection":[{"href":"https:\/\/www.curling.cz\/en\/wp-json\/wp\/v2\/pages"}],"about":[{"href":"https:\/\/www.curling.cz\/en\/wp-json\/wp\/v2\/types\/page"}],"author":[{"embeddable":true,"href":"https:\/\/www.curling.cz\/en\/wp-json\/wp\/v2\/users\/1"}],"replies":[{"embeddable":true,"href":"https:\/\/www.curling.cz\/en\/wp-json\/wp\/v2\/comments?post=2907"}],"version-history":[{"count":1,"href":"https:\/\/www.curling.cz\/en\/wp-json\/wp\/v2\/pages\/2907\/revisions"}],"predecessor-version":[{"id":30943,"href":"https:\/\/www.curling.cz\/en\/wp-json\/wp\/v2\/pages\/2907\/revisions\/30943"}],"up":[{"embeddable":true,"href":"https:\/\/www.curling.cz\/en\/wp-json\/wp\/v2\/pages\/2040"}],"wp:attachment":[{"href":"https:\/\/www.curling.cz\/en\/wp-json\/wp\/v2\/media?parent=2907"}],"curies":[{"name":"wp","href":"https:\/\/api.w.org\/{rel}","templated":true}]}}