{"id":1832,"date":"2017-03-21T00:36:26","date_gmt":"2017-03-20T22:36:26","guid":{"rendered":"http:\/\/curling.cz\/?page_id=1832\/"},"modified":"2024-03-14T13:42:20","modified_gmt":"2024-03-14T12:42:20","slug":"links","status":"publish","type":"page","link":"https:\/\/www.curling.cz\/en\/links\/","title":{"rendered":"Links"},"content":{"rendered":"<table style=\"width: 410px;\">\n<tbody>\n<tr>\n<td style=\"width: 394px;\" colspan=\"2\"><span style=\"font-size: 8pt;\"><b>Institutions:<\/b><\/span><\/td>\n<\/tr>\n<tr>\n<td style=\"width: 243px;\"><span style=\"font-size: 8pt;\">Czech Olympic Committee<\/span><\/td>\n<td style=\"width: 151px;\"><span style=\"font-size: 8pt;\"><a href=\"http:\/\/www.olympic.cz\/\" target=\"_blank\" rel=\"noopener\">olympic.cz<\/a><\/span><\/td>\n<\/tr>\n<tr>\n<td style=\"width: 243px;\"><span style=\"font-size: 8pt;\">Czech Sport Union<\/span><\/td>\n<td style=\"width: 151px;\"><span style=\"font-size: 8pt;\"><a href=\"http:\/\/www.cuscz.cz\/\" target=\"_blank\" rel=\"noopener\">cuscz.cz<\/a><\/span><\/td>\n<\/tr>\n<tr>\n<td style=\"width: 243px;\"><span style=\"font-size: 8pt;\">\u010cSTV College<\/span><\/td>\n<td style=\"width: 151px;\"><span style=\"font-size: 8pt;\"><a href=\"http:\/\/www.vos-cstv.cz\/\" target=\"_blank\" rel=\"noopener\">vos-cstv.cz<\/a><\/span><\/td>\n<\/tr>\n<tr>\n<td style=\"width: 243px;\"><span style=\"font-size: 8pt;\">Czech Union of Disabled Athletes<\/span><\/td>\n<td style=\"width: 151px;\"><span style=\"font-size: 8pt;\"><a href=\"http:\/\/www.handicapsports.cz\/\" target=\"_blank\" rel=\"noopener\">handicapsports.cz<\/a><\/span><\/td>\n<\/tr>\n<tr>\n<td style=\"width: 243px;\"><span style=\"font-size: 8pt;\">Czech Paralympic Committee <\/span><\/td>\n<td style=\"width: 151px;\"><span style=\"font-size: 8pt;\"><a href=\"\/\/www.paralympic.cz\/\" target=\"_blank\" rel=\"noopener\">paralympic.cz<\/a><\/span><\/td>\n<\/tr>\n<tr>\n<td style=\"width: 243px;\"><span style=\"font-size: 8pt;\">Czech Anti-doping Committee <\/span><\/td>\n<td style=\"width: 151px;\"><span style=\"font-size: 8pt;\"><a href=\"http:\/\/www.antidoping.cz\/\" target=\"_blank\" rel=\"noopener\">antidoping.cz<\/a><\/span><\/td>\n<\/tr>\n<tr>\n<td style=\"width: 243px;\"><span style=\"font-size: 8pt;\">Ministry of Education, Youth and Physical Training<\/span><\/td>\n<td style=\"width: 151px;\"><span style=\"font-size: 8pt;\"><a href=\"http:\/\/www.msmt.cz\/\" target=\"_blank\" rel=\"noopener\">msmt.cz<\/a><\/span><\/td>\n<\/tr>\n<tr>\n<td style=\"width: 243px;\"><span style=\"font-size: 8pt;\">World Anti-doping Agency<\/span><\/td>\n<td style=\"width: 151px;\"><span style=\"font-size: 8pt;\"><a href=\"http:\/\/www.wada-ama.org\/\" target=\"_blank\" rel=\"noopener\">wada-ama.org<\/a><\/span><\/td>\n<\/tr>\n<tr>\n<td style=\"width: 243px;\"><span style=\"font-size: 8pt;\">\u00a0<\/span><\/td>\n<td style=\"width: 151px;\"><span style=\"font-size: 8pt;\">\u00a0<\/span><\/td>\n<\/tr>\n<tr>\n<td style=\"width: 243px;\"><span style=\"font-size: 8pt;\"><b>Mistrovstv\u00ed sv\u011bta mu\u017e\u016f<\/b><\/span><\/td>\n<td style=\"width: 151px;\"><span style=\"font-size: 8pt;\">\u00a0<\/span><\/td>\n<\/tr>\n<tr>\n<td style=\"width: 243px;\"><span style=\"font-size: 8pt;\">MS 2010 Mu\u017ei (It\u00e1lie, Cortina d\u00b4Ampezzo) 3.-11.4.2010<\/span><\/td>\n<td style=\"width: 151px;\"><span style=\"font-size: 8pt;\"><a href=\"http:\/\/www.wmcc2010.it\/\" target=\"_blank\" rel=\"noopener\">wmcc2010.it<\/a><\/span><\/td>\n<\/tr>\n<tr>\n<td style=\"width: 243px;\"><span style=\"font-size: 8pt;\">MS 2009 Mu\u017ei (Kanada, Moncton)<\/span><\/td>\n<td style=\"width: 151px;\"><span style=\"font-size: 8pt;\"><a href=\"http:\/\/www.seasonofchampions.ca\/2009worlds\/\" target=\"_blank\" rel=\"noopener\">seasonofchampions.ca<\/a><\/span><\/td>\n<\/tr>\n<tr>\n<td style=\"width: 243px;\"><span style=\"font-size: 8pt;\">\u00a0<\/span><\/td>\n<td style=\"width: 151px;\"><span style=\"font-size: 8pt;\">\u00a0<\/span><\/td>\n<\/tr>\n<tr>\n<td style=\"width: 243px;\"><span style=\"font-size: 8pt;\"><b>Mistrovstv\u00ed sv\u011bta \u017een<\/b><\/span><\/td>\n<td style=\"width: 151px;\"><span style=\"font-size: 8pt;\">\u00a0<\/span><\/td>\n<\/tr>\n<tr>\n<td style=\"width: 243px;\"><span style=\"font-size: 8pt;\">MS 2010 \u017deny (Kanada, Swift Current) 20.-28.3.2010<\/span><\/td>\n<td style=\"width: 151px;\"><span style=\"font-size: 8pt;\"><a href=\"http:\/\/www.seasonofchampions.ca\/2010worlds\/\" target=\"_blank\" rel=\"noopener\">seasonofchampions.ca<\/a><\/span><\/td>\n<\/tr>\n<tr>\n<td style=\"width: 243px;\"><span style=\"font-size: 8pt;\">\u00a0<\/span><\/td>\n<td style=\"width: 151px;\"><span style=\"font-size: 8pt;\">\u00a0<\/span><\/td>\n<\/tr>\n<tr>\n<td style=\"width: 243px;\"><span style=\"font-size: 8pt;\"><b>Mistrovstv\u00ed sv\u011bta junior\u016f<\/b><\/span><\/td>\n<td style=\"width: 151px;\"><span style=\"font-size: 8pt;\">\u00a0<\/span><\/td>\n<\/tr>\n<tr>\n<td style=\"width: 243px;\"><span style=\"font-size: 8pt;\">MS 2009 Junio\u0159i (Kanada, Vancouver)<\/span><\/td>\n<td style=\"width: 151px;\"><span style=\"font-size: 8pt;\"><a href=\"http:\/\/wjcc.curlit.com\/Default.aspx?AspxAutoDetectCookieSupport=1\" target=\"_blank\" rel=\"noopener\">curlit.com<\/a><\/span><\/td>\n<\/tr>\n<tr>\n<td style=\"width: 243px;\"><span style=\"font-size: 8pt;\">\u00a0<\/span><\/td>\n<td style=\"width: 151px;\"><span style=\"font-size: 8pt;\">\u00a0<\/span><\/td>\n<\/tr>\n<tr>\n<td style=\"width: 243px;\"><span style=\"font-size: 8pt;\"><b>Mistrovstv\u00ed sv\u011bta mixy<\/b><\/span><\/td>\n<td style=\"width: 151px;\"><span style=\"font-size: 8pt;\">\u00a0<\/span><\/td>\n<\/tr>\n<tr>\n<td style=\"width: 243px;\"><span style=\"font-size: 8pt;\">MS 2010 Mixy (Rusko, \u010celjabinsk) 16.-24.4.2010<\/span><\/td>\n<td style=\"width: 151px;\"><span style=\"font-size: 8pt;\"><a href=\"http:\/\/www.curling2010.ru\/\" target=\"_blank\" rel=\"noopener\">curling2010.ru<\/a><\/span><\/td>\n<\/tr>\n<tr>\n<td style=\"width: 243px;\"><span style=\"font-size: 8pt;\">\u00a0<\/span><\/td>\n<td style=\"width: 151px;\"><span style=\"font-size: 8pt;\">\u00a0<\/span><\/td>\n<\/tr>\n<tr>\n<td style=\"width: 243px;\"><span style=\"font-size: 8pt;\"><b>Mistrovstv\u00ed sv\u011bta voz\u00ed\u010dk\u00e1\u0159\u016f<\/b><\/span><\/td>\n<td style=\"width: 151px;\"><span style=\"font-size: 8pt;\">\u00a0<\/span><\/td>\n<\/tr>\n<tr>\n<td style=\"width: 243px;\"><span style=\"font-size: 8pt;\">MS 2009 Voz\u00ed\u010dk\u00e1\u0159i (Vancouver, Kanada)<\/span><\/td>\n<td style=\"width: 151px;\"><span style=\"font-size: 8pt;\"><a href=\"http:\/\/wheelchaircurling.com\/worlds2009.htm\" target=\"_blank\" rel=\"noopener\">wheelchaircurling.com<\/a><\/span><\/td>\n<\/tr>\n<tr>\n<td style=\"width: 243px;\"><span style=\"font-size: 8pt;\">\u00a0<\/span><\/td>\n<td style=\"width: 151px;\"><span style=\"font-size: 8pt;\">\u00a0<\/span><\/td>\n<\/tr>\n<tr>\n<td style=\"width: 243px;\"><span style=\"font-size: 8pt;\"><b>Mistrovstv\u00ed Evropy<\/b><\/span><\/td>\n<td style=\"width: 151px;\"><span style=\"font-size: 8pt;\">\u00a0<\/span><\/td>\n<\/tr>\n<tr>\n<td style=\"width: 243px;\"><span style=\"font-size: 8pt;\">ME 2010 (\u0160v\u00fdcarsko, Champ\u00e9ry) 3.-11.11.2010<\/span><\/td>\n<td style=\"width: 151px;\"><span style=\"font-size: 8pt;\"><a href=\"http:\/\/www.ecc2010.ch\/\" target=\"_blank\" rel=\"noopener\">ecc2010.ch<\/a><\/span><\/td>\n<\/tr>\n<tr>\n<td style=\"width: 243px;\"><span style=\"font-size: 8pt;\">ME 2009 Mu\u017ei a \u017eeny (Skotsko, Aberdeen)<\/span><\/td>\n<td style=\"width: 151px;\"><span style=\"font-size: 8pt;\"><a href=\"http:\/\/www.ecc2009.co.uk\/\" target=\"_blank\" rel=\"noopener\">ecc2009.co.uk<\/a><\/span><\/td>\n<\/tr>\n<tr>\n<td style=\"width: 243px;\"><span style=\"font-size: 8pt;\">\u00a0<\/span><\/td>\n<td style=\"width: 151px;\"><span style=\"font-size: 8pt;\">\u00a0<\/span><\/td>\n<\/tr>\n<tr>\n<td style=\"width: 243px;\"><span style=\"font-size: 8pt;\"><b>Mezin\u00e1rodn\u00ed turnaje v Praze<\/b><\/span><\/td>\n<td style=\"width: 151px;\"><span style=\"font-size: 8pt;\">\u00a0<\/span><\/td>\n<\/tr>\n<tr>\n<td style=\"width: 243px;\"><span style=\"font-size: 8pt;\">EJCC 2010 (Kvalifikace na MS junior\u016f)<\/span><\/td>\n<td style=\"width: 151px;\"><span style=\"font-size: 8pt;\"><a href=\"http:\/\/ejcc2010.curling.cz\/\" target=\"_blank\" rel=\"noopener\">curling.cz<\/a><\/span><\/td>\n<\/tr>\n<tr>\n<td style=\"width: 243px;\"><span style=\"font-size: 8pt;\">ME 2009 Mixy<\/span><\/td>\n<td style=\"width: 151px;\"><span style=\"font-size: 8pt;\"><a href=\"http:\/\/emcc2009.curling.cz\/\" target=\"_blank\" rel=\"noopener\">curling.cz<\/a><\/span><\/td>\n<\/tr>\n<tr>\n<td style=\"width: 243px;\"><span style=\"font-size: 8pt;\">EJCC 2008 (Kvalifikace na MS junior\u016f)<\/span><\/td>\n<td style=\"width: 151px;\"><span style=\"font-size: 8pt;\"><a href=\"http:\/\/www.curlingpromo.cz\/ejcc2008\/\" target=\"_blank\" rel=\"noopener\">curlingpromo.cz<\/a><\/span><\/td>\n<\/tr>\n<tr>\n<td style=\"width: 243px;\"><span style=\"font-size: 8pt;\">EJCC 2006 (Kvalifikace na MS junior\u016f)<\/span><\/td>\n<td style=\"width: 151px;\"><span style=\"font-size: 8pt;\"><a href=\"http:\/\/www.curling.cz\/ejcc\/\">curling.cz<\/a><\/span><\/td>\n<\/tr>\n<tr>\n<td style=\"width: 243px;\"><span style=\"font-size: 8pt;\">\u00a0<\/span><\/td>\n<td style=\"width: 151px;\"><span style=\"font-size: 8pt;\">\u00a0<\/span><\/td>\n<\/tr>\n<tr>\n<td style=\"width: 243px;\"><span style=\"font-size: 8pt;\"><b>Ostatn\u00ed akce:<\/b><\/span><\/td>\n<td style=\"width: 151px;\"><span style=\"font-size: 8pt;\">\u00a0<\/span><\/td>\n<\/tr>\n<tr>\n<td style=\"width: 243px;\"><span style=\"font-size: 8pt;\">WCF Prague Adult camp 28.5.-1.6.2010<\/span><\/td>\n<td style=\"width: 151px;\"><span style=\"font-size: 8pt;\"><a href=\"http:\/\/www.curling.cz\/adult_camp.php\">curling.cz<\/a><\/span><\/td>\n<\/tr>\n<tr>\n<td style=\"width: 243px;\"><span style=\"font-size: 8pt;\">Paralympijsk\u00e9 hry 2010 (Vancouver) 12.-21.3.2010<\/span><\/td>\n<td style=\"width: 151px;\"><span style=\"font-size: 8pt;\"><a href=\"http:\/\/www.vancouver2010.com\/paralympic-games\/\" target=\"_blank\" rel=\"noopener\">vancouver2010.com<\/a><\/span><\/td>\n<\/tr>\n<tr>\n<td style=\"width: 243px;\"><span style=\"font-size: 8pt;\">ZOH 2010 (Kanada, Vancouver)<\/span><\/td>\n<td style=\"width: 151px;\"><span style=\"font-size: 8pt;\"><a href=\"http:\/\/www.vancouver2010.com\/\" target=\"_blank\" rel=\"noopener\">vancouver2010.com<\/a><\/span><\/td>\n<\/tr>\n<tr>\n<td style=\"width: 243px;\"><span style=\"font-size: 8pt;\">Zimn\u00ed Univerzi\u00e1da 2009 (\u010c\u00edna, Harbin)<\/span><\/td>\n<td style=\"width: 151px;\"><span style=\"font-size: 8pt;\"><a href=\"http:\/\/www.harbin2009.org\/en\/index.shtml\" target=\"_blank\" rel=\"noopener\">harbin2009.org<\/a><\/span><\/td>\n<\/tr>\n<tr>\n<td style=\"width: 243px;\"><span style=\"font-size: 8pt;\">\u00a0<\/span><\/td>\n<td style=\"width: 151px;\"><span style=\"font-size: 8pt;\">\u00a0<\/span><\/td>\n<\/tr>\n<tr>\n<td style=\"width: 394px;\" colspan=\"2\"><span style=\"font-size: 8pt;\"><b>Associations:<\/b><\/span><\/td>\n<\/tr>\n<tr>\n<td style=\"width: 243px;\"><span style=\"font-size: 8pt;\">World Curling Federation <\/span><\/td>\n<td style=\"width: 151px;\"><span style=\"font-size: 8pt;\"><a href=\"http:\/\/www.worldcurling.org\/\" target=\"_blank\" rel=\"noopener\">worldcurling.org<\/a><\/span><\/td>\n<\/tr>\n<tr>\n<td style=\"width: 243px;\"><span style=\"font-size: 8pt;\">European Curling Federation<\/span><\/td>\n<td style=\"width: 151px;\"><span style=\"font-size: 8pt;\"><a href=\"http:\/\/www.ecf-web.org\/\" target=\"_blank\" rel=\"noopener\">ecf-web.org<\/a><\/span><\/td>\n<\/tr>\n<tr>\n<td style=\"width: 243px;\"><span style=\"font-size: 8pt;\">Andorran Curling Federation<\/span><\/td>\n<td style=\"width: 151px;\"><span style=\"font-size: 8pt;\">andrana@verifid.com<\/span><\/td>\n<\/tr>\n<tr>\n<td style=\"width: 243px;\"><span style=\"font-size: 8pt;\">English Curling Federation<\/span><\/td>\n<td style=\"width: 151px;\"><span style=\"font-size: 8pt;\"><a href=\"http:\/\/www.englishcurling.org.uk\/\" target=\"_blank\" rel=\"noopener\">englishcurling.org.uk<\/a><\/span><\/td>\n<\/tr>\n<tr>\n<td style=\"width: 243px;\"><span style=\"font-size: 8pt;\">Australian Curling Federation<\/span><\/td>\n<td style=\"width: 151px;\"><span style=\"font-size: 8pt;\"><a href=\"http:\/\/www.curling.org.au\/default.aspx\" target=\"_blank\" rel=\"noopener\">curling.org.au<\/a><\/span><\/td>\n<\/tr>\n<tr>\n<td style=\"width: 243px;\"><span style=\"font-size: 8pt;\">Belgian Curling Federation<\/span><\/td>\n<td style=\"width: 151px;\"><span style=\"font-size: 8pt;\"><a href=\"http:\/\/www.curlingbelgium.tk\/\" target=\"_blank\" rel=\"noopener\">curlingbelgium.tk<\/a><\/span><\/td>\n<\/tr>\n<tr>\n<td style=\"width: 243px;\"><span style=\"font-size: 8pt;\">Belarus Curling Federation<\/span><\/td>\n<td style=\"width: 151px;\"><span style=\"font-size: 8pt;\">curling@mail.by<\/span><\/td>\n<\/tr>\n<tr>\n<td style=\"width: 243px;\"><span style=\"font-size: 8pt;\">Brazilian Curling Federation<\/span><\/td>\n<td style=\"width: 151px;\"><span style=\"font-size: 8pt;\"><a href=\"http:\/\/www.cbdg.org.br\/\" target=\"_blank\" rel=\"noopener\">cbdg.org.br<\/a><\/span><\/td>\n<\/tr>\n<tr>\n<td style=\"width: 243px;\"><span style=\"font-size: 8pt;\">Bulgarian Curling Federation<\/span><\/td>\n<td style=\"width: 151px;\"><span style=\"font-size: 8pt;\">lubocurl@mail.bg<\/span><\/td>\n<\/tr>\n<tr>\n<td style=\"width: 243px;\"><span style=\"font-size: 8pt;\">Chinese Curling Federation<\/span><\/td>\n<td style=\"width: 151px;\"><span style=\"font-size: 8pt;\">davidldy@yahoo.com, chinacurling@yahoo.com.cn<\/span><\/td>\n<\/tr>\n<tr>\n<td style=\"width: 243px;\"><span style=\"font-size: 8pt;\">Danish Curling Federation<\/span><\/td>\n<td style=\"width: 151px;\"><span style=\"font-size: 8pt;\"><a href=\"http:\/\/www.curling.dk\/\" target=\"_blank\" rel=\"noopener\">curling.dk<\/a><\/span><\/td>\n<\/tr>\n<tr>\n<td style=\"width: 243px;\"><span style=\"font-size: 8pt;\">Estonian Curling Federation<\/span><\/td>\n<td style=\"width: 151px;\"><span style=\"font-size: 8pt;\"><a href=\"http:\/\/www.curling.ee\/\" target=\"_blank\" rel=\"noopener\">curling.ee<\/a><\/span><\/td>\n<\/tr>\n<tr>\n<td style=\"width: 243px;\"><span style=\"font-size: 8pt;\">Finnish Curling Federation<\/span><\/td>\n<td style=\"width: 151px;\"><span style=\"font-size: 8pt;\"><a href=\"http:\/\/www.curling.fi\/en\/home\" target=\"_blank\" rel=\"noopener\">curling.fi<\/a><\/span><\/td>\n<\/tr>\n<tr>\n<td style=\"width: 243px;\"><span style=\"font-size: 8pt;\">French Curling Federation<\/span><\/td>\n<td style=\"width: 151px;\"><span style=\"font-size: 8pt;\"><a href=\"http:\/\/www.france-curling.com\/\" target=\"_blank\" rel=\"noopener\">france-curling.com<\/a><\/span><\/td>\n<\/tr>\n<tr>\n<td style=\"width: 243px;\"><span style=\"font-size: 8pt;\">Croatian Curling Federation<\/span><\/td>\n<td style=\"width: 151px;\"><span style=\"font-size: 8pt;\">croatia_curling@yahoo.com, drazen.cutic@curling.hr<\/span><\/td>\n<\/tr>\n<tr>\n<td style=\"width: 243px;\"><span style=\"font-size: 8pt;\">Irish Curling Federation<\/span><\/td>\n<td style=\"width: 151px;\"><span style=\"font-size: 8pt;\"><a href=\"http:\/\/www.irish-curling.org\/\" target=\"_blank\" rel=\"noopener\">irish-curling.org<\/a><\/span><\/td>\n<\/tr>\n<tr>\n<td style=\"width: 243px;\"><span style=\"font-size: 8pt;\">Icelandic Curling Federation<\/span><\/td>\n<td style=\"width: 151px;\"><span style=\"font-size: 8pt;\">gisli@arkitektur.is<\/span><\/td>\n<\/tr>\n<tr>\n<td style=\"width: 243px;\"><span style=\"font-size: 8pt;\">Italian Curling Federation<\/span><\/td>\n<td style=\"width: 151px;\"><span style=\"font-size: 8pt;\"><a href=\"http:\/\/www.fisg.it\/Curling\/Default.asp\" target=\"_blank\" rel=\"noopener\">fisg.it<\/a><\/span><\/td>\n<\/tr>\n<tr>\n<td style=\"width: 243px;\"><span style=\"font-size: 8pt;\">Japanese Curling Federation<\/span><\/td>\n<td style=\"width: 151px;\"><span style=\"font-size: 8pt;\"><a href=\"http:\/\/www.curling.or.jp\/\" target=\"_blank\" rel=\"noopener\">curling.or.jp<\/a><\/span><\/td>\n<\/tr>\n<tr>\n<td style=\"width: 243px;\"><span style=\"font-size: 8pt;\">Canadian Curling Federation<\/span><\/td>\n<td style=\"width: 151px;\"><span style=\"font-size: 8pt;\"><a href=\"http:\/\/www.curling.ca\/\" target=\"_blank\" rel=\"noopener\">curling.ca<\/a><\/span><\/td>\n<\/tr>\n<tr>\n<td style=\"width: 243px;\"><span style=\"font-size: 8pt;\">Kazakh Curling Federation<\/span><\/td>\n<td style=\"width: 151px;\"><span style=\"font-size: 8pt;\">noc.kaz.marketing@nursat.kz<\/span><\/td>\n<\/tr>\n<tr>\n<td style=\"width: 243px;\"><span style=\"font-size: 8pt;\">Korean Curling Federation<\/span><\/td>\n<td style=\"width: 151px;\"><span style=\"font-size: 8pt;\"><a href=\"http:\/\/curling.sports.or.kr\/curling\/index.jsp\" target=\"_blank\" rel=\"noopener\">curling.sports.or.kr<\/a><\/span><\/td>\n<\/tr>\n<tr>\n<td style=\"width: 243px;\"><span style=\"font-size: 8pt;\">Liechtenstein Curling Federation<\/span><\/td>\n<td style=\"width: 151px;\"><span style=\"font-size: 8pt;\">bader@bapa.ch<\/span><\/td>\n<\/tr>\n<tr>\n<td style=\"width: 243px;\"><span style=\"font-size: 8pt;\">Lithuanian Curling Federation<\/span><\/td>\n<td style=\"width: 151px;\"><span style=\"font-size: 8pt;\"><a href=\"http:\/\/www.curling.lt\/\" target=\"_blank\" rel=\"noopener\">curling.lt<\/a><\/span><\/td>\n<\/tr>\n<tr>\n<td style=\"width: 243px;\"><span style=\"font-size: 8pt;\">Latvian Curling Federation<\/span><\/td>\n<td style=\"width: 151px;\"><span style=\"font-size: 8pt;\"><a href=\"http:\/\/www.curling.lv\/\" target=\"_blank\" rel=\"noopener\">curling.lv<\/a><\/span><\/td>\n<\/tr>\n<tr>\n<td style=\"width: 243px;\"><span style=\"font-size: 8pt;\">Luxembourg Curling Federation<\/span><\/td>\n<td style=\"width: 151px;\"><span style=\"font-size: 8pt;\"><a href=\"http:\/\/www.curling.lu\/\" target=\"_blank\" rel=\"noopener\">curling.lu<\/a><\/span><\/td>\n<\/tr>\n<tr>\n<td style=\"width: 243px;\"><span style=\"font-size: 8pt;\">Hungarian Curling Federation<\/span><\/td>\n<td style=\"width: 151px;\"><span style=\"font-size: 8pt;\"><a href=\"http:\/\/www.curling.sport.hu\/\" target=\"_blank\" rel=\"noopener\">curling.sport.hu<\/a><\/span><\/td>\n<\/tr>\n<tr>\n<td style=\"width: 243px;\"><span style=\"font-size: 8pt;\">German Curling Federation<\/span><\/td>\n<td style=\"width: 151px;\"><span style=\"font-size: 8pt;\"><a href=\"http:\/\/www.curling-dcv.de\/\" target=\"_blank\" rel=\"noopener\">curling-dcv.de<\/a><\/span><\/td>\n<\/tr>\n<tr>\n<td style=\"width: 243px;\"><span style=\"font-size: 8pt;\">Dutch Curling Federation<\/span><\/td>\n<td style=\"width: 151px;\"><span style=\"font-size: 8pt;\"><a href=\"http:\/\/www.curling.nl\/\" target=\"_blank\" rel=\"noopener\">curling.nl<\/a><\/span><\/td>\n<\/tr>\n<tr>\n<td style=\"width: 243px;\"><span style=\"font-size: 8pt;\">Norwegian Curling Federation<\/span><\/td>\n<td style=\"width: 151px;\"><a href=\"http:\/\/curling.no\" target=\"_blank\" rel=\"noopener\"><span style=\"font-size: 8pt;\">curling.no<\/span><\/a><\/td>\n<\/tr>\n<tr>\n<td style=\"width: 243px;\"><span style=\"font-size: 8pt;\">New Zealand Curling Federation<\/span><\/td>\n<td style=\"width: 151px;\"><span style=\"font-size: 8pt;\"><a href=\"http:\/\/www.curling.org.nz\/\" target=\"_blank\" rel=\"noopener\">curling.org.nz<\/a><\/span><\/td>\n<\/tr>\n<tr>\n<td style=\"width: 243px;\"><span style=\"font-size: 8pt;\">Polish Curling Federation<\/span><\/td>\n<td style=\"width: 151px;\"><span style=\"font-size: 8pt;\"><a href=\"http:\/\/www.curling.pl\/\" target=\"_blank\" rel=\"noopener\">curling.pl<\/a><\/span><\/td>\n<\/tr>\n<tr>\n<td style=\"width: 243px;\"><span style=\"font-size: 8pt;\">Austrian Curling Federation<\/span><\/td>\n<td style=\"width: 151px;\"><span style=\"font-size: 8pt;\"><a href=\"http:\/\/www.curling-austria.at\/\" target=\"_blank\" rel=\"noopener\">curling-austria.at<\/a><\/span><\/td>\n<\/tr>\n<tr>\n<td style=\"width: 243px;\"><span style=\"font-size: 8pt;\">Russian Curling Federation<\/span><\/td>\n<td style=\"width: 151px;\"><span style=\"font-size: 8pt;\"><a href=\"http:\/\/www.curlingrussia.ru\/\" target=\"_blank\" rel=\"noopener\">curlingrussia.ru<\/a><\/span><\/td>\n<\/tr>\n<tr>\n<td style=\"width: 243px;\"><span style=\"font-size: 8pt;\">Greek Curling Federation<\/span><\/td>\n<td style=\"width: 151px;\"><span style=\"font-size: 8pt;\"><a href=\"http:\/\/www.curling.gr\/\" target=\"_blank\" rel=\"noopener\">curling.g<\/a><\/span><\/td>\n<\/tr>\n<tr>\n<td style=\"width: 243px;\"><span style=\"font-size: 8pt;\">Scottish Curling Federation<\/span><\/td>\n<td style=\"width: 151px;\"><span style=\"font-size: 8pt;\"><a href=\"http:\/\/www.royalcaledoniancurlingclub.org\/\" target=\"_blank\" rel=\"noopener\">royalcaledoniancurlingclub.org<\/a><\/span><\/td>\n<\/tr>\n<tr>\n<td style=\"width: 243px;\"><span style=\"font-size: 8pt;\">Slovak Curling Federation<\/span><\/td>\n<td style=\"width: 151px;\"><span style=\"font-size: 8pt;\"><a href=\"http:\/\/www.curling.sk\/\" target=\"_blank\" rel=\"noopener\">curling.s<\/a><\/span><\/td>\n<\/tr>\n<tr>\n<td style=\"width: 243px;\"><span style=\"font-size: 8pt;\">Spanish Curling Federation<\/span><\/td>\n<td style=\"width: 151px;\"><span style=\"font-size: 8pt;\"><a href=\"http:\/\/www.fedhielo.com\/\" target=\"_blank\" rel=\"noopener\">fedhielo.com<\/a><\/span><\/td>\n<\/tr>\n<tr>\n<td style=\"width: 243px;\"><span style=\"font-size: 8pt;\">Serbian Curling Federation<\/span><\/td>\n<td style=\"width: 151px;\"><span style=\"font-size: 8pt;\">kaledance@gmail.com, office@curling.org.yu<\/span><\/td>\n<\/tr>\n<tr>\n<td style=\"width: 243px;\"><span style=\"font-size: 8pt;\">Swedish Curling Federation<\/span><\/td>\n<td style=\"width: 151px;\"><span style=\"font-size: 8pt;\"><a href=\"http:\/\/www.curling.se\/\" target=\"_blank\" rel=\"noopener\">curling.se<\/a><\/span><\/td>\n<\/tr>\n<tr>\n<td style=\"width: 243px;\"><span style=\"font-size: 8pt;\">Swiss Curling Federation<\/span><\/td>\n<td style=\"width: 151px;\"><span style=\"font-size: 8pt;\"><a href=\"http:\/\/www.curling.ch\/home\/page.aspx?page_id=2454\" target=\"_blank\" rel=\"noopener\">curling.ch<\/a><\/span><\/td>\n<\/tr>\n<tr>\n<td style=\"width: 243px;\"><span style=\"font-size: 8pt;\">Taiwanese Curling Federation<\/span><\/td>\n<td style=\"width: 151px;\"><span style=\"font-size: 8pt;\"><a href=\"http:\/\/www.curling.com.tw\/\" target=\"_blank\" rel=\"noopener\">curling.com.tw<\/a><\/span><\/td>\n<\/tr>\n<tr>\n<td style=\"width: 243px;\"><span style=\"font-size: 8pt;\">Turkish Curling Federation<\/span><\/td>\n<td style=\"width: 151px;\"><span style=\"font-size: 8pt;\"><a href=\"http:\/\/www.buzpateni.org.tr\/\" target=\"_blank\" rel=\"noopener\">buzpateni.org.tr<\/a><\/span><\/td>\n<\/tr>\n<tr>\n<td style=\"width: 243px;\"><span style=\"font-size: 8pt;\">Welsh Curling Federation<\/span><\/td>\n<td style=\"width: 151px;\"><span style=\"font-size: 8pt;\"><a href=\"http:\/\/www.welshcurling.org.uk\/\" target=\"_blank\" rel=\"noopener\">welshcurling.org.uk<\/a><\/span><\/td>\n<\/tr>\n<tr>\n<td style=\"width: 243px;\"><span style=\"font-size: 8pt;\">American Curling Federation<\/span><\/td>\n<td style=\"width: 151px;\"><span style=\"font-size: 8pt;\"><a href=\"http:\/\/www.curlingrocks.net\/\" target=\"_blank\" rel=\"noopener\">curlingrocks.net<\/a><\/span><\/td>\n<\/tr>\n<\/tbody>\n<\/table>\n<p>&nbsp;<\/p>\n","protected":false},"excerpt":{"rendered":"<p>Institutions: Czech Olympic Committee olympic.cz Czech Sport Union cuscz.cz \u010cSTV College vos-cstv.cz Czech Union of Disabled Athletes handicapsports.cz Czech Paralympic Committee paralympic.cz Czech Anti-doping Committee antidoping.cz Ministry of Education, Youth and Physical Training msmt.cz World Anti-doping Agency wada-ama.org \u00a0 \u00a0 Mistrovstv\u00ed sv\u011bta mu\u017e\u016f \u00a0 MS 2010 Mu\u017ei (It\u00e1lie, Cortina d\u00b4Ampezzo) 3.-11.4.2010 wmcc2010.it MS 2009 Mu\u017ei [&hellip;]<\/p>\n","protected":false},"author":1,"featured_media":0,"parent":0,"menu_order":0,"comment_status":"closed","ping_status":"closed","template":"","meta":{"_acf_changed":false,"footnotes":""},"class_list":["post-1832","page","type-page","status-publish","hentry"],"acf":[],"_links":{"self":[{"href":"https:\/\/www.curling.cz\/en\/wp-json\/wp\/v2\/pages\/1832","targetHints":{"allow":["GET"]}}],"collection":[{"href":"https:\/\/www.curling.cz\/en\/wp-json\/wp\/v2\/pages"}],"about":[{"href":"https:\/\/www.curling.cz\/en\/wp-json\/wp\/v2\/types\/page"}],"author":[{"embeddable":true,"href":"https:\/\/www.curling.cz\/en\/wp-json\/wp\/v2\/users\/1"}],"replies":[{"embeddable":true,"href":"https:\/\/www.curling.cz\/en\/wp-json\/wp\/v2\/comments?post=1832"}],"version-history":[{"count":1,"href":"https:\/\/www.curling.cz\/en\/wp-json\/wp\/v2\/pages\/1832\/revisions"}],"predecessor-version":[{"id":30935,"href":"https:\/\/www.curling.cz\/en\/wp-json\/wp\/v2\/pages\/1832\/revisions\/30935"}],"wp:attachment":[{"href":"https:\/\/www.curling.cz\/en\/wp-json\/wp\/v2\/media?parent=1832"}],"curies":[{"name":"wp","href":"https:\/\/api.w.org\/{rel}","templated":true}]}}